{"id":18927,"date":"2023-11-08T20:27:37","date_gmt":"2023-11-08T19:27:37","guid":{"rendered":"https:\/\/baralivres.ma\/?post_type=product&#038;p=18927"},"modified":"2024-11-22T12:01:49","modified_gmt":"2024-11-22T11:01:49","slug":"cupcake-girls-tome-08-panique-en-cuisine","status":"publish","type":"product","link":"https:\/\/baralivres.ma\/?product=cupcake-girls-tome-08-panique-en-cuisine","title":{"rendered":"Cupcake Girls &#8211; tome 08 : Panique en cuisine"},"content":{"rendered":"<p>Un g\u00e9n\u00e9reux m\u00e9lange d&rsquo;amiti\u00e9, une touche d&rsquo;humour, un soup\u00e7on de d\u00e9fis, et une multitude de d\u00e9licieux cupcakes font de Cupcake Girls une s\u00e9rie irr\u00e9sistible ! Dans le Cupcake Club, Alex est constamment accapar\u00e9e. La d\u00e9tente et le plaisir semblent bien lointains pour elle. Heureusement, elle \u00e9labore un plan avec sa s\u0153ur Dylan pour retrouver la cool attitude et, qui sait, peut-\u00eatre captiver le s\u00e9duisant Matt !<\/p>\n","protected":false},"excerpt":{"rendered":"<p>Amiti\u00e9, humour, d\u00e9fis et cupcakes au Cupcake Club, o\u00f9 Alex et sa s\u0153ur Dylan visent la coolitude pour Matt.<\/p>\n","protected":false},"featured_media":18928,"comment_status":"open","ping_status":"closed","template":"","meta":{"inline_featured_image":false},"product_cat":[203,204],"product_tag":[],"class_list":{"0":"post-18927","1":"product","2":"type-product","3":"status-publish","4":"has-post-thumbnail","6":"product_cat-adolescente","7":"product_cat-francais","8":"pa_auteurs-coco-simon","10":"first","11":"instock","12":"shipping-taxable","13":"purchasable","14":"product-type-simple"},"_links":{"self":[{"href":"https:\/\/baralivres.ma\/index.php?rest_route=\/wp\/v2\/product\/18927","targetHints":{"allow":["GET"]}}],"collection":[{"href":"https:\/\/baralivres.ma\/index.php?rest_route=\/wp\/v2\/product"}],"about":[{"href":"https:\/\/baralivres.ma\/index.php?rest_route=\/wp\/v2\/types\/product"}],"replies":[{"embeddable":true,"href":"https:\/\/baralivres.ma\/index.php?rest_route=%2Fwp%2Fv2%2Fcomments&post=18927"}],"version-history":[{"count":1,"href":"https:\/\/baralivres.ma\/index.php?rest_route=\/wp\/v2\/product\/18927\/revisions"}],"predecessor-version":[{"id":18929,"href":"https:\/\/baralivres.ma\/index.php?rest_route=\/wp\/v2\/product\/18927\/revisions\/18929"}],"wp:featuredmedia":[{"embeddable":true,"href":"https:\/\/baralivres.ma\/index.php?rest_route=\/wp\/v2\/media\/18928"}],"wp:attachment":[{"href":"https:\/\/baralivres.ma\/index.php?rest_route=%2Fwp%2Fv2%2Fmedia&parent=18927"}],"wp:term":[{"taxonomy":"product_cat","embeddable":true,"href":"https:\/\/baralivres.ma\/index.php?rest_route=%2Fwp%2Fv2%2Fproduct_cat&post=18927"},{"taxonomy":"product_tag","embeddable":true,"href":"https:\/\/baralivres.ma\/index.php?rest_route=%2Fwp%2Fv2%2Fproduct_tag&post=18927"}],"curies":[{"name":"wp","href":"https:\/\/api.w.org\/{rel}","templated":true}]}}