{"id":18924,"date":"2023-11-08T20:24:09","date_gmt":"2023-11-08T19:24:09","guid":{"rendered":"https:\/\/baralivres.ma\/?post_type=product&#038;p=18924"},"modified":"2024-11-27T15:38:31","modified_gmt":"2024-11-27T14:38:31","slug":"cupcake-girls-tome-07-meli-melo","status":"publish","type":"product","link":"https:\/\/baralivres.ma\/?product=cupcake-girls-tome-07-meli-melo","title":{"rendered":"Cupcake Girls &#8211; tome 07 : M\u00e9li-m\u00e9lo"},"content":{"rendered":"<p>Une g\u00e9n\u00e9reuse portion d&rsquo;amiti\u00e9, deux doses d&rsquo;humour, une touche de tracas, et une multitude de d\u00e9licieux g\u00e2teaux pour les Cupcake Girls, une s\u00e9rie irr\u00e9sistible !<\/p>\n<p>Jake, le petit fr\u00e8re d&rsquo;Emma, est un vrai chouchou. Cependant, elle souhaite passer moins de temps \u00e0 s&rsquo;occuper de lui. Heureusement, les vacances approchent ! Emma est sur le point de profiter pleinement de la compagnie de ses amies du Cupcake Club. Sauf que ses parents les inscrivent, elle, Jake, et eux-m\u00eames, au m\u00eame centre de loisirs&#8230; Au secours, Emma est sur le point de perdre pied !<\/p>\n","protected":false},"excerpt":{"rendered":"<p>Amiti\u00e9, humour, tracas et d\u00e9lices dans la vie d&rsquo;Emma et Jake au Cupcake Club pendant les vacances.<\/p>\n","protected":false},"featured_media":18925,"comment_status":"open","ping_status":"closed","template":"","meta":{"inline_featured_image":false},"product_cat":[203,204],"product_tag":[],"class_list":{"0":"post-18924","1":"product","2":"type-product","3":"status-publish","4":"has-post-thumbnail","6":"product_cat-adolescente","7":"product_cat-francais","8":"pa_auteurs-coco-simon","10":"first","11":"instock","12":"shipping-taxable","13":"purchasable","14":"product-type-simple"},"_links":{"self":[{"href":"https:\/\/baralivres.ma\/index.php?rest_route=\/wp\/v2\/product\/18924","targetHints":{"allow":["GET"]}}],"collection":[{"href":"https:\/\/baralivres.ma\/index.php?rest_route=\/wp\/v2\/product"}],"about":[{"href":"https:\/\/baralivres.ma\/index.php?rest_route=\/wp\/v2\/types\/product"}],"replies":[{"embeddable":true,"href":"https:\/\/baralivres.ma\/index.php?rest_route=%2Fwp%2Fv2%2Fcomments&post=18924"}],"version-history":[{"count":1,"href":"https:\/\/baralivres.ma\/index.php?rest_route=\/wp\/v2\/product\/18924\/revisions"}],"predecessor-version":[{"id":18926,"href":"https:\/\/baralivres.ma\/index.php?rest_route=\/wp\/v2\/product\/18924\/revisions\/18926"}],"wp:featuredmedia":[{"embeddable":true,"href":"https:\/\/baralivres.ma\/index.php?rest_route=\/wp\/v2\/media\/18925"}],"wp:attachment":[{"href":"https:\/\/baralivres.ma\/index.php?rest_route=%2Fwp%2Fv2%2Fmedia&parent=18924"}],"wp:term":[{"taxonomy":"product_cat","embeddable":true,"href":"https:\/\/baralivres.ma\/index.php?rest_route=%2Fwp%2Fv2%2Fproduct_cat&post=18924"},{"taxonomy":"product_tag","embeddable":true,"href":"https:\/\/baralivres.ma\/index.php?rest_route=%2Fwp%2Fv2%2Fproduct_tag&post=18924"}],"curies":[{"name":"wp","href":"https:\/\/api.w.org\/{rel}","templated":true}]}}