{"id":18921,"date":"2023-11-08T20:18:51","date_gmt":"2023-11-08T19:18:51","guid":{"rendered":"https:\/\/baralivres.ma\/?post_type=product&#038;p=18921"},"modified":"2024-11-22T12:02:42","modified_gmt":"2024-11-22T11:02:42","slug":"cupcake-girls-tome-06-treize-a-la-douzaine","status":"publish","type":"product","link":"https:\/\/baralivres.ma\/?product=cupcake-girls-tome-06-treize-a-la-douzaine","title":{"rendered":"Cupcake Girls &#8211; tome 06 : Treize \u00e0 la douzaine"},"content":{"rendered":"<p>Une g\u00e9n\u00e9reuse portion d&rsquo;amiti\u00e9, une touche d&rsquo;humour, une trace de d\u00e9fis, et une profusion de d\u00e9licieux g\u00e2teaux forment l&rsquo;ingr\u00e9dient magique de la s\u00e9rie Cupcake Girls. C&rsquo;est \u00e0 d\u00e9vorer ! Mia est une v\u00e9ritable passionn\u00e9e de sa vie : le Cupcake Club, sa famille, l&rsquo;\u00e9cole&#8230; Cependant, le spectre des mauvaises notes en espagnol la hante, et elle redoute de d\u00e9cevoir ses parents en en parlant. Mia devra tout de m\u00eame rassembler son courage. Heureusement, un soutien inattendu lui tendra la main&#8230;<\/p>\n","protected":false},"excerpt":{"rendered":"<p>Amiti\u00e9, humour, d\u00e9fis, g\u00e2teaux d\u00e9licieux, Mia doit surmonter sa peur des mauvaises notes en espagnol.<\/p>\n","protected":false},"featured_media":18922,"comment_status":"open","ping_status":"closed","template":"","meta":{"inline_featured_image":false},"product_cat":[203,204],"product_tag":[],"class_list":{"0":"post-18921","1":"product","2":"type-product","3":"status-publish","4":"has-post-thumbnail","6":"product_cat-adolescente","7":"product_cat-francais","8":"pa_auteurs-coco-simon","10":"first","11":"instock","12":"shipping-taxable","13":"purchasable","14":"product-type-simple"},"_links":{"self":[{"href":"https:\/\/baralivres.ma\/index.php?rest_route=\/wp\/v2\/product\/18921","targetHints":{"allow":["GET"]}}],"collection":[{"href":"https:\/\/baralivres.ma\/index.php?rest_route=\/wp\/v2\/product"}],"about":[{"href":"https:\/\/baralivres.ma\/index.php?rest_route=\/wp\/v2\/types\/product"}],"replies":[{"embeddable":true,"href":"https:\/\/baralivres.ma\/index.php?rest_route=%2Fwp%2Fv2%2Fcomments&post=18921"}],"version-history":[{"count":1,"href":"https:\/\/baralivres.ma\/index.php?rest_route=\/wp\/v2\/product\/18921\/revisions"}],"predecessor-version":[{"id":18923,"href":"https:\/\/baralivres.ma\/index.php?rest_route=\/wp\/v2\/product\/18921\/revisions\/18923"}],"wp:featuredmedia":[{"embeddable":true,"href":"https:\/\/baralivres.ma\/index.php?rest_route=\/wp\/v2\/media\/18922"}],"wp:attachment":[{"href":"https:\/\/baralivres.ma\/index.php?rest_route=%2Fwp%2Fv2%2Fmedia&parent=18921"}],"wp:term":[{"taxonomy":"product_cat","embeddable":true,"href":"https:\/\/baralivres.ma\/index.php?rest_route=%2Fwp%2Fv2%2Fproduct_cat&post=18921"},{"taxonomy":"product_tag","embeddable":true,"href":"https:\/\/baralivres.ma\/index.php?rest_route=%2Fwp%2Fv2%2Fproduct_tag&post=18921"}],"curies":[{"name":"wp","href":"https:\/\/api.w.org\/{rel}","templated":true}]}}