{"id":18917,"date":"2023-11-08T20:16:34","date_gmt":"2023-11-08T19:16:34","guid":{"rendered":"https:\/\/baralivres.ma\/?post_type=product&#038;p=18917"},"modified":"2024-11-27T15:38:54","modified_gmt":"2024-11-27T14:38:54","slug":"cupcake-girls-tome-05-katie-met-les-bouchees-doubles","status":"publish","type":"product","link":"https:\/\/baralivres.ma\/?product=cupcake-girls-tome-05-katie-met-les-bouchees-doubles","title":{"rendered":"Cupcake Girls &#8211; tome 05 : Katie met les bouch\u00e9es doubles"},"content":{"rendered":"<p>En m\u00e9langeant une g\u00e9n\u00e9reuse portion d&rsquo;amiti\u00e9, un soup\u00e7on d&rsquo;humour, une pinc\u00e9e de d\u00e9fis, une multitude de d\u00e9licieux g\u00e2teaux, vous obtiendrez Cupcake Girls, une s\u00e9rie irr\u00e9sistible ! Katie cherche une nouvelle occupation. Et si elle se joignait \u00e0 l&rsquo;\u00e9quipe de softball en tant que batteuse ? Si elle sait manier la batte en cuisine, sur le terrain, c&rsquo;est une tout autre histoire ! Au point de mettre en p\u00e9ril la victoire de son \u00e9quipe ?&#8230;<\/p>\n","protected":false},"excerpt":{"rendered":"<p>Katie rejoint une \u00e9quipe de softball en tant que batteuse, mais son incomp\u00e9tence met en danger l&rsquo;\u00e9quipe.<\/p>\n","protected":false},"featured_media":18918,"comment_status":"open","ping_status":"closed","template":"","meta":{"inline_featured_image":false},"product_cat":[203,204],"product_tag":[],"class_list":{"0":"post-18917","1":"product","2":"type-product","3":"status-publish","4":"has-post-thumbnail","6":"product_cat-adolescente","7":"product_cat-francais","8":"pa_auteurs-coco-simon","10":"first","11":"instock","12":"shipping-taxable","13":"purchasable","14":"product-type-simple"},"_links":{"self":[{"href":"https:\/\/baralivres.ma\/index.php?rest_route=\/wp\/v2\/product\/18917","targetHints":{"allow":["GET"]}}],"collection":[{"href":"https:\/\/baralivres.ma\/index.php?rest_route=\/wp\/v2\/product"}],"about":[{"href":"https:\/\/baralivres.ma\/index.php?rest_route=\/wp\/v2\/types\/product"}],"replies":[{"embeddable":true,"href":"https:\/\/baralivres.ma\/index.php?rest_route=%2Fwp%2Fv2%2Fcomments&post=18917"}],"version-history":[{"count":1,"href":"https:\/\/baralivres.ma\/index.php?rest_route=\/wp\/v2\/product\/18917\/revisions"}],"predecessor-version":[{"id":18920,"href":"https:\/\/baralivres.ma\/index.php?rest_route=\/wp\/v2\/product\/18917\/revisions\/18920"}],"wp:featuredmedia":[{"embeddable":true,"href":"https:\/\/baralivres.ma\/index.php?rest_route=\/wp\/v2\/media\/18918"}],"wp:attachment":[{"href":"https:\/\/baralivres.ma\/index.php?rest_route=%2Fwp%2Fv2%2Fmedia&parent=18917"}],"wp:term":[{"taxonomy":"product_cat","embeddable":true,"href":"https:\/\/baralivres.ma\/index.php?rest_route=%2Fwp%2Fv2%2Fproduct_cat&post=18917"},{"taxonomy":"product_tag","embeddable":true,"href":"https:\/\/baralivres.ma\/index.php?rest_route=%2Fwp%2Fv2%2Fproduct_tag&post=18917"}],"curies":[{"name":"wp","href":"https:\/\/api.w.org\/{rel}","templated":true}]}}