{"id":18913,"date":"2023-11-08T19:57:35","date_gmt":"2023-11-08T18:57:35","guid":{"rendered":"https:\/\/baralivres.ma\/?post_type=product&#038;p=18913"},"modified":"2024-11-27T15:39:24","modified_gmt":"2024-11-27T14:39:24","slug":"cupcake-girls-tome-04-la-recette-magique","status":"publish","type":"product","link":"https:\/\/baralivres.ma\/?product=cupcake-girls-tome-04-la-recette-magique","title":{"rendered":"Cupcake Girls &#8211; tome 04 : La recette magique"},"content":{"rendered":"<p>Un soup\u00e7on g\u00e9n\u00e9reux d&rsquo;amiti\u00e9, une double portion d&rsquo;humour, une touche subtile de d\u00e9fis, des g\u00e2teaux d\u00e9licieusement vari\u00e9s, et voil\u00e0 Cupcake Girls, une s\u00e9rie irr\u00e9sistible ! Alex, la membre la plus s\u00e9rieuse et organis\u00e9e du Club des Cupcakes, ne laisse rien lui \u00e9chapper. Mais lorsque son regard croise celui de Matt, son monde bascule. Alex se retrouve dans un v\u00e9ritable tourbillon d&rsquo;\u00e9motions ! Serait-ce le signe de l&rsquo;amour naissant ? Peut-\u00eatre qu&rsquo;une recette magique pourrait r\u00e9soudre ce dilemme&#8230;<\/p>\n","protected":false},"excerpt":{"rendered":"<p>Amiti\u00e9, humour, d\u00e9fis, g\u00e2teaux. Alex, s\u00e9rieuse, rencontre Matt, bouleversement, peut-\u00eatre l&rsquo;amour. La recette magique de Cupcake Girls.<\/p>\n","protected":false},"featured_media":18914,"comment_status":"open","ping_status":"closed","template":"","meta":{"inline_featured_image":false},"product_cat":[203,204],"product_tag":[],"class_list":{"0":"post-18913","1":"product","2":"type-product","3":"status-publish","4":"has-post-thumbnail","6":"product_cat-adolescente","7":"product_cat-francais","8":"pa_auteurs-coco-simon","10":"first","11":"instock","12":"shipping-taxable","13":"purchasable","14":"product-type-simple"},"_links":{"self":[{"href":"https:\/\/baralivres.ma\/index.php?rest_route=\/wp\/v2\/product\/18913","targetHints":{"allow":["GET"]}}],"collection":[{"href":"https:\/\/baralivres.ma\/index.php?rest_route=\/wp\/v2\/product"}],"about":[{"href":"https:\/\/baralivres.ma\/index.php?rest_route=\/wp\/v2\/types\/product"}],"replies":[{"embeddable":true,"href":"https:\/\/baralivres.ma\/index.php?rest_route=%2Fwp%2Fv2%2Fcomments&post=18913"}],"version-history":[{"count":1,"href":"https:\/\/baralivres.ma\/index.php?rest_route=\/wp\/v2\/product\/18913\/revisions"}],"predecessor-version":[{"id":18916,"href":"https:\/\/baralivres.ma\/index.php?rest_route=\/wp\/v2\/product\/18913\/revisions\/18916"}],"wp:featuredmedia":[{"embeddable":true,"href":"https:\/\/baralivres.ma\/index.php?rest_route=\/wp\/v2\/media\/18914"}],"wp:attachment":[{"href":"https:\/\/baralivres.ma\/index.php?rest_route=%2Fwp%2Fv2%2Fmedia&parent=18913"}],"wp:term":[{"taxonomy":"product_cat","embeddable":true,"href":"https:\/\/baralivres.ma\/index.php?rest_route=%2Fwp%2Fv2%2Fproduct_cat&post=18913"},{"taxonomy":"product_tag","embeddable":true,"href":"https:\/\/baralivres.ma\/index.php?rest_route=%2Fwp%2Fv2%2Fproduct_tag&post=18913"}],"curies":[{"name":"wp","href":"https:\/\/api.w.org\/{rel}","templated":true}]}}