{"id":18902,"date":"2023-11-08T19:40:32","date_gmt":"2023-11-08T18:40:32","guid":{"rendered":"https:\/\/baralivres.ma\/?post_type=product&#038;p=18902"},"modified":"2024-11-27T15:40:29","modified_gmt":"2024-11-27T14:40:29","slug":"cupcake-girls-tome-01-la-rentree-de-katie","status":"publish","type":"product","link":"https:\/\/baralivres.ma\/?product=cupcake-girls-tome-01-la-rentree-de-katie","title":{"rendered":"Cupcake Girls &#8211; tome 01 : La rentr\u00e9e de Katie"},"content":{"rendered":"<p>Une g\u00e9n\u00e9reuse portion d&rsquo;amiti\u00e9, un soup\u00e7on d&rsquo;humour, une touche de probl\u00e8mes, une abondance de d\u00e9licieux g\u00e2teaux, voil\u00e0 les ingr\u00e9dients qui composent Cupcake Girls, une s\u00e9rie \u00e0 d\u00e9vorer ! Katie fait son entr\u00e9e au coll\u00e8ge, une nouvelle \u00e9cole, de nouveaux camarades. C&rsquo;est source d&rsquo;angoisse, surtout quand sa meilleure amie, Clara, la laisse tomber d\u00e8s le premier jour. Katie trouve du r\u00e9confort en savourant l&rsquo;un des cupcakes exquis pr\u00e9par\u00e9s par sa m\u00e8re&#8230; et c&rsquo;est l\u00e0 qu&rsquo;elle a une id\u00e9e lumineuse. Pour se faire de nouvelles amies, quoi de mieux que la p\u00e2tisserie ? C&rsquo;est ainsi que na\u00eet le Cupcake Club !<\/p>\n","protected":false},"excerpt":{"rendered":"<p>Amiti\u00e9, humour, probl\u00e8mes, g\u00e2teaux d\u00e9licieux : Katie cr\u00e9e le Cupcake Club pour se faire de nouvelles amies.<\/p>\n","protected":false},"featured_media":18903,"comment_status":"open","ping_status":"closed","template":"","meta":{"inline_featured_image":false},"product_cat":[203,204],"product_tag":[],"class_list":{"0":"post-18902","1":"product","2":"type-product","3":"status-publish","4":"has-post-thumbnail","6":"product_cat-adolescente","7":"product_cat-francais","8":"pa_auteurs-coco-simon","10":"first","11":"instock","12":"shipping-taxable","13":"purchasable","14":"product-type-simple"},"_links":{"self":[{"href":"https:\/\/baralivres.ma\/index.php?rest_route=\/wp\/v2\/product\/18902","targetHints":{"allow":["GET"]}}],"collection":[{"href":"https:\/\/baralivres.ma\/index.php?rest_route=\/wp\/v2\/product"}],"about":[{"href":"https:\/\/baralivres.ma\/index.php?rest_route=\/wp\/v2\/types\/product"}],"replies":[{"embeddable":true,"href":"https:\/\/baralivres.ma\/index.php?rest_route=%2Fwp%2Fv2%2Fcomments&post=18902"}],"version-history":[{"count":1,"href":"https:\/\/baralivres.ma\/index.php?rest_route=\/wp\/v2\/product\/18902\/revisions"}],"predecessor-version":[{"id":18904,"href":"https:\/\/baralivres.ma\/index.php?rest_route=\/wp\/v2\/product\/18902\/revisions\/18904"}],"wp:featuredmedia":[{"embeddable":true,"href":"https:\/\/baralivres.ma\/index.php?rest_route=\/wp\/v2\/media\/18903"}],"wp:attachment":[{"href":"https:\/\/baralivres.ma\/index.php?rest_route=%2Fwp%2Fv2%2Fmedia&parent=18902"}],"wp:term":[{"taxonomy":"product_cat","embeddable":true,"href":"https:\/\/baralivres.ma\/index.php?rest_route=%2Fwp%2Fv2%2Fproduct_cat&post=18902"},{"taxonomy":"product_tag","embeddable":true,"href":"https:\/\/baralivres.ma\/index.php?rest_route=%2Fwp%2Fv2%2Fproduct_tag&post=18902"}],"curies":[{"name":"wp","href":"https:\/\/api.w.org\/{rel}","templated":true}]}}