{"id":18894,"date":"2023-11-08T19:29:56","date_gmt":"2023-11-08T18:29:56","guid":{"rendered":"https:\/\/baralivres.ma\/?post_type=product&#038;p=18894"},"modified":"2024-11-27T15:41:09","modified_gmt":"2024-11-27T14:41:09","slug":"contes-berberes-de-kabylie","status":"publish","type":"product","link":"https:\/\/baralivres.ma\/?product=contes-berberes-de-kabylie","title":{"rendered":"Contes berb\u00e8res de Kabylie"},"content":{"rendered":"<p>Des r\u00e9cits de contes de f\u00e9es provenant de lointaines contr\u00e9es, un p\u00e9riple \u00e0 travers la Kabylie par un auteur de renom. Une jeune fille et son fr\u00e8re se retrouvant au milieu de cr\u00e9atures sauvages ; une belle femme aux cheveux d&rsquo;or \u00e9prise d&rsquo;un prince ; le fils d&rsquo;un roi \u00e0 la poursuite de la fianc\u00e9e du soleil. Ces contes berb\u00e8res, qui commencent par l&rsquo;ancienne et myst\u00e9rieuse incantation \u00ab\u00a0Machaho ! Tellem chaho !\u00a0\u00bb, ont \u00e9t\u00e9 transmis oralement \u00e0 travers de nombreuses g\u00e9n\u00e9rations pour finalement parvenir au lecteur contemporain.<\/p>\n","protected":false},"excerpt":{"rendered":"<p>Contes berb\u00e8res antiques, voyages en Kabylie, aventures magiques et amoureuses, transmis oralement, captivent les lecteurs d&rsquo;aujourd&rsquo;hui.<\/p>\n","protected":false},"featured_media":18895,"comment_status":"open","ping_status":"closed","template":"","meta":{"inline_featured_image":false},"product_cat":[203,204],"product_tag":[],"class_list":{"0":"post-18894","1":"product","2":"type-product","3":"status-publish","4":"has-post-thumbnail","6":"product_cat-adolescente","7":"product_cat-francais","8":"pa_auteurs-mouloud-mammeri","10":"first","11":"instock","12":"shipping-taxable","13":"purchasable","14":"product-type-simple"},"_links":{"self":[{"href":"https:\/\/baralivres.ma\/index.php?rest_route=\/wp\/v2\/product\/18894","targetHints":{"allow":["GET"]}}],"collection":[{"href":"https:\/\/baralivres.ma\/index.php?rest_route=\/wp\/v2\/product"}],"about":[{"href":"https:\/\/baralivres.ma\/index.php?rest_route=\/wp\/v2\/types\/product"}],"replies":[{"embeddable":true,"href":"https:\/\/baralivres.ma\/index.php?rest_route=%2Fwp%2Fv2%2Fcomments&post=18894"}],"version-history":[{"count":2,"href":"https:\/\/baralivres.ma\/index.php?rest_route=\/wp\/v2\/product\/18894\/revisions"}],"predecessor-version":[{"id":18897,"href":"https:\/\/baralivres.ma\/index.php?rest_route=\/wp\/v2\/product\/18894\/revisions\/18897"}],"wp:featuredmedia":[{"embeddable":true,"href":"https:\/\/baralivres.ma\/index.php?rest_route=\/wp\/v2\/media\/18895"}],"wp:attachment":[{"href":"https:\/\/baralivres.ma\/index.php?rest_route=%2Fwp%2Fv2%2Fmedia&parent=18894"}],"wp:term":[{"taxonomy":"product_cat","embeddable":true,"href":"https:\/\/baralivres.ma\/index.php?rest_route=%2Fwp%2Fv2%2Fproduct_cat&post=18894"},{"taxonomy":"product_tag","embeddable":true,"href":"https:\/\/baralivres.ma\/index.php?rest_route=%2Fwp%2Fv2%2Fproduct_tag&post=18894"}],"curies":[{"name":"wp","href":"https:\/\/api.w.org\/{rel}","templated":true}]}}