{"id":18891,"date":"2023-11-08T19:27:25","date_gmt":"2023-11-08T18:27:25","guid":{"rendered":"https:\/\/baralivres.ma\/?post_type=product&#038;p=18891"},"modified":"2024-11-27T15:42:54","modified_gmt":"2024-11-27T14:42:54","slug":"le-cercle-des-17-tome-07-lultime-etincelle","status":"publish","type":"product","link":"https:\/\/baralivres.ma\/?product=le-cercle-des-17-tome-07-lultime-etincelle","title":{"rendered":"Le cercle des 17 &#8211; tome 07 : L&rsquo;ultime \u00e9tincelle"},"content":{"rendered":"<p>Le septi\u00e8me et dernier volume captivant de cette s\u00e9rie a obtenu le prestigieux label de best-seller ! L&rsquo;\u00c9lectroclan a \u00e9t\u00e9 frapp\u00e9 par une trag\u00e9die d\u00e9chirante : Michael a fait le sacrifice ultime pour sauver ses amis, laissant l&rsquo;\u00eele d&rsquo;Had\u00e8s en ruines. N\u00e9anmoins, Hatch a surv\u00e9cu et il est plus d\u00e9termin\u00e9 que jamais \u00e0 \u00e9craser la r\u00e9sistance. Alors que la bataille finale se profile, parviendra-t-il \u00e0 l&rsquo;\u00c9lectroclan d&rsquo;arr\u00eater les Elgen ?<\/p>\n","protected":false},"excerpt":{"rendered":"<p>Best-seller : dernier tome, sacrifice de Michael, Had\u00e8s en ruines, Hatch d\u00e9termin\u00e9, \u00c9lectroclan vs Elgen.<\/p>\n","protected":false},"featured_media":18892,"comment_status":"open","ping_status":"closed","template":"","meta":{"inline_featured_image":false},"product_cat":[203,204],"product_tag":[],"class_list":{"0":"post-18891","1":"product","2":"type-product","3":"status-publish","4":"has-post-thumbnail","6":"product_cat-adolescente","7":"product_cat-francais","8":"pa_auteurs-richard-paul-evans","10":"first","11":"instock","12":"shipping-taxable","13":"purchasable","14":"product-type-simple"},"_links":{"self":[{"href":"https:\/\/baralivres.ma\/index.php?rest_route=\/wp\/v2\/product\/18891","targetHints":{"allow":["GET"]}}],"collection":[{"href":"https:\/\/baralivres.ma\/index.php?rest_route=\/wp\/v2\/product"}],"about":[{"href":"https:\/\/baralivres.ma\/index.php?rest_route=\/wp\/v2\/types\/product"}],"replies":[{"embeddable":true,"href":"https:\/\/baralivres.ma\/index.php?rest_route=%2Fwp%2Fv2%2Fcomments&post=18891"}],"version-history":[{"count":1,"href":"https:\/\/baralivres.ma\/index.php?rest_route=\/wp\/v2\/product\/18891\/revisions"}],"predecessor-version":[{"id":18893,"href":"https:\/\/baralivres.ma\/index.php?rest_route=\/wp\/v2\/product\/18891\/revisions\/18893"}],"wp:featuredmedia":[{"embeddable":true,"href":"https:\/\/baralivres.ma\/index.php?rest_route=\/wp\/v2\/media\/18892"}],"wp:attachment":[{"href":"https:\/\/baralivres.ma\/index.php?rest_route=%2Fwp%2Fv2%2Fmedia&parent=18891"}],"wp:term":[{"taxonomy":"product_cat","embeddable":true,"href":"https:\/\/baralivres.ma\/index.php?rest_route=%2Fwp%2Fv2%2Fproduct_cat&post=18891"},{"taxonomy":"product_tag","embeddable":true,"href":"https:\/\/baralivres.ma\/index.php?rest_route=%2Fwp%2Fv2%2Fproduct_tag&post=18891"}],"curies":[{"name":"wp","href":"https:\/\/api.w.org\/{rel}","templated":true}]}}