{"id":18888,"date":"2023-11-08T19:25:16","date_gmt":"2023-11-08T18:25:16","guid":{"rendered":"https:\/\/baralivres.ma\/?post_type=product&#038;p=18888"},"modified":"2024-11-27T15:43:15","modified_gmt":"2024-11-27T14:43:15","slug":"le-cercle-des-17-tome-06-la-chute-dhades","status":"publish","type":"product","link":"https:\/\/baralivres.ma\/?product=le-cercle-des-17-tome-06-la-chute-dhades","title":{"rendered":"Le cercle des 17 &#8211; tome 06 : La chute d&rsquo;Had\u00e8s"},"content":{"rendered":"<p>Le sixi\u00e8me tome de cette s\u00e9rie palpitante obtient le prestigieux label de best-seller ! Malgr\u00e9 les inlassables efforts du groupe \u00c9lectroclan, les Elgen continuent de renforcer leur pouvoir. Cependant, Welch, l&rsquo;ancien bras droit de Hatch, reste en fuite, tandis que Quentin, Tara et Torstyn, les trois enfants \u00e9lectriques les plus puissants de ce dernier, l&rsquo;ont trahi. Michael et ses amis ont un plan pour mettre un terme d\u00e9finitif aux agissements de Hatch, et ils sont pr\u00eats \u00e0 s&rsquo;allier \u00e0 leurs ennemis pour y parvenir&#8230;<\/p>\n","protected":false},"excerpt":{"rendered":"<p>Best-seller : Tensions \u00c9lectroclan vs. Elgen. Trahison, fuite Welch. Michael, alli\u00e9s, plan pour arr\u00eater Hatch.<\/p>\n","protected":false},"featured_media":18889,"comment_status":"open","ping_status":"closed","template":"","meta":{"inline_featured_image":false},"product_cat":[203,204],"product_tag":[],"class_list":{"0":"post-18888","1":"product","2":"type-product","3":"status-publish","4":"has-post-thumbnail","6":"product_cat-adolescente","7":"product_cat-francais","8":"pa_auteurs-richard-paul-evans","10":"first","11":"instock","12":"shipping-taxable","13":"purchasable","14":"product-type-simple"},"_links":{"self":[{"href":"https:\/\/baralivres.ma\/index.php?rest_route=\/wp\/v2\/product\/18888","targetHints":{"allow":["GET"]}}],"collection":[{"href":"https:\/\/baralivres.ma\/index.php?rest_route=\/wp\/v2\/product"}],"about":[{"href":"https:\/\/baralivres.ma\/index.php?rest_route=\/wp\/v2\/types\/product"}],"replies":[{"embeddable":true,"href":"https:\/\/baralivres.ma\/index.php?rest_route=%2Fwp%2Fv2%2Fcomments&post=18888"}],"version-history":[{"count":1,"href":"https:\/\/baralivres.ma\/index.php?rest_route=\/wp\/v2\/product\/18888\/revisions"}],"predecessor-version":[{"id":18890,"href":"https:\/\/baralivres.ma\/index.php?rest_route=\/wp\/v2\/product\/18888\/revisions\/18890"}],"wp:featuredmedia":[{"embeddable":true,"href":"https:\/\/baralivres.ma\/index.php?rest_route=\/wp\/v2\/media\/18889"}],"wp:attachment":[{"href":"https:\/\/baralivres.ma\/index.php?rest_route=%2Fwp%2Fv2%2Fmedia&parent=18888"}],"wp:term":[{"taxonomy":"product_cat","embeddable":true,"href":"https:\/\/baralivres.ma\/index.php?rest_route=%2Fwp%2Fv2%2Fproduct_cat&post=18888"},{"taxonomy":"product_tag","embeddable":true,"href":"https:\/\/baralivres.ma\/index.php?rest_route=%2Fwp%2Fv2%2Fproduct_tag&post=18888"}],"curies":[{"name":"wp","href":"https:\/\/api.w.org\/{rel}","templated":true}]}}