{"id":18878,"date":"2023-11-08T19:18:21","date_gmt":"2023-11-08T18:18:21","guid":{"rendered":"https:\/\/baralivres.ma\/?post_type=product&#038;p=18878"},"modified":"2024-11-27T15:44:30","modified_gmt":"2024-11-27T14:44:30","slug":"le-cercle-des-17-tome-03-bataille-navale","status":"publish","type":"product","link":"https:\/\/baralivres.ma\/?product=le-cercle-des-17-tome-03-bataille-navale","title":{"rendered":"Le Cercle des 17 &#8211; tome 03 : Bataille navale"},"content":{"rendered":"<p>Chass\u00e9s par les autorit\u00e9s p\u00e9ruviennes, Michael et ses amis parviendront-ils \u00e0 contrecarrer les nouveaux desseins du Dr. Hatch ? Apr\u00e8s avoir contrecarr\u00e9 les intentions de la soci\u00e9t\u00e9 Elgen, l&rsquo;\u00c9lectroclan a pay\u00e9 un lourd tribut. Ils se sont retrouv\u00e9s s\u00e9par\u00e9s, \u00e9parpill\u00e9s dans la jungle amazonienne, et sont maintenant traqu\u00e9s par le gouvernement du P\u00e9rou. Ils sont rapidement rattrap\u00e9s et emprisonn\u00e9s, \u00e0 l&rsquo;exception de Michael Vey. Il est le seul \u00e0 d\u00e9tenir le pouvoir de lib\u00e9rer ses amis, qui sont menac\u00e9s d&rsquo;ex\u00e9cution&#8230;<\/p>\n","protected":false},"excerpt":{"rendered":"<p>Michael et ses amis fuient le gouvernement p\u00e9ruvien apr\u00e8s avoir d\u00e9jou\u00e9 la soci\u00e9t\u00e9 Elgen, sauf Michael.<\/p>\n","protected":false},"featured_media":18879,"comment_status":"open","ping_status":"closed","template":"","meta":{"inline_featured_image":false},"product_cat":[203,204],"product_tag":[],"class_list":{"0":"post-18878","1":"product","2":"type-product","3":"status-publish","4":"has-post-thumbnail","6":"product_cat-adolescente","7":"product_cat-francais","8":"pa_auteurs-richard-paul-evans","10":"first","11":"instock","12":"shipping-taxable","13":"purchasable","14":"product-type-simple"},"_links":{"self":[{"href":"https:\/\/baralivres.ma\/index.php?rest_route=\/wp\/v2\/product\/18878","targetHints":{"allow":["GET"]}}],"collection":[{"href":"https:\/\/baralivres.ma\/index.php?rest_route=\/wp\/v2\/product"}],"about":[{"href":"https:\/\/baralivres.ma\/index.php?rest_route=\/wp\/v2\/types\/product"}],"replies":[{"embeddable":true,"href":"https:\/\/baralivres.ma\/index.php?rest_route=%2Fwp%2Fv2%2Fcomments&post=18878"}],"version-history":[{"count":1,"href":"https:\/\/baralivres.ma\/index.php?rest_route=\/wp\/v2\/product\/18878\/revisions"}],"predecessor-version":[{"id":18880,"href":"https:\/\/baralivres.ma\/index.php?rest_route=\/wp\/v2\/product\/18878\/revisions\/18880"}],"wp:featuredmedia":[{"embeddable":true,"href":"https:\/\/baralivres.ma\/index.php?rest_route=\/wp\/v2\/media\/18879"}],"wp:attachment":[{"href":"https:\/\/baralivres.ma\/index.php?rest_route=%2Fwp%2Fv2%2Fmedia&parent=18878"}],"wp:term":[{"taxonomy":"product_cat","embeddable":true,"href":"https:\/\/baralivres.ma\/index.php?rest_route=%2Fwp%2Fv2%2Fproduct_cat&post=18878"},{"taxonomy":"product_tag","embeddable":true,"href":"https:\/\/baralivres.ma\/index.php?rest_route=%2Fwp%2Fv2%2Fproduct_tag&post=18878"}],"curies":[{"name":"wp","href":"https:\/\/api.w.org\/{rel}","templated":true}]}}