{"id":18870,"date":"2023-11-08T18:02:51","date_gmt":"2023-11-08T17:02:51","guid":{"rendered":"https:\/\/baralivres.ma\/?post_type=product&#038;p=18870"},"modified":"2024-11-18T13:55:35","modified_gmt":"2024-11-18T12:55:35","slug":"eldorado-3","status":"publish","type":"product","link":"https:\/\/baralivres.ma\/?product=eldorado-3","title":{"rendered":"Eldorado"},"content":{"rendered":"<p>Salvatore Piracci, un commandant exp\u00e9riment\u00e9 de la marine italienne, est assign\u00e9 \u00e0 l&rsquo;interception des migrants en d\u00e9tresse au large de la Sicile. Lorsqu&rsquo;il croise \u00e0 nouveau le chemin d&rsquo;une femme qu&rsquo;il a sauv\u00e9e d&rsquo;un naufrage, sa vie prend un tournant inattendu, le menant d&rsquo;une qu\u00eate int\u00e9rieure \u00e0 un d\u00e9part vers l&rsquo;Afrique. Pendant ce temps, Soleiman, un jeune Soudanais, nourrit le r\u00eave de rejoindre co\u00fbte que co\u00fbte l&rsquo;Europe, terre promise d&rsquo;opportunit\u00e9s.<\/p>\n<p>\u00c0 premi\u00e8re vue, aucun lien ne semble unir ces deux h\u00e9ros et leurs parcours diam\u00e9tralement oppos\u00e9s. Cependant, ce qui les relie, c&rsquo;est l&rsquo;espoir. \u00c0 travers ces deux histoires entrelac\u00e9es, Laurent Gaud\u00e9 explore la force du d\u00e9sir qui pousse les individus \u00e0 entreprendre un voyage, souvent au prix de leur identit\u00e9 et parfois m\u00eame de leur existence.<\/p>\n","protected":false},"excerpt":{"rendered":"<p>Deux destins se croisent : un commandant et un migrant, unis par l&rsquo;espoir et l&rsquo;errance.<\/p>\n","protected":false},"featured_media":18871,"comment_status":"open","ping_status":"closed","template":"","meta":{"inline_featured_image":false},"product_cat":[203,204],"product_tag":[],"class_list":{"0":"post-18870","1":"product","2":"type-product","3":"status-publish","4":"has-post-thumbnail","6":"product_cat-adolescente","7":"product_cat-francais","8":"pa_auteurs-laurent-gaude","10":"first","11":"instock","12":"shipping-taxable","13":"purchasable","14":"product-type-simple"},"_links":{"self":[{"href":"https:\/\/baralivres.ma\/index.php?rest_route=\/wp\/v2\/product\/18870","targetHints":{"allow":["GET"]}}],"collection":[{"href":"https:\/\/baralivres.ma\/index.php?rest_route=\/wp\/v2\/product"}],"about":[{"href":"https:\/\/baralivres.ma\/index.php?rest_route=\/wp\/v2\/types\/product"}],"replies":[{"embeddable":true,"href":"https:\/\/baralivres.ma\/index.php?rest_route=%2Fwp%2Fv2%2Fcomments&post=18870"}],"version-history":[{"count":1,"href":"https:\/\/baralivres.ma\/index.php?rest_route=\/wp\/v2\/product\/18870\/revisions"}],"predecessor-version":[{"id":18872,"href":"https:\/\/baralivres.ma\/index.php?rest_route=\/wp\/v2\/product\/18870\/revisions\/18872"}],"wp:featuredmedia":[{"embeddable":true,"href":"https:\/\/baralivres.ma\/index.php?rest_route=\/wp\/v2\/media\/18871"}],"wp:attachment":[{"href":"https:\/\/baralivres.ma\/index.php?rest_route=%2Fwp%2Fv2%2Fmedia&parent=18870"}],"wp:term":[{"taxonomy":"product_cat","embeddable":true,"href":"https:\/\/baralivres.ma\/index.php?rest_route=%2Fwp%2Fv2%2Fproduct_cat&post=18870"},{"taxonomy":"product_tag","embeddable":true,"href":"https:\/\/baralivres.ma\/index.php?rest_route=%2Fwp%2Fv2%2Fproduct_tag&post=18870"}],"curies":[{"name":"wp","href":"https:\/\/api.w.org\/{rel}","templated":true}]}}