{"id":18864,"date":"2023-11-08T18:00:02","date_gmt":"2023-11-08T17:00:02","guid":{"rendered":"https:\/\/baralivres.ma\/?post_type=product&#038;p=18864"},"modified":"2024-11-18T13:55:54","modified_gmt":"2024-11-18T12:55:54","slug":"le-dernier-jour-dun-condamne-2","status":"publish","type":"product","link":"https:\/\/baralivres.ma\/?product=le-dernier-jour-dun-condamne-2","title":{"rendered":"Le Dernier jour d&rsquo;un condamn\u00e9"},"content":{"rendered":"<p>Le Journal intime fictif d&rsquo;un condamn\u00e9, anxieusement en attente de son ex\u00e9cution, intitul\u00e9 Le Dernier Jour d&rsquo;un condamn\u00e9, a \u00e9t\u00e9 publi\u00e9 de fa\u00e7on anonyme en 1829. Trois ann\u00e9es plus tard, Victor Hugo l&rsquo;a enrichi d&rsquo;une pr\u00e9face d\u00e9voilant clairement ses intentions : ce r\u00e9cit vise \u00e0 \u00e9mouvoir le lecteur et le pousser \u00e0 prendre position sur un sujet br\u00fblant du XIXe si\u00e8cle. L&rsquo;auteur ne laisse aucun doute sur sa d\u00e9marche : ce roman sert incontestablement de plaidoyer, direct ou indirect, pour l&rsquo;abolition de la peine de mort. Visionnaire, Victor Hugo est fermement convaincu qu&rsquo;un temps viendra o\u00f9 cette pratique barbare prendra fin.<\/p>\n","protected":false},"excerpt":{"rendered":"<p>Victor Hugo, dans \u00ab\u00a0Le Dernier Jour d&rsquo;un condamn\u00e9\u00a0\u00bb, d\u00e9fend l&rsquo;abolition de la peine de mort.<\/p>\n","protected":false},"featured_media":18868,"comment_status":"open","ping_status":"closed","template":"","meta":{"inline_featured_image":false},"product_cat":[203,204],"product_tag":[],"class_list":{"0":"post-18864","1":"product","2":"type-product","3":"status-publish","4":"has-post-thumbnail","6":"product_cat-adolescente","7":"product_cat-francais","8":"pa_auteurs-victor-hugo-2","10":"first","11":"instock","12":"shipping-taxable","13":"purchasable","14":"product-type-simple"},"_links":{"self":[{"href":"https:\/\/baralivres.ma\/index.php?rest_route=\/wp\/v2\/product\/18864","targetHints":{"allow":["GET"]}}],"collection":[{"href":"https:\/\/baralivres.ma\/index.php?rest_route=\/wp\/v2\/product"}],"about":[{"href":"https:\/\/baralivres.ma\/index.php?rest_route=\/wp\/v2\/types\/product"}],"replies":[{"embeddable":true,"href":"https:\/\/baralivres.ma\/index.php?rest_route=%2Fwp%2Fv2%2Fcomments&post=18864"}],"version-history":[{"count":1,"href":"https:\/\/baralivres.ma\/index.php?rest_route=\/wp\/v2\/product\/18864\/revisions"}],"predecessor-version":[{"id":18869,"href":"https:\/\/baralivres.ma\/index.php?rest_route=\/wp\/v2\/product\/18864\/revisions\/18869"}],"wp:featuredmedia":[{"embeddable":true,"href":"https:\/\/baralivres.ma\/index.php?rest_route=\/wp\/v2\/media\/18868"}],"wp:attachment":[{"href":"https:\/\/baralivres.ma\/index.php?rest_route=%2Fwp%2Fv2%2Fmedia&parent=18864"}],"wp:term":[{"taxonomy":"product_cat","embeddable":true,"href":"https:\/\/baralivres.ma\/index.php?rest_route=%2Fwp%2Fv2%2Fproduct_cat&post=18864"},{"taxonomy":"product_tag","embeddable":true,"href":"https:\/\/baralivres.ma\/index.php?rest_route=%2Fwp%2Fv2%2Fproduct_tag&post=18864"}],"curies":[{"name":"wp","href":"https:\/\/api.w.org\/{rel}","templated":true}]}}