{"id":18860,"date":"2023-11-08T17:55:27","date_gmt":"2023-11-08T16:55:27","guid":{"rendered":"https:\/\/baralivres.ma\/?post_type=product&#038;p=18860"},"modified":"2024-11-18T13:56:15","modified_gmt":"2024-11-18T12:56:15","slug":"je-marche-dans-la-nuit-par-un-chemin-mauvais","status":"publish","type":"product","link":"https:\/\/baralivres.ma\/?product=je-marche-dans-la-nuit-par-un-chemin-mauvais","title":{"rendered":"Je marche dans la nuit par un chemin mauvais"},"content":{"rendered":"<p>Apr\u00e8s une dispute intense avec son p\u00e8re, Gus se retrouve envoy\u00e9 \u00e0 la campagne chez son grand-p\u00e8re, Pierre, pour une p\u00e9riode de trois mois. Cette cohabitation entre l&rsquo;adolescent sensible et le vieil homme solitaire est marqu\u00e9e par un conflit latent. Cependant, les souvenirs douloureux de Pierre, qui a v\u00e9cu sa vingti\u00e8me ann\u00e9e en Alg\u00e9rie pendant la guerre, refont surface. Peut-\u00eatre que cette convivialit\u00e9 forc\u00e9e pourrait aider chacun \u00e0 surmonter ses propres tourments int\u00e9rieurs et \u00e0 \u00e9merger de l&rsquo;obscurit\u00e9 qui les enveloppe.<\/p>\n<p>Cette pi\u00e8ce d&rsquo;Ahmed Madani explore la qu\u00eate de la v\u00e9rit\u00e9, r\u00e9fl\u00e9chissant sur la transmission des r\u00e9cits familiaux et collectifs. Elle interpelle puissamment sur les motivations et l&rsquo;importance de partager son propre v\u00e9cu.<\/p>\n","protected":false},"excerpt":{"rendered":"<p>Conflit familial envoie Gus chez son grand-p\u00e8re, d\u00e9clenchant souvenirs de guerre, aboutissant \u00e0 l&rsquo;illumination.<\/p>\n","protected":false},"featured_media":18862,"comment_status":"open","ping_status":"closed","template":"","meta":{"inline_featured_image":false},"product_cat":[203,204],"product_tag":[],"class_list":{"0":"post-18860","1":"product","2":"type-product","3":"status-publish","4":"has-post-thumbnail","6":"product_cat-adolescente","7":"product_cat-francais","8":"pa_auteurs-ahmed-madani","10":"first","11":"instock","12":"shipping-taxable","13":"purchasable","14":"product-type-simple"},"_links":{"self":[{"href":"https:\/\/baralivres.ma\/index.php?rest_route=\/wp\/v2\/product\/18860","targetHints":{"allow":["GET"]}}],"collection":[{"href":"https:\/\/baralivres.ma\/index.php?rest_route=\/wp\/v2\/product"}],"about":[{"href":"https:\/\/baralivres.ma\/index.php?rest_route=\/wp\/v2\/types\/product"}],"replies":[{"embeddable":true,"href":"https:\/\/baralivres.ma\/index.php?rest_route=%2Fwp%2Fv2%2Fcomments&post=18860"}],"version-history":[{"count":1,"href":"https:\/\/baralivres.ma\/index.php?rest_route=\/wp\/v2\/product\/18860\/revisions"}],"predecessor-version":[{"id":18863,"href":"https:\/\/baralivres.ma\/index.php?rest_route=\/wp\/v2\/product\/18860\/revisions\/18863"}],"wp:featuredmedia":[{"embeddable":true,"href":"https:\/\/baralivres.ma\/index.php?rest_route=\/wp\/v2\/media\/18862"}],"wp:attachment":[{"href":"https:\/\/baralivres.ma\/index.php?rest_route=%2Fwp%2Fv2%2Fmedia&parent=18860"}],"wp:term":[{"taxonomy":"product_cat","embeddable":true,"href":"https:\/\/baralivres.ma\/index.php?rest_route=%2Fwp%2Fv2%2Fproduct_cat&post=18860"},{"taxonomy":"product_tag","embeddable":true,"href":"https:\/\/baralivres.ma\/index.php?rest_route=%2Fwp%2Fv2%2Fproduct_tag&post=18860"}],"curies":[{"name":"wp","href":"https:\/\/api.w.org\/{rel}","templated":true}]}}