{"id":18857,"date":"2023-11-08T17:59:03","date_gmt":"2023-11-08T16:59:03","guid":{"rendered":"https:\/\/baralivres.ma\/?post_type=product&#038;p=18857"},"modified":"2023-11-08T17:59:03","modified_gmt":"2023-11-08T16:59:03","slug":"lart-de-se-reinventer-2","status":"publish","type":"product","link":"https:\/\/baralivres.ma\/?product=lart-de-se-reinventer-2","title":{"rendered":"L&rsquo;Art de se r\u00e9inventer"},"content":{"rendered":"<p>L&rsquo;\u00e9minente professeure de m\u00e9ditation canadienne, Nicole Bordeleau, nous incite \u00e0 une red\u00e9finition de nous-m\u00eames. Elle nous rappelle que nous poss\u00e9dons en nous des ressources et des talents souvent sous-estim\u00e9s. \u00c0 travers ses enseignements, r\u00e9flexions et exercices, elle nous guide pour trouver la force n\u00e9cessaire \u00e0 la transcendance de nos peurs, \u00e0 l&rsquo;\u00e9panouissement de nos projets, tout en cultivant une pleine appr\u00e9ciation du moment pr\u00e9sent.<\/p>\n<p>Il est ind\u00e9niable qu&rsquo;apr\u00e8s avoir parcouru ses mots, une transformation profonde s&rsquo;op\u00e9rera en vous !<\/p>\n","protected":false},"excerpt":{"rendered":"<p>Nicole Bordeleau, experte en m\u00e9ditation, inspire \u00e0 explorer nos ressources, transcender les peurs, et vivre l&rsquo;instant pr\u00e9sent.<\/p>\n","protected":false},"featured_media":18865,"comment_status":"open","ping_status":"closed","template":"","meta":{"inline_featured_image":false},"product_cat":[204,91],"product_tag":[],"class_list":{"0":"post-18857","1":"product","2":"type-product","3":"status-publish","4":"has-post-thumbnail","6":"product_cat-francais","7":"product_cat-developpement","8":"pa_auteurs-nicole-bordeleau","10":"first","11":"instock","12":"shipping-taxable","13":"purchasable","14":"product-type-simple"},"_links":{"self":[{"href":"https:\/\/baralivres.ma\/index.php?rest_route=\/wp\/v2\/product\/18857","targetHints":{"allow":["GET"]}}],"collection":[{"href":"https:\/\/baralivres.ma\/index.php?rest_route=\/wp\/v2\/product"}],"about":[{"href":"https:\/\/baralivres.ma\/index.php?rest_route=\/wp\/v2\/types\/product"}],"replies":[{"embeddable":true,"href":"https:\/\/baralivres.ma\/index.php?rest_route=%2Fwp%2Fv2%2Fcomments&post=18857"}],"version-history":[{"count":1,"href":"https:\/\/baralivres.ma\/index.php?rest_route=\/wp\/v2\/product\/18857\/revisions"}],"predecessor-version":[{"id":18867,"href":"https:\/\/baralivres.ma\/index.php?rest_route=\/wp\/v2\/product\/18857\/revisions\/18867"}],"wp:featuredmedia":[{"embeddable":true,"href":"https:\/\/baralivres.ma\/index.php?rest_route=\/wp\/v2\/media\/18865"}],"wp:attachment":[{"href":"https:\/\/baralivres.ma\/index.php?rest_route=%2Fwp%2Fv2%2Fmedia&parent=18857"}],"wp:term":[{"taxonomy":"product_cat","embeddable":true,"href":"https:\/\/baralivres.ma\/index.php?rest_route=%2Fwp%2Fv2%2Fproduct_cat&post=18857"},{"taxonomy":"product_tag","embeddable":true,"href":"https:\/\/baralivres.ma\/index.php?rest_route=%2Fwp%2Fv2%2Fproduct_tag&post=18857"}],"curies":[{"name":"wp","href":"https:\/\/api.w.org\/{rel}","templated":true}]}}