{"id":18855,"date":"2023-11-08T18:06:54","date_gmt":"2023-11-08T17:06:54","guid":{"rendered":"https:\/\/baralivres.ma\/?post_type=product&#038;p=18855"},"modified":"2024-11-27T15:45:19","modified_gmt":"2024-11-27T14:45:19","slug":"le-cercle-des-17","status":"publish","type":"product","link":"https:\/\/baralivres.ma\/?product=le-cercle-des-17","title":{"rendered":"Le cercle des 17"},"content":{"rendered":"<p>La collection \u00ab\u00a0\u00e9lectrique\u00a0\u00bb de PKJ en format poche est enfin disponible !<\/p>\n<p>Michael Vey poss\u00e8de des pouvoirs exceptionnels, lui permettant d&rsquo;\u00e9mettre des d\u00e9charges \u00e9lectriques de plusieurs milliers de volts d&rsquo;un simple geste. Cela s&rsquo;av\u00e8re bien utile lorsqu&rsquo;on est la cible de brutes au lyc\u00e9e et qu&rsquo;on souffre de tics embarrassants.<\/p>\n<p>Michael croyait \u00eatre le seul \u00e0 poss\u00e9der ces capacit\u00e9s, jusqu&rsquo;\u00e0 ce qu&rsquo;il d\u00e9couvre que Taylor, une pom-pom girl s\u00e9duisante, partage le m\u00eame don \u00ab\u00a0\u00e9lectrique\u00a0\u00bb que lui. \u00c0 peine commencent-ils \u00e0 percer le myst\u00e8re de leur pouvoir commun qu&rsquo;une organisation secr\u00e8te, avide de s&rsquo;approprier leurs talents, se met \u00e0 leurs trousses&#8230;<\/p>\n","protected":false},"excerpt":{"rendered":"<p>Michael et Taylor, dot\u00e9s de pouvoirs \u00e9lectriques, fuient une organisation secr\u00e8te qui convoite leurs dons sp\u00e9ciaux.<\/p>\n","protected":false},"featured_media":18873,"comment_status":"open","ping_status":"closed","template":"","meta":{"inline_featured_image":false},"product_cat":[203,204],"product_tag":[],"class_list":{"0":"post-18855","1":"product","2":"type-product","3":"status-publish","4":"has-post-thumbnail","6":"product_cat-adolescente","7":"product_cat-francais","8":"pa_auteurs-richard-paul-evans","10":"first","11":"instock","12":"shipping-taxable","13":"purchasable","14":"product-type-simple"},"_links":{"self":[{"href":"https:\/\/baralivres.ma\/index.php?rest_route=\/wp\/v2\/product\/18855","targetHints":{"allow":["GET"]}}],"collection":[{"href":"https:\/\/baralivres.ma\/index.php?rest_route=\/wp\/v2\/product"}],"about":[{"href":"https:\/\/baralivres.ma\/index.php?rest_route=\/wp\/v2\/types\/product"}],"replies":[{"embeddable":true,"href":"https:\/\/baralivres.ma\/index.php?rest_route=%2Fwp%2Fv2%2Fcomments&post=18855"}],"version-history":[{"count":1,"href":"https:\/\/baralivres.ma\/index.php?rest_route=\/wp\/v2\/product\/18855\/revisions"}],"predecessor-version":[{"id":18874,"href":"https:\/\/baralivres.ma\/index.php?rest_route=\/wp\/v2\/product\/18855\/revisions\/18874"}],"wp:featuredmedia":[{"embeddable":true,"href":"https:\/\/baralivres.ma\/index.php?rest_route=\/wp\/v2\/media\/18873"}],"wp:attachment":[{"href":"https:\/\/baralivres.ma\/index.php?rest_route=%2Fwp%2Fv2%2Fmedia&parent=18855"}],"wp:term":[{"taxonomy":"product_cat","embeddable":true,"href":"https:\/\/baralivres.ma\/index.php?rest_route=%2Fwp%2Fv2%2Fproduct_cat&post=18855"},{"taxonomy":"product_tag","embeddable":true,"href":"https:\/\/baralivres.ma\/index.php?rest_route=%2Fwp%2Fv2%2Fproduct_tag&post=18855"}],"curies":[{"name":"wp","href":"https:\/\/api.w.org\/{rel}","templated":true}]}}