{"id":18851,"date":"2023-11-08T17:49:49","date_gmt":"2023-11-08T16:49:49","guid":{"rendered":"https:\/\/baralivres.ma\/?post_type=product&#038;p=18851"},"modified":"2023-11-08T17:49:50","modified_gmt":"2023-11-08T16:49:50","slug":"on-nest-jamais-mieux-soigne-que-par-soi-meme","status":"publish","type":"product","link":"https:\/\/baralivres.ma\/?product=on-nest-jamais-mieux-soigne-que-par-soi-meme","title":{"rendered":"On n&rsquo;est jamais mieux soign\u00e9 que par soi-m\u00eame"},"content":{"rendered":"<p>\u00ab\u00a0Explorez le dernier ouvrage du Dr. Saldmann, o\u00f9 il vous invite \u00e0 devenir votre propre m\u00e9decin. Gr\u00e2ce \u00e0 ce livre, vous serez en mesure de prendre le contr\u00f4le de votre sant\u00e9 en vous plongeant dans le domaine rassurant de la m\u00e9decine pr\u00e9ventive personnelle.<\/p>\n<p>Vous serez en mesure de distinguer ce qui vous fait du bien de ce qui vous fait du mal, en identifiant les aliments protecteurs et nocifs, en adoptant des habitudes saines et en \u00e9vitant les comportements pr\u00e9judiciables. Vous apprendrez \u00e0 g\u00e9rer des aspects tels que le poids, le stress, le sommeil et l&rsquo;hygi\u00e8ne pour vous prot\u00e9ger des infections. En cas de probl\u00e8me li\u00e9 \u00e0 la sexualit\u00e9, des solutions simples et \u00e9videntes seront \u00e0 votre disposition. Le Dr. Saldmann vous fournira des conseils pour entretenir votre cerveau comme une Formule 1, et ses programmes d&rsquo;activit\u00e9 physique contribueront \u00e0 ralentir le processus de vieillissement tout en favorisant votre bonheur \u00e0 long terme.<\/p>\n<p>Une chose est certaine : apr\u00e8s avoir parcouru ce livre, vous ressentirez une profonde transformation en vous !\u00a0\u00bb<\/p>\n","protected":false},"excerpt":{"rendered":"<p>Prenez en main votre sant\u00e9 avec le livre du Dr. Saldmann pour devenir votre propre m\u00e9decin pr\u00e9ventif.<\/p>\n","protected":false},"featured_media":18854,"comment_status":"open","ping_status":"closed","template":"","meta":{"inline_featured_image":false},"product_cat":[204,91],"product_tag":[],"class_list":{"0":"post-18851","1":"product","2":"type-product","3":"status-publish","4":"has-post-thumbnail","6":"product_cat-francais","7":"product_cat-developpement","8":"pa_auteurs-frederic-saldmann","10":"first","11":"instock","12":"shipping-taxable","13":"purchasable","14":"product-type-simple"},"_links":{"self":[{"href":"https:\/\/baralivres.ma\/index.php?rest_route=\/wp\/v2\/product\/18851","targetHints":{"allow":["GET"]}}],"collection":[{"href":"https:\/\/baralivres.ma\/index.php?rest_route=\/wp\/v2\/product"}],"about":[{"href":"https:\/\/baralivres.ma\/index.php?rest_route=\/wp\/v2\/types\/product"}],"replies":[{"embeddable":true,"href":"https:\/\/baralivres.ma\/index.php?rest_route=%2Fwp%2Fv2%2Fcomments&post=18851"}],"version-history":[{"count":1,"href":"https:\/\/baralivres.ma\/index.php?rest_route=\/wp\/v2\/product\/18851\/revisions"}],"predecessor-version":[{"id":18856,"href":"https:\/\/baralivres.ma\/index.php?rest_route=\/wp\/v2\/product\/18851\/revisions\/18856"}],"wp:featuredmedia":[{"embeddable":true,"href":"https:\/\/baralivres.ma\/index.php?rest_route=\/wp\/v2\/media\/18854"}],"wp:attachment":[{"href":"https:\/\/baralivres.ma\/index.php?rest_route=%2Fwp%2Fv2%2Fmedia&parent=18851"}],"wp:term":[{"taxonomy":"product_cat","embeddable":true,"href":"https:\/\/baralivres.ma\/index.php?rest_route=%2Fwp%2Fv2%2Fproduct_cat&post=18851"},{"taxonomy":"product_tag","embeddable":true,"href":"https:\/\/baralivres.ma\/index.php?rest_route=%2Fwp%2Fv2%2Fproduct_tag&post=18851"}],"curies":[{"name":"wp","href":"https:\/\/api.w.org\/{rel}","templated":true}]}}