{"id":18850,"date":"2023-11-08T17:51:14","date_gmt":"2023-11-08T16:51:14","guid":{"rendered":"https:\/\/baralivres.ma\/?post_type=product&#038;p=18850"},"modified":"2024-11-18T13:56:49","modified_gmt":"2024-11-18T12:56:49","slug":"parle-leur-de-batailles-de-rois-et-delephants","status":"publish","type":"product","link":"https:\/\/baralivres.ma\/?product=parle-leur-de-batailles-de-rois-et-delephants","title":{"rendered":"Parle-leur de batailles, de rois et d&rsquo;\u00e9l\u00e9phants"},"content":{"rendered":"<p>En 1506, alors qu&rsquo;il est en train de terminer le tombeau du pape, Michel-Ange re\u00e7oit une lettre inattendue : le sultan Bajazet II l&rsquo;invite \u00e0 se rendre \u00e0 Constantinople pour construire un pont sur la Corne d&rsquo;Or. Mathias Enard explore cet \u00e9v\u00e9nement, comblant les vides historiques, confrontant l&rsquo;artiste de la Renaissance au monde ottoman, et pr\u00e9sentant le portrait de l&rsquo;artiste au travail. Cette histoire soul\u00e8ve la question de la cr\u00e9ation : comment et avec quels mat\u00e9riaux peut-on cr\u00e9er ? Dans ce r\u00e9cit qui m\u00eale le r\u00e9el et l&rsquo;imaginaire, le texte r\u00e9invente le genre biographique et c\u00e9l\u00e8bre le pouvoir de la parole po\u00e9tique qui peut ramener \u00e0 la vie les individus et les vestiges du pass\u00e9.<\/p>\n","protected":false},"excerpt":{"rendered":"<p>Michel-Ange, sollicit\u00e9 par le sultan, relie l&rsquo;art, l&rsquo;histoire et la cr\u00e9ativit\u00e9 entre Renaissance et Ottomans.<\/p>\n","protected":false},"featured_media":18858,"comment_status":"open","ping_status":"closed","template":"","meta":{"inline_featured_image":false},"product_cat":[203,204],"product_tag":[],"class_list":{"0":"post-18850","1":"product","2":"type-product","3":"status-publish","4":"has-post-thumbnail","6":"product_cat-adolescente","7":"product_cat-francais","8":"pa_auteurs-mathias-enard","10":"first","11":"instock","12":"shipping-taxable","13":"purchasable","14":"product-type-simple"},"_links":{"self":[{"href":"https:\/\/baralivres.ma\/index.php?rest_route=\/wp\/v2\/product\/18850","targetHints":{"allow":["GET"]}}],"collection":[{"href":"https:\/\/baralivres.ma\/index.php?rest_route=\/wp\/v2\/product"}],"about":[{"href":"https:\/\/baralivres.ma\/index.php?rest_route=\/wp\/v2\/types\/product"}],"replies":[{"embeddable":true,"href":"https:\/\/baralivres.ma\/index.php?rest_route=%2Fwp%2Fv2%2Fcomments&post=18850"}],"version-history":[{"count":1,"href":"https:\/\/baralivres.ma\/index.php?rest_route=\/wp\/v2\/product\/18850\/revisions"}],"predecessor-version":[{"id":18859,"href":"https:\/\/baralivres.ma\/index.php?rest_route=\/wp\/v2\/product\/18850\/revisions\/18859"}],"wp:featuredmedia":[{"embeddable":true,"href":"https:\/\/baralivres.ma\/index.php?rest_route=\/wp\/v2\/media\/18858"}],"wp:attachment":[{"href":"https:\/\/baralivres.ma\/index.php?rest_route=%2Fwp%2Fv2%2Fmedia&parent=18850"}],"wp:term":[{"taxonomy":"product_cat","embeddable":true,"href":"https:\/\/baralivres.ma\/index.php?rest_route=%2Fwp%2Fv2%2Fproduct_cat&post=18850"},{"taxonomy":"product_tag","embeddable":true,"href":"https:\/\/baralivres.ma\/index.php?rest_route=%2Fwp%2Fv2%2Fproduct_tag&post=18850"}],"curies":[{"name":"wp","href":"https:\/\/api.w.org\/{rel}","templated":true}]}}