{"id":18835,"date":"2023-11-08T17:43:57","date_gmt":"2023-11-08T16:43:57","guid":{"rendered":"https:\/\/baralivres.ma\/?post_type=product&#038;p=18835"},"modified":"2024-11-04T16:41:59","modified_gmt":"2024-11-04T15:41:59","slug":"larabe-du-futur-volume-6","status":"publish","type":"product","link":"https:\/\/baralivres.ma\/?product=larabe-du-futur-volume-6","title":{"rendered":"L&rsquo;Arabe du futur &#8211; Volume 6"},"content":{"rendered":"<p>\u00ab\u00a0La s\u00e9rie de bandes dessin\u00e9es &lsquo;L&rsquo;Arabe du futur&rsquo; en six volumes, \u00e9crite et illustr\u00e9e par Riad Sattouf, retrace l&rsquo;enfance et l&rsquo;adolescence de l&rsquo;auteur, le fils a\u00een\u00e9 d&rsquo;une m\u00e8re fran\u00e7aise et d&rsquo;un p\u00e8re syrien. Vendue \u00e0 plus de 3 millions d&rsquo;exemplaires et traduite en 23 langues, cette \u0153uvre plonge le lecteur dans un r\u00e9cit qui navigue entre la Libye de Kadhafi, la Syrie d&rsquo;Al-Assad et la Bretagne, de Rennes au cap Fr\u00e9hel. Le sixi\u00e8me et dernier tome couvre la p\u00e9riode allant de 1994 \u00e0 2011, cl\u00f4turant ainsi cette s\u00e9rie culte de Riad Sattouf.\u00a0\u00bb<\/p>\n","protected":false},"excerpt":{"rendered":"<p>BD culte raconte l&rsquo;enfance bi-culturelle de l&rsquo;auteur entre Moyen-Orient et France, sur 6 tomes.<\/p>\n","protected":false},"featured_media":18837,"comment_status":"open","ping_status":"closed","template":"","meta":{"inline_featured_image":false},"product_cat":[3934,206],"product_tag":[],"class_list":{"0":"post-18835","1":"product","2":"type-product","3":"status-publish","4":"has-post-thumbnail","6":"product_cat-larabe-du-future","7":"product_cat-enfant-adolescente-francais-enfant-adolescente","8":"pa_auteurs-riad-sattouf","10":"first","11":"instock","12":"shipping-taxable","13":"purchasable","14":"product-type-simple"},"_links":{"self":[{"href":"https:\/\/baralivres.ma\/index.php?rest_route=\/wp\/v2\/product\/18835","targetHints":{"allow":["GET"]}}],"collection":[{"href":"https:\/\/baralivres.ma\/index.php?rest_route=\/wp\/v2\/product"}],"about":[{"href":"https:\/\/baralivres.ma\/index.php?rest_route=\/wp\/v2\/types\/product"}],"replies":[{"embeddable":true,"href":"https:\/\/baralivres.ma\/index.php?rest_route=%2Fwp%2Fv2%2Fcomments&post=18835"}],"version-history":[{"count":1,"href":"https:\/\/baralivres.ma\/index.php?rest_route=\/wp\/v2\/product\/18835\/revisions"}],"predecessor-version":[{"id":18841,"href":"https:\/\/baralivres.ma\/index.php?rest_route=\/wp\/v2\/product\/18835\/revisions\/18841"}],"wp:featuredmedia":[{"embeddable":true,"href":"https:\/\/baralivres.ma\/index.php?rest_route=\/wp\/v2\/media\/18837"}],"wp:attachment":[{"href":"https:\/\/baralivres.ma\/index.php?rest_route=%2Fwp%2Fv2%2Fmedia&parent=18835"}],"wp:term":[{"taxonomy":"product_cat","embeddable":true,"href":"https:\/\/baralivres.ma\/index.php?rest_route=%2Fwp%2Fv2%2Fproduct_cat&post=18835"},{"taxonomy":"product_tag","embeddable":true,"href":"https:\/\/baralivres.ma\/index.php?rest_route=%2Fwp%2Fv2%2Fproduct_tag&post=18835"}],"curies":[{"name":"wp","href":"https:\/\/api.w.org\/{rel}","templated":true}]}}