{"id":18832,"date":"2023-11-08T17:44:06","date_gmt":"2023-11-08T16:44:06","guid":{"rendered":"https:\/\/baralivres.ma\/?post_type=product&#038;p=18832"},"modified":"2023-11-08T17:44:07","modified_gmt":"2023-11-08T16:44:07","slug":"pour-une-enfance-heureuse","status":"publish","type":"product","link":"https:\/\/baralivres.ma\/?product=pour-une-enfance-heureuse","title":{"rendered":"Pour une enfance heureuse"},"content":{"rendered":"<p>Les avanc\u00e9es r\u00e9centes dans la recherche scientifique sur le d\u00e9veloppement et le fonctionnement du cerveau ont profond\u00e9ment transform\u00e9 notre compr\u00e9hension des besoins des enfants. Elles mettent en \u00e9vidence l&rsquo;importance cruciale d&rsquo;\u00e9tablir des relations empatiques pour favoriser le d\u00e9veloppement optimal du cerveau des enfants et des adolescents, permettant ainsi l&rsquo;\u00e9panouissement complet de leurs capacit\u00e9s intellectuelles et \u00e9motionnelles. Catherine Gueguen partage ces d\u00e9couvertes et offre des conseils \u00e9ducatifs aux parents et aux professionnels. Elle plaide r\u00e9solument en faveur d&rsquo;une approche bienveillante de l&rsquo;\u00e9ducation, remettant en question de nombreuses id\u00e9es pr\u00e9con\u00e7ues.<\/p>\n","protected":false},"excerpt":{"rendered":"<p>La neuroscience soutient l&#8217;empathie pour favoriser le d\u00e9veloppement c\u00e9r\u00e9bral optimal des enfants, encourageant une \u00e9ducation bienveillante.<\/p>\n","protected":false},"featured_media":18840,"comment_status":"open","ping_status":"closed","template":"","meta":{"inline_featured_image":false},"product_cat":[204,91],"product_tag":[],"class_list":{"0":"post-18832","1":"product","2":"type-product","3":"status-publish","4":"has-post-thumbnail","6":"product_cat-francais","7":"product_cat-developpement","8":"pa_auteurs-catherine-gueguen","10":"first","11":"instock","12":"shipping-taxable","13":"purchasable","14":"product-type-simple"},"_links":{"self":[{"href":"https:\/\/baralivres.ma\/index.php?rest_route=\/wp\/v2\/product\/18832","targetHints":{"allow":["GET"]}}],"collection":[{"href":"https:\/\/baralivres.ma\/index.php?rest_route=\/wp\/v2\/product"}],"about":[{"href":"https:\/\/baralivres.ma\/index.php?rest_route=\/wp\/v2\/types\/product"}],"replies":[{"embeddable":true,"href":"https:\/\/baralivres.ma\/index.php?rest_route=%2Fwp%2Fv2%2Fcomments&post=18832"}],"version-history":[{"count":1,"href":"https:\/\/baralivres.ma\/index.php?rest_route=\/wp\/v2\/product\/18832\/revisions"}],"predecessor-version":[{"id":18844,"href":"https:\/\/baralivres.ma\/index.php?rest_route=\/wp\/v2\/product\/18832\/revisions\/18844"}],"wp:featuredmedia":[{"embeddable":true,"href":"https:\/\/baralivres.ma\/index.php?rest_route=\/wp\/v2\/media\/18840"}],"wp:attachment":[{"href":"https:\/\/baralivres.ma\/index.php?rest_route=%2Fwp%2Fv2%2Fmedia&parent=18832"}],"wp:term":[{"taxonomy":"product_cat","embeddable":true,"href":"https:\/\/baralivres.ma\/index.php?rest_route=%2Fwp%2Fv2%2Fproduct_cat&post=18832"},{"taxonomy":"product_tag","embeddable":true,"href":"https:\/\/baralivres.ma\/index.php?rest_route=%2Fwp%2Fv2%2Fproduct_tag&post=18832"}],"curies":[{"name":"wp","href":"https:\/\/api.w.org\/{rel}","templated":true}]}}