{"id":18828,"date":"2023-11-08T17:43:48","date_gmt":"2023-11-08T16:43:48","guid":{"rendered":"https:\/\/baralivres.ma\/?post_type=product&#038;p=18828"},"modified":"2023-11-08T17:43:49","modified_gmt":"2023-11-08T16:43:49","slug":"le-bureau-des-coeurs-trouves-tome-01-lexie-melody","status":"publish","type":"product","link":"https:\/\/baralivres.ma\/?product=le-bureau-des-coeurs-trouves-tome-01-lexie-melody","title":{"rendered":"Le bureau des c\u0153urs trouv\u00e9s \u2013 tome 01 : Lexie Melody"},"content":{"rendered":"<p>Une toute nouvelle s\u00e9rie qui met en avant les individus \u00e9gar\u00e9s, ceux qui sont marginalis\u00e9s. Je me pr\u00e9sente, je m&rsquo;appelle Lexie et je suis en cinqui\u00e8me ann\u00e9e. Mon \u00e9cole est remplie d&rsquo;\u00e9l\u00e8ves qui ont du mal \u00e0 trouver leur place, tout comme moi. Cependant, j&rsquo;ai un plan fantastique pour les aider \u00e0 retrouver confiance en eux&#8230; Les Lost &amp; Found, un groupe de musique un peu excentrique, mais incroyablement accueillant ! Mon talent r\u00e9side dans la cr\u00e9ation de chansons. Mon histoire personnelle est marqu\u00e9e par la disparition de ma m\u00e8re quand j&rsquo;avais neuf ans. Mon r\u00eave est d&rsquo;apporter de l&rsquo;aide \u00e0 ceux qui se sentent d\u00e9laiss\u00e9s. Mon dilemme actuel : je suis \u00e9perdument attir\u00e9e par le voyou du groupe.<\/p>\n","protected":false},"excerpt":{"rendered":"<p>S\u00e9rie mettant en avant Lexie, 5e, groupe musical Lost &amp; Found, chansons, m\u00e8re disparue, aider marginaux, attirance.<\/p>\n","protected":false},"featured_media":18836,"comment_status":"open","ping_status":"closed","template":"","meta":{"inline_featured_image":false},"product_cat":[204,199],"product_tag":[],"class_list":{"0":"post-18828","1":"product","2":"type-product","3":"status-publish","4":"has-post-thumbnail","6":"product_cat-francais","7":"product_cat-histoires","8":"pa_auteurs-cathy-cassidy","10":"first","11":"instock","12":"shipping-taxable","13":"product-type-simple"},"_links":{"self":[{"href":"https:\/\/baralivres.ma\/index.php?rest_route=\/wp\/v2\/product\/18828","targetHints":{"allow":["GET"]}}],"collection":[{"href":"https:\/\/baralivres.ma\/index.php?rest_route=\/wp\/v2\/product"}],"about":[{"href":"https:\/\/baralivres.ma\/index.php?rest_route=\/wp\/v2\/types\/product"}],"replies":[{"embeddable":true,"href":"https:\/\/baralivres.ma\/index.php?rest_route=%2Fwp%2Fv2%2Fcomments&post=18828"}],"version-history":[{"count":2,"href":"https:\/\/baralivres.ma\/index.php?rest_route=\/wp\/v2\/product\/18828\/revisions"}],"predecessor-version":[{"id":18839,"href":"https:\/\/baralivres.ma\/index.php?rest_route=\/wp\/v2\/product\/18828\/revisions\/18839"}],"wp:featuredmedia":[{"embeddable":true,"href":"https:\/\/baralivres.ma\/index.php?rest_route=\/wp\/v2\/media\/18836"}],"wp:attachment":[{"href":"https:\/\/baralivres.ma\/index.php?rest_route=%2Fwp%2Fv2%2Fmedia&parent=18828"}],"wp:term":[{"taxonomy":"product_cat","embeddable":true,"href":"https:\/\/baralivres.ma\/index.php?rest_route=%2Fwp%2Fv2%2Fproduct_cat&post=18828"},{"taxonomy":"product_tag","embeddable":true,"href":"https:\/\/baralivres.ma\/index.php?rest_route=%2Fwp%2Fv2%2Fproduct_tag&post=18828"}],"curies":[{"name":"wp","href":"https:\/\/api.w.org\/{rel}","templated":true}]}}