{"id":18819,"date":"2023-11-08T17:37:31","date_gmt":"2023-11-08T16:37:31","guid":{"rendered":"https:\/\/baralivres.ma\/?post_type=product&#038;p=18819"},"modified":"2023-11-08T17:37:32","modified_gmt":"2023-11-08T16:37:32","slug":"aristote-et-dante-decouvrent-les-secrets-de-lunivers","status":"publish","type":"product","link":"https:\/\/baralivres.ma\/?product=aristote-et-dante-decouvrent-les-secrets-de-lunivers","title":{"rendered":"Aristote et Dante d\u00e9couvrent les secrets de l&rsquo;univers"},"content":{"rendered":"<p>Une histoire d&rsquo;amour d&rsquo;une intensit\u00e9 et d&rsquo;une justesse \u00e9motionnelle renversantes ! Ari, un adolescent de quinze ans en proie \u00e0 la col\u00e8re et au silence, tandis que son fr\u00e8re est derri\u00e8re les barreaux. En contraste, Dante se d\u00e9marque en \u00e9tant expansif, dr\u00f4le, et plein d&rsquo;assurance. Apparemment, ils n&rsquo;ont rien en commun, mais ils tissent une amiti\u00e9 profonde, de celles qui transforment \u00e0 jamais la vie. Ainsi, ensemble et l&rsquo;un pour l&rsquo;autre, ces deux gar\u00e7ons se lancent dans un voyage \u00e0 la recherche de leur identit\u00e9, d\u00e9voilant les myst\u00e8res de l&rsquo;univers qui les entoure.<\/p>\n","protected":false},"excerpt":{"rendered":"<p>Ari et Dante, oppos\u00e9s en apparence, tissent une amiti\u00e9 profonde, changeant leurs vies en qu\u00eate d&rsquo;identit\u00e9.<\/p>\n","protected":false},"featured_media":18820,"comment_status":"open","ping_status":"closed","template":"","meta":{"inline_featured_image":false},"product_cat":[204,199],"product_tag":[],"class_list":{"0":"post-18819","1":"product","2":"type-product","3":"status-publish","4":"has-post-thumbnail","6":"product_cat-francais","7":"product_cat-histoires","8":"pa_auteurs-benjamin-alire-saenz","10":"first","11":"instock","12":"shipping-taxable","13":"purchasable","14":"product-type-simple"},"_links":{"self":[{"href":"https:\/\/baralivres.ma\/index.php?rest_route=\/wp\/v2\/product\/18819","targetHints":{"allow":["GET"]}}],"collection":[{"href":"https:\/\/baralivres.ma\/index.php?rest_route=\/wp\/v2\/product"}],"about":[{"href":"https:\/\/baralivres.ma\/index.php?rest_route=\/wp\/v2\/types\/product"}],"replies":[{"embeddable":true,"href":"https:\/\/baralivres.ma\/index.php?rest_route=%2Fwp%2Fv2%2Fcomments&post=18819"}],"version-history":[{"count":2,"href":"https:\/\/baralivres.ma\/index.php?rest_route=\/wp\/v2\/product\/18819\/revisions"}],"predecessor-version":[{"id":18827,"href":"https:\/\/baralivres.ma\/index.php?rest_route=\/wp\/v2\/product\/18819\/revisions\/18827"}],"wp:featuredmedia":[{"embeddable":true,"href":"https:\/\/baralivres.ma\/index.php?rest_route=\/wp\/v2\/media\/18820"}],"wp:attachment":[{"href":"https:\/\/baralivres.ma\/index.php?rest_route=%2Fwp%2Fv2%2Fmedia&parent=18819"}],"wp:term":[{"taxonomy":"product_cat","embeddable":true,"href":"https:\/\/baralivres.ma\/index.php?rest_route=%2Fwp%2Fv2%2Fproduct_cat&post=18819"},{"taxonomy":"product_tag","embeddable":true,"href":"https:\/\/baralivres.ma\/index.php?rest_route=%2Fwp%2Fv2%2Fproduct_tag&post=18819"}],"curies":[{"name":"wp","href":"https:\/\/api.w.org\/{rel}","templated":true}]}}