{"id":18818,"date":"2023-11-08T17:36:05","date_gmt":"2023-11-08T16:36:05","guid":{"rendered":"https:\/\/baralivres.ma\/?post_type=product&#038;p=18818"},"modified":"2024-11-04T16:46:14","modified_gmt":"2024-11-04T15:46:14","slug":"larabe-du-futur","status":"publish","type":"product","link":"https:\/\/baralivres.ma\/?product=larabe-du-futur","title":{"rendered":"L&rsquo;arabe du futur &#8211; volume 1"},"content":{"rendered":"<p>Dans son roman graphique, Riad Sattouf partage son v\u00e9cu dans la Libye de Kadhafi et la Syrie d&rsquo;Hafez al-Assad pendant sa jeunesse.<\/p>\n<p>N\u00e9 en 1978 d&rsquo;un p\u00e8re syrien et d&rsquo;une m\u00e8re bretonne, Riad Sattouf grandit initialement \u00e0 Tripoli, en Libye, o\u00f9 son p\u00e8re enseigne. Issu d&rsquo;un milieu modeste, son p\u00e8re, passionn\u00e9 par la politique et fervent d\u00e9fenseur du panarabisme, \u00e9l\u00e8ve Riad en idol\u00e2trant les grands dictateurs arabes, symboles pour lui de modernit\u00e9 et de puissance virile.<\/p>\n<p>En 1984, la famille d\u00e9m\u00e9nage en Syrie pour rejoindre le village ancestral des Sattouf, proche de Homs. Le jeune Riad, souvent malmen\u00e9 par ses cousins en raison de sa chevelure blonde, d\u00e9couvre la duret\u00e9 de la vie traditionnelle des paysans. Pendant ce temps, son p\u00e8re n&rsquo;a qu&rsquo;un objectif en t\u00eate : que son fils fr\u00e9quente l&rsquo;\u00e9cole syrienne et devienne un Arabe moderne et \u00e9duqu\u00e9, un mod\u00e8le d&rsquo;Arabe pour l&rsquo;avenir.<\/p>\n<p>Ce r\u00e9cit, publi\u00e9 en trois tomes, d\u00e9bute avec cette premi\u00e8re p\u00e9riode couvrant les ann\u00e9es 1978 \u00e0 1984 de la vie de Riad Sattouf, sous le titre \u00ab\u00a0L&rsquo;Arabe du futur\u00a0\u00bb.<\/p>\n","protected":false},"excerpt":{"rendered":"<p>Riad Sattouf relate sa jeunesse entre Libye et Syrie, sous l&rsquo;influence politique paternelle.<\/p>\n","protected":false},"featured_media":18823,"comment_status":"open","ping_status":"closed","template":"","meta":{"inline_featured_image":false},"product_cat":[3934,206],"product_tag":[],"class_list":{"0":"post-18818","1":"product","2":"type-product","3":"status-publish","4":"has-post-thumbnail","6":"product_cat-larabe-du-future","7":"product_cat-enfant-adolescente-francais-enfant-adolescente","8":"pa_auteurs-riad-sattouf","10":"first","11":"instock","12":"shipping-taxable","13":"purchasable","14":"product-type-simple"},"_links":{"self":[{"href":"https:\/\/baralivres.ma\/index.php?rest_route=\/wp\/v2\/product\/18818","targetHints":{"allow":["GET"]}}],"collection":[{"href":"https:\/\/baralivres.ma\/index.php?rest_route=\/wp\/v2\/product"}],"about":[{"href":"https:\/\/baralivres.ma\/index.php?rest_route=\/wp\/v2\/types\/product"}],"replies":[{"embeddable":true,"href":"https:\/\/baralivres.ma\/index.php?rest_route=%2Fwp%2Fv2%2Fcomments&post=18818"}],"version-history":[{"count":2,"href":"https:\/\/baralivres.ma\/index.php?rest_route=\/wp\/v2\/product\/18818\/revisions"}],"predecessor-version":[{"id":21962,"href":"https:\/\/baralivres.ma\/index.php?rest_route=\/wp\/v2\/product\/18818\/revisions\/21962"}],"wp:featuredmedia":[{"embeddable":true,"href":"https:\/\/baralivres.ma\/index.php?rest_route=\/wp\/v2\/media\/18823"}],"wp:attachment":[{"href":"https:\/\/baralivres.ma\/index.php?rest_route=%2Fwp%2Fv2%2Fmedia&parent=18818"}],"wp:term":[{"taxonomy":"product_cat","embeddable":true,"href":"https:\/\/baralivres.ma\/index.php?rest_route=%2Fwp%2Fv2%2Fproduct_cat&post=18818"},{"taxonomy":"product_tag","embeddable":true,"href":"https:\/\/baralivres.ma\/index.php?rest_route=%2Fwp%2Fv2%2Fproduct_tag&post=18818"}],"curies":[{"name":"wp","href":"https:\/\/api.w.org\/{rel}","templated":true}]}}