{"id":18804,"date":"2023-11-08T17:30:06","date_gmt":"2023-11-08T16:30:06","guid":{"rendered":"https:\/\/baralivres.ma\/?post_type=product&#038;p=18804"},"modified":"2024-11-04T16:57:28","modified_gmt":"2024-11-04T15:57:28","slug":"les-cahiers-desther","status":"publish","type":"product","link":"https:\/\/baralivres.ma\/?product=les-cahiers-desther","title":{"rendered":"Les cahiers d&rsquo;Esther Tome 1 histoires de mes 18 ans"},"content":{"rendered":"<div class=\"flex-shrink-0 flex flex-col relative items-end\">\n<div>\n<div class=\"relative p-1 rounded-sm h-9 w-9 text-white flex items-center justify-center\"><\/div>\n<\/div>\n<\/div>\n<div class=\"relative flex w-[calc(100%-50px)] flex-col gizmo:w-full lg:w-[calc(100%-115px)] agent-turn\">\n<div class=\"flex-col gap-1 md:gap-3\">\n<div class=\"flex flex-grow flex-col max-w-full gap-3 gizmo:gap-0\">\n<div class=\"min-h-[20px] text-message peer flex flex-col items-start gap-3 whitespace-pre-wrap break-words peer-[.text-message]:mt-5 text-orange-500 overflow-x-auto\" data-message-author-role=\"assistant\" data-message-id=\"f5c8ee1d-46cf-4034-9d46-3031906a3f7e\">\n<div class=\"text-orange-500 markdown prose w-full break-words dark:prose-invert light\">\n<p>Les Cahiers d&rsquo;Esther, la nouvelle chronique de notre \u00e9poque par Riad Sattouf, d\u00e9voil\u00e9e en avant-premi\u00e8re dans L&rsquo;Obs, poursuit l&rsquo;exploration initi\u00e9e avec La Vie secr\u00e8te des jeunes. Inspir\u00e9s par les r\u00e9cits authentiques d&rsquo;Esther A.*, ces \u00e9crits nous plongent dans la vie quotidienne d&rsquo;une fillette de 10 ans. Esther partage avec nous son univers, \u00e9voquant son \u00e9cole, ses amis, sa famille et ses h\u00e9ros comme Tal, Kendji Girac, ou encore les \u00ab\u00a0t\u00eates br\u00fbl\u00e9es\u00a0\u00bb. Elle d\u00e9crit les crit\u00e8res de beaut\u00e9 pour \u00eatre populaire, questionnant la notion de beaut\u00e9 chez les gar\u00e7ons et les filles. Elle aborde aussi les d\u00e9fis li\u00e9s aux diff\u00e9rences sociales entre amis, tout en d\u00e9voilant des notions telles que le \u00ab\u00a0petit pont massacreur\u00a0\u00bb. De mani\u00e8re poignante, elle partage comment sa classe a v\u00e9cu les \u00e9v\u00e9nements tragiques du 7 janvier. Esther aborde avec sinc\u00e9rit\u00e9 ses pr\u00e9occupations, comme la crainte de d\u00e9velopper une poitrine imposante. En cinquante-deux pages, chaque s\u00e9quence d\u00e9voile un aspect particulier de sa vie, cr\u00e9ant un journal intime alternant entre le dr\u00f4le et l&rsquo;\u00e9mouvant, le tendre et le cruel. Ces histoires composent un portrait de la jeunesse contemporaine, offrant un reflet saisissant de notre soci\u00e9t\u00e9 actuelle.<\/p>\n<\/div>\n<\/div>\n<\/div>\n<\/div>\n<\/div>\n","protected":false},"excerpt":{"rendered":"<p>\u00ab\u00a0Les Cahiers d&rsquo;Esther de Riad Sattouf : Journal intime refl\u00e9tant la jeunesse contemporaine et soci\u00e9t\u00e9.\u00a0\u00bb<\/p>\n","protected":false},"featured_media":18810,"comment_status":"open","ping_status":"closed","template":"","meta":{"inline_featured_image":false},"product_cat":[3935,206],"product_tag":[],"class_list":{"0":"post-18804","1":"product","2":"type-product","3":"status-publish","4":"has-post-thumbnail","6":"product_cat-les-cahiers-desther","7":"product_cat-enfant-adolescente-francais-enfant-adolescente","8":"pa_auteurs-riad-sattouf","10":"first","11":"instock","12":"shipping-taxable","13":"purchasable","14":"product-type-simple"},"_links":{"self":[{"href":"https:\/\/baralivres.ma\/index.php?rest_route=\/wp\/v2\/product\/18804","targetHints":{"allow":["GET"]}}],"collection":[{"href":"https:\/\/baralivres.ma\/index.php?rest_route=\/wp\/v2\/product"}],"about":[{"href":"https:\/\/baralivres.ma\/index.php?rest_route=\/wp\/v2\/types\/product"}],"replies":[{"embeddable":true,"href":"https:\/\/baralivres.ma\/index.php?rest_route=%2Fwp%2Fv2%2Fcomments&post=18804"}],"version-history":[{"count":2,"href":"https:\/\/baralivres.ma\/index.php?rest_route=\/wp\/v2\/product\/18804\/revisions"}],"predecessor-version":[{"id":21963,"href":"https:\/\/baralivres.ma\/index.php?rest_route=\/wp\/v2\/product\/18804\/revisions\/21963"}],"wp:featuredmedia":[{"embeddable":true,"href":"https:\/\/baralivres.ma\/index.php?rest_route=\/wp\/v2\/media\/18810"}],"wp:attachment":[{"href":"https:\/\/baralivres.ma\/index.php?rest_route=%2Fwp%2Fv2%2Fmedia&parent=18804"}],"wp:term":[{"taxonomy":"product_cat","embeddable":true,"href":"https:\/\/baralivres.ma\/index.php?rest_route=%2Fwp%2Fv2%2Fproduct_cat&post=18804"},{"taxonomy":"product_tag","embeddable":true,"href":"https:\/\/baralivres.ma\/index.php?rest_route=%2Fwp%2Fv2%2Fproduct_tag&post=18804"}],"curies":[{"name":"wp","href":"https:\/\/api.w.org\/{rel}","templated":true}]}}