{"id":18795,"date":"2023-11-08T17:27:55","date_gmt":"2023-11-08T16:27:55","guid":{"rendered":"https:\/\/baralivres.ma\/?post_type=product&#038;p=18795"},"modified":"2024-11-22T11:55:36","modified_gmt":"2024-11-22T10:55:36","slug":"la-5e-vague-tome-03-la-derniere-etoile","status":"publish","type":"product","link":"https:\/\/baralivres.ma\/?product=la-5e-vague-tome-03-la-derniere-etoile","title":{"rendered":"La 5e vague &#8211; tome 03 : La derni\u00e8re \u00e9toile"},"content":{"rendered":"<p>Ils se cachent parmi nous, dissimul\u00e9s dans leurs vaisseaux invisibles, observant silencieusement. Leur pr\u00e9sence est insaisissable, leur but : la Terre. Ils d\u00e9sirent que la Terre leur appartienne de nouveau. Leur venue signifie une menace d&rsquo;extermination, mais aussi une promesse de salut.<\/p>\n<p>Cassie, Ringer, Zombie, Nugget, et les sept milliards d&rsquo;habitants de notre plan\u00e8te ont \u00e9t\u00e9 trahis, d&rsquo;abord par les Autres, puis par eux-m\u00eames. Dans ces jours sombres, les rares survivants se retrouvent face \u00e0 un choix d\u00e9chirant : sauver leur propre existence ou pr\u00e9server ce qui les d\u00e9finit en tant qu&rsquo;\u00eatres humains&#8230;<\/p>\n","protected":false},"excerpt":{"rendered":"<p>Des extraterrestres se cachent parmi nous, mena\u00e7ant la Terre, tandis que les survivants luttent pour leur humanit\u00e9.<\/p>\n","protected":false},"featured_media":18807,"comment_status":"open","ping_status":"closed","template":"","meta":{"inline_featured_image":false},"product_cat":[203,204],"product_tag":[],"class_list":{"0":"post-18795","1":"product","2":"type-product","3":"status-publish","4":"has-post-thumbnail","6":"product_cat-adolescente","7":"product_cat-francais","8":"pa_auteurs-rick-yancey","10":"first","11":"instock","12":"shipping-taxable","13":"purchasable","14":"product-type-simple"},"_links":{"self":[{"href":"https:\/\/baralivres.ma\/index.php?rest_route=\/wp\/v2\/product\/18795","targetHints":{"allow":["GET"]}}],"collection":[{"href":"https:\/\/baralivres.ma\/index.php?rest_route=\/wp\/v2\/product"}],"about":[{"href":"https:\/\/baralivres.ma\/index.php?rest_route=\/wp\/v2\/types\/product"}],"replies":[{"embeddable":true,"href":"https:\/\/baralivres.ma\/index.php?rest_route=%2Fwp%2Fv2%2Fcomments&post=18795"}],"version-history":[{"count":1,"href":"https:\/\/baralivres.ma\/index.php?rest_route=\/wp\/v2\/product\/18795\/revisions"}],"predecessor-version":[{"id":18808,"href":"https:\/\/baralivres.ma\/index.php?rest_route=\/wp\/v2\/product\/18795\/revisions\/18808"}],"wp:featuredmedia":[{"embeddable":true,"href":"https:\/\/baralivres.ma\/index.php?rest_route=\/wp\/v2\/media\/18807"}],"wp:attachment":[{"href":"https:\/\/baralivres.ma\/index.php?rest_route=%2Fwp%2Fv2%2Fmedia&parent=18795"}],"wp:term":[{"taxonomy":"product_cat","embeddable":true,"href":"https:\/\/baralivres.ma\/index.php?rest_route=%2Fwp%2Fv2%2Fproduct_cat&post=18795"},{"taxonomy":"product_tag","embeddable":true,"href":"https:\/\/baralivres.ma\/index.php?rest_route=%2Fwp%2Fv2%2Fproduct_tag&post=18795"}],"curies":[{"name":"wp","href":"https:\/\/api.w.org\/{rel}","templated":true}]}}