{"id":18793,"date":"2023-11-08T17:22:53","date_gmt":"2023-11-08T16:22:53","guid":{"rendered":"https:\/\/baralivres.ma\/?post_type=product&#038;p=18793"},"modified":"2024-11-04T16:57:58","modified_gmt":"2024-11-04T15:57:58","slug":"les-cahiers-desther-tome-8-histoires-de-mes-17-ans","status":"publish","type":"product","link":"https:\/\/baralivres.ma\/?product=les-cahiers-desther-tome-8-histoires-de-mes-17-ans","title":{"rendered":"Les Cahiers d&rsquo;Esther &#8211; Tome 8 Histoires de mes 17 ans"},"content":{"rendered":"<p>Dans le huiti\u00e8me volume des Cahiers d&rsquo;Esther de Riad Sattouf, Esther aborde d\u00e9sormais sa premi\u00e8re ann\u00e9e au lyc\u00e9e. Le redoutable bac de fran\u00e7ais approche \u00e0 grands pas, synonyme de stress et d&rsquo;interrogations sur son avenir. Elle se demande s&rsquo;il ne serait pas pr\u00e9f\u00e9rable d&rsquo;abandonner ses \u00e9tudes pour se tourner vers une carri\u00e8re de libraire, plong\u00e9e dans l&rsquo;univers des livres. Cependant, elle sait que cette voie semble moins lucrative que celle d&rsquo;influenceuse sur Instagram. En parall\u00e8le, elle se pr\u00e9pare pour le BAFA, mais les choses ne se d\u00e9roulent pas comme pr\u00e9vu.<\/p>\n<p>Toujours aux c\u00f4t\u00e9s de son amie d&rsquo;enfance, la g\u00e9niale Cassandre, d&rsquo;Eva qui orchestre des f\u00eates gigantesques en cachette de ses parents, et de L\u00e9a, engag\u00e9e avec un trafiquant (bien qu&rsquo;au fond, il soit \u00ab\u00a0sensible\u00a0\u00bb), Esther jongle avec les d\u00e9fis du lyc\u00e9e Royal pour trouver sa place.<\/p>\n","protected":false},"excerpt":{"rendered":"<p>Esther envisage abandonner ses \u00e9tudes pour devenir libraire, entre stress du bac et impr\u00e9vus.<\/p>\n","protected":false},"featured_media":18798,"comment_status":"open","ping_status":"closed","template":"","meta":{"inline_featured_image":false},"product_cat":[3935,206],"product_tag":[],"class_list":{"0":"post-18793","1":"product","2":"type-product","3":"status-publish","4":"has-post-thumbnail","6":"product_cat-les-cahiers-desther","7":"product_cat-enfant-adolescente-francais-enfant-adolescente","8":"pa_auteurs-riad-sattouf","10":"first","11":"instock","12":"shipping-taxable","13":"purchasable","14":"product-type-simple"},"_links":{"self":[{"href":"https:\/\/baralivres.ma\/index.php?rest_route=\/wp\/v2\/product\/18793","targetHints":{"allow":["GET"]}}],"collection":[{"href":"https:\/\/baralivres.ma\/index.php?rest_route=\/wp\/v2\/product"}],"about":[{"href":"https:\/\/baralivres.ma\/index.php?rest_route=\/wp\/v2\/types\/product"}],"replies":[{"embeddable":true,"href":"https:\/\/baralivres.ma\/index.php?rest_route=%2Fwp%2Fv2%2Fcomments&post=18793"}],"version-history":[{"count":1,"href":"https:\/\/baralivres.ma\/index.php?rest_route=\/wp\/v2\/product\/18793\/revisions"}],"predecessor-version":[{"id":18799,"href":"https:\/\/baralivres.ma\/index.php?rest_route=\/wp\/v2\/product\/18793\/revisions\/18799"}],"wp:featuredmedia":[{"embeddable":true,"href":"https:\/\/baralivres.ma\/index.php?rest_route=\/wp\/v2\/media\/18798"}],"wp:attachment":[{"href":"https:\/\/baralivres.ma\/index.php?rest_route=%2Fwp%2Fv2%2Fmedia&parent=18793"}],"wp:term":[{"taxonomy":"product_cat","embeddable":true,"href":"https:\/\/baralivres.ma\/index.php?rest_route=%2Fwp%2Fv2%2Fproduct_cat&post=18793"},{"taxonomy":"product_tag","embeddable":true,"href":"https:\/\/baralivres.ma\/index.php?rest_route=%2Fwp%2Fv2%2Fproduct_tag&post=18793"}],"curies":[{"name":"wp","href":"https:\/\/api.w.org\/{rel}","templated":true}]}}