{"id":18790,"date":"2023-11-08T17:22:19","date_gmt":"2023-11-08T16:22:19","guid":{"rendered":"https:\/\/baralivres.ma\/?post_type=product&#038;p=18790"},"modified":"2023-11-08T17:22:20","modified_gmt":"2023-11-08T16:22:20","slug":"les-surprenants-pouvoirs-des-aliments-sur-votre-cerveau","status":"publish","type":"product","link":"https:\/\/baralivres.ma\/?product=les-surprenants-pouvoirs-des-aliments-sur-votre-cerveau","title":{"rendered":"Les Surprenants Pouvoirs des aliments sur votre cerveau"},"content":{"rendered":"<div class=\"group w-full text-token-text-primary border-b border-black\/10 gizmo:border-0 dark:border-gray-900\/50 gizmo:dark:border-0 bg-gray-50 gizmo:bg-transparent dark:bg-[#444654] gizmo:dark:bg-transparent\" data-testid=\"conversation-turn-3\">\n<div class=\"p-4 gizmo:py-2 justify-center text-base md:gap-6 md:py-6 m-auto\">\n<div class=\"flex flex-1 gap-4 text-base mx-auto md:gap-6 gizmo:gap-3 gizmo:md:px-5 gizmo:lg:px-1 gizmo:xl:px-5 md:max-w-2xl lg:max-w-[38rem] gizmo:md:max-w-3xl gizmo:lg:max-w-[40rem] gizmo:xl:max-w-[48rem] xl:max-w-3xl }\">\n<div class=\"relative flex w-[calc(100%-50px)] flex-col gizmo:w-full lg:w-[calc(100%-115px)] agent-turn\">\n<div class=\"flex-col gap-1 md:gap-3\">\n<div class=\"flex flex-grow flex-col max-w-full gap-3 gizmo:gap-0\">\n<div class=\"min-h-[20px] text-message peer flex flex-col items-start gap-3 whitespace-pre-wrap break-words peer-[.text-message]:mt-5 overflow-x-auto\" data-message-author-role=\"assistant\" data-message-id=\"43cd8a57-9d0d-4ff8-a18e-1b80c1445b0e\">\n<div class=\"markdown prose w-full break-words dark:prose-invert light\">\n<p>D\u00e9couvrez les intrigants liens entre alimentation et bien-\u00eatre mental. Les r\u00e9centes avanc\u00e9es scientifiques d\u00e9montrent que votre alimentation peut jouer un r\u00f4le essentiel dans la gestion de l&rsquo;anxi\u00e9t\u00e9, la pr\u00e9vention de la d\u00e9pression, l&rsquo;am\u00e9lioration du sommeil, et la gu\u00e9rison des cons\u00e9quences de traumatismes. Bien que nous soyons tous conscients de l&rsquo;impact de notre r\u00e9gime alimentaire sur des aspects tels que la perte de poids, la condition physique, la sant\u00e9 cardiaque, et la long\u00e9vit\u00e9, la plupart ignorent encore les connexions profondes entre le syst\u00e8me digestif et le cerveau, ainsi que la mani\u00e8re de se nourrir pour favoriser une sant\u00e9 mentale optimale. Dans ce captivant ouvrage, Uma Naidoo vous d\u00e9voilera toutes les recommandations nutritionnelles essentielles et vous guidera dans leur application simple au quotidien.<\/p>\n<\/div>\n<\/div>\n<\/div>\n<\/div>\n<\/div>\n<\/div>\n<\/div>\n<\/div>\n","protected":false},"excerpt":{"rendered":"<p>L&rsquo;alimentation a un impact sur la sant\u00e9 mentale, Uma Naidoo explique les liens et donne des conseils.<\/p>\n","protected":false},"featured_media":18796,"comment_status":"open","ping_status":"closed","template":"","meta":{"inline_featured_image":false},"product_cat":[204,91],"product_tag":[],"class_list":{"0":"post-18790","1":"product","2":"type-product","3":"status-publish","4":"has-post-thumbnail","6":"product_cat-francais","7":"product_cat-developpement","8":"pa_auteurs-uma-naidoo","10":"first","11":"instock","12":"shipping-taxable","13":"purchasable","14":"product-type-simple"},"_links":{"self":[{"href":"https:\/\/baralivres.ma\/index.php?rest_route=\/wp\/v2\/product\/18790","targetHints":{"allow":["GET"]}}],"collection":[{"href":"https:\/\/baralivres.ma\/index.php?rest_route=\/wp\/v2\/product"}],"about":[{"href":"https:\/\/baralivres.ma\/index.php?rest_route=\/wp\/v2\/types\/product"}],"replies":[{"embeddable":true,"href":"https:\/\/baralivres.ma\/index.php?rest_route=%2Fwp%2Fv2%2Fcomments&post=18790"}],"version-history":[{"count":1,"href":"https:\/\/baralivres.ma\/index.php?rest_route=\/wp\/v2\/product\/18790\/revisions"}],"predecessor-version":[{"id":18797,"href":"https:\/\/baralivres.ma\/index.php?rest_route=\/wp\/v2\/product\/18790\/revisions\/18797"}],"wp:featuredmedia":[{"embeddable":true,"href":"https:\/\/baralivres.ma\/index.php?rest_route=\/wp\/v2\/media\/18796"}],"wp:attachment":[{"href":"https:\/\/baralivres.ma\/index.php?rest_route=%2Fwp%2Fv2%2Fmedia&parent=18790"}],"wp:term":[{"taxonomy":"product_cat","embeddable":true,"href":"https:\/\/baralivres.ma\/index.php?rest_route=%2Fwp%2Fv2%2Fproduct_cat&post=18790"},{"taxonomy":"product_tag","embeddable":true,"href":"https:\/\/baralivres.ma\/index.php?rest_route=%2Fwp%2Fv2%2Fproduct_tag&post=18790"}],"curies":[{"name":"wp","href":"https:\/\/api.w.org\/{rel}","templated":true}]}}