{"id":18783,"date":"2023-11-08T17:21:17","date_gmt":"2023-11-08T16:21:17","guid":{"rendered":"https:\/\/baralivres.ma\/?post_type=product&#038;p=18783"},"modified":"2024-11-22T11:56:02","modified_gmt":"2024-11-22T10:56:02","slug":"la-5e-vague-tome-02-la-mer-infinie","status":"publish","type":"product","link":"https:\/\/baralivres.ma\/?product=la-5e-vague-tome-02-la-mer-infinie","title":{"rendered":"La 5e vague &#8211; tome 02 : La mer infinie"},"content":{"rendered":"<p>Comment pourrait-on all\u00e9ger la surpopulation terrestre de ses sept milliards d&rsquo;habitants ? En \u00f4tant l&rsquo;essence m\u00eame de l&rsquo;humanit\u00e9 aux individus\u2026<\/p>\n<p>Cassie Sullivan et ses camarades ont r\u00e9sist\u00e9 aux ravages des quatre premi\u00e8res attaques d\u00e9vastatrices lanc\u00e9es par les envahisseurs. Alors que la cinqui\u00e8me vague se d\u00e9cha\u00eene sur la plan\u00e8te, nul ne peut pr\u00e9dire jusqu&rsquo;o\u00f9 les ennemis sont pr\u00eats \u00e0 descendre dans l&rsquo;ab\u00eeme de la cruaut\u00e9, ni jusqu&rsquo;o\u00f9 l&rsquo;humanit\u00e9 est capable de s&rsquo;\u00e9lever. La bataille ne fait que d\u00e9buter&#8230;<\/p>\n","protected":false},"excerpt":{"rendered":"<p>Lutte de Cassie et ses alli\u00e9s contre une invasion extraterrestre impitoyable et l&rsquo;effondrement de la civilisation.<\/p>\n","protected":false},"featured_media":18788,"comment_status":"open","ping_status":"closed","template":"","meta":{"inline_featured_image":false},"product_cat":[203,204],"product_tag":[],"class_list":{"0":"post-18783","1":"product","2":"type-product","3":"status-publish","4":"has-post-thumbnail","6":"product_cat-adolescente","7":"product_cat-francais","8":"pa_auteurs-rick-yancey","10":"first","11":"instock","12":"shipping-taxable","13":"purchasable","14":"product-type-simple"},"_links":{"self":[{"href":"https:\/\/baralivres.ma\/index.php?rest_route=\/wp\/v2\/product\/18783","targetHints":{"allow":["GET"]}}],"collection":[{"href":"https:\/\/baralivres.ma\/index.php?rest_route=\/wp\/v2\/product"}],"about":[{"href":"https:\/\/baralivres.ma\/index.php?rest_route=\/wp\/v2\/types\/product"}],"replies":[{"embeddable":true,"href":"https:\/\/baralivres.ma\/index.php?rest_route=%2Fwp%2Fv2%2Fcomments&post=18783"}],"version-history":[{"count":1,"href":"https:\/\/baralivres.ma\/index.php?rest_route=\/wp\/v2\/product\/18783\/revisions"}],"predecessor-version":[{"id":18794,"href":"https:\/\/baralivres.ma\/index.php?rest_route=\/wp\/v2\/product\/18783\/revisions\/18794"}],"wp:featuredmedia":[{"embeddable":true,"href":"https:\/\/baralivres.ma\/index.php?rest_route=\/wp\/v2\/media\/18788"}],"wp:attachment":[{"href":"https:\/\/baralivres.ma\/index.php?rest_route=%2Fwp%2Fv2%2Fmedia&parent=18783"}],"wp:term":[{"taxonomy":"product_cat","embeddable":true,"href":"https:\/\/baralivres.ma\/index.php?rest_route=%2Fwp%2Fv2%2Fproduct_cat&post=18783"},{"taxonomy":"product_tag","embeddable":true,"href":"https:\/\/baralivres.ma\/index.php?rest_route=%2Fwp%2Fv2%2Fproduct_tag&post=18783"}],"curies":[{"name":"wp","href":"https:\/\/api.w.org\/{rel}","templated":true}]}}