{"id":18780,"date":"2023-11-08T17:16:48","date_gmt":"2023-11-08T16:16:48","guid":{"rendered":"https:\/\/baralivres.ma\/?post_type=product&#038;p=18780"},"modified":"2024-11-04T16:58:30","modified_gmt":"2024-11-04T15:58:30","slug":"les-cahiers-desther-tome-6-histoires-de-mes-15-ans","status":"publish","type":"product","link":"https:\/\/baralivres.ma\/?product=les-cahiers-desther-tome-6-histoires-de-mes-15-ans","title":{"rendered":"Les Cahiers d&rsquo;Esther &#8211; tome 6 Histoires de mes 15 ans"},"content":{"rendered":"<p>Esther entre en troisi\u00e8me \u00e0 l&rsquo;\u00e2ge de 15 ans, partage des moments amusants avec ses amies \u00c9va et L\u00e9a, organise une f\u00eate d&rsquo;anniversaire avec de l&rsquo;alcool et se lance sur Instagram, attirant malheureusement l&rsquo;attention de personnes ind\u00e9sirables. Cependant, l&rsquo;arriv\u00e9e inattendue du coronavirus vient bouleverser sa routine, malgr\u00e9 les premi\u00e8res perceptions minimisant sa gravit\u00e9.<\/p>\n<p>La s\u00e9rie Les Cahiers d&rsquo;Esther, lanc\u00e9e par Riad Sattouf en 2015, poursuit l&rsquo;id\u00e9e de donner la parole \u00e0 une jeune fille contemporaine. \u00c0 travers les confidences hebdomadaires de la jeune fille, anonyme derri\u00e8re le pseudonyme Esther, Sattouf capture son quotidien, ses r\u00e9flexions et sa perception du monde. Ces r\u00e9cits sont ensuite transform\u00e9s en bandes dessin\u00e9es pour \u00eatre publi\u00e9s dans L&rsquo;Obs. Chaque ann\u00e9e scolaire est compil\u00e9e en albums, t\u00e9moignant des \u00e9volutions de cette jeune fille et de la soci\u00e9t\u00e9 \u00e0 travers ses exp\u00e9riences.<\/p>\n<p>Cette s\u00e9rie, loin d&rsquo;\u00eatre exclusivement destin\u00e9e aux enfants, propose un t\u00e9moignage sur notre \u00e9poque en racontant, sur neuf ans, la transition d&rsquo;une enfant vers l&rsquo;\u00e2ge adulte, offrant ainsi un voyage mouvement\u00e9 et captivant pour le lecteur.<\/p>\n","protected":false},"excerpt":{"rendered":"<p>Esther, adolescente, partage sa vie, pand\u00e9mie incluse, dans la s\u00e9rie de bandes dessin\u00e9es captivante.<\/p>\n<h1 id=\"title\" class=\"a-spacing-none a-text-normal\"><span id=\"productTitle\" class=\"a-size-extra-large celwidget\" data-csa-c-id=\"p2aq6d-3re2hl-g1tctf-6jhare\" data-cel-widget=\"productTitle\">Les Cahiers d&rsquo;Esther &#8211; tome 6 Histoires de mes 15 ans<\/span><\/h1>\n","protected":false},"featured_media":18784,"comment_status":"open","ping_status":"closed","template":"","meta":{"inline_featured_image":false},"product_cat":[3935,206],"product_tag":[],"class_list":{"0":"post-18780","1":"product","2":"type-product","3":"status-publish","4":"has-post-thumbnail","6":"product_cat-les-cahiers-desther","7":"product_cat-enfant-adolescente-francais-enfant-adolescente","8":"pa_auteurs-riad-sattouf","10":"first","11":"instock","12":"shipping-taxable","13":"purchasable","14":"product-type-simple"},"_links":{"self":[{"href":"https:\/\/baralivres.ma\/index.php?rest_route=\/wp\/v2\/product\/18780","targetHints":{"allow":["GET"]}}],"collection":[{"href":"https:\/\/baralivres.ma\/index.php?rest_route=\/wp\/v2\/product"}],"about":[{"href":"https:\/\/baralivres.ma\/index.php?rest_route=\/wp\/v2\/types\/product"}],"replies":[{"embeddable":true,"href":"https:\/\/baralivres.ma\/index.php?rest_route=%2Fwp%2Fv2%2Fcomments&post=18780"}],"version-history":[{"count":1,"href":"https:\/\/baralivres.ma\/index.php?rest_route=\/wp\/v2\/product\/18780\/revisions"}],"predecessor-version":[{"id":18785,"href":"https:\/\/baralivres.ma\/index.php?rest_route=\/wp\/v2\/product\/18780\/revisions\/18785"}],"wp:featuredmedia":[{"embeddable":true,"href":"https:\/\/baralivres.ma\/index.php?rest_route=\/wp\/v2\/media\/18784"}],"wp:attachment":[{"href":"https:\/\/baralivres.ma\/index.php?rest_route=%2Fwp%2Fv2%2Fmedia&parent=18780"}],"wp:term":[{"taxonomy":"product_cat","embeddable":true,"href":"https:\/\/baralivres.ma\/index.php?rest_route=%2Fwp%2Fv2%2Fproduct_cat&post=18780"},{"taxonomy":"product_tag","embeddable":true,"href":"https:\/\/baralivres.ma\/index.php?rest_route=%2Fwp%2Fv2%2Fproduct_tag&post=18780"}],"curies":[{"name":"wp","href":"https:\/\/api.w.org\/{rel}","templated":true}]}}