{"id":18774,"date":"2023-11-08T17:10:51","date_gmt":"2023-11-08T16:10:51","guid":{"rendered":"https:\/\/baralivres.ma\/?post_type=product&#038;p=18774"},"modified":"2024-11-04T16:59:00","modified_gmt":"2024-11-04T15:59:00","slug":"les-cahiers-desther-tome-7-histoires-de-mes-16-ans","status":"publish","type":"product","link":"https:\/\/baralivres.ma\/?product=les-cahiers-desther-tome-7-histoires-de-mes-16-ans","title":{"rendered":"Les Cahiers d&rsquo;Esther &#8211; Tome 7 Histoires de mes 16 ans"},"content":{"rendered":"<p>Imaginez Esther bravant l&rsquo;interdiction de ses parents pour assister \u00e0 une soir\u00e9e malgr\u00e9 leurs restrictions. Elle se retrouve libre dans les rues de Paris \u00e0 l&rsquo;heure du d\u00e9jeuner, d\u00e9couvrant une toute nouvelle facette d&rsquo;elle-m\u00eame en tant que lyc\u00e9enne !<\/p>\n<p>Esther est d\u00e9sormais en seconde ann\u00e9e. En raison du Covid, les cours se d\u00e9roulent souvent en demi-effectif. Elle observe que les gar\u00e7ons de son \u00e2ge deviennent de plus en plus intriguants. Certains d&rsquo;entre eux sont impliqu\u00e9s dans des activit\u00e9s li\u00e9es \u00e0 la consommation de drogues voire m\u00eame \u00e0 la revente, mais malgr\u00e9 cela, leur comportement reste bien souvent immature.<\/p>\n<p>De plus en plus, Esther se pose des questions sur ces comportements. Pourquoi les gar\u00e7ons sont-ils si attir\u00e9s par des attitudes d\u00e9linquantes ? Pourquoi les injures et les stigmatisations semblent \u00eatre surtout dirig\u00e9es vers les filles ? Elle s&rsquo;interroge sur la pr\u00e9sence de ce type de comportement m\u00eame dans les petites villes bretonnes. Qui prend en charge ce probl\u00e8me majeur que repr\u00e9sentent les gar\u00e7ons pour les filles, au fond ?<\/p>\n<p>L&rsquo;arriv\u00e9e du vaccin contre le Covid suscite des doutes parmi ses amies. Elles se demandent s&rsquo;il s&rsquo;agit d&rsquo;un complot. Esther se trouve alors confront\u00e9e \u00e0 la difficult\u00e9 de discerner la v\u00e9rit\u00e9 dans un monde o\u00f9 les informations peuvent \u00eatre ambig\u00fces.<\/p>\n<p>\u00c0 pr\u00e9sent, Esther doit choisir ses mati\u00e8res \u00ab\u00a0sp\u00e9cialis\u00e9es\u00a0\u00bb pour son orientation future. Cette d\u00e9cision l&rsquo;oblige \u00e0 penser \u00e0 sa carri\u00e8re professionnelle. Elle s&rsquo;interroge sur la n\u00e9cessit\u00e9 de travailler plus tard et se demande pourquoi cette d\u00e9cision doit \u00eatre prise si t\u00f4t dans sa vie.<\/p>\n<p>Esther \u00e9volue, se lan\u00e7ant dans un voyage en train \u00e0 travers la France, une odyss\u00e9e qui repr\u00e9sente une m\u00e9taphore de son entr\u00e9e dans l&rsquo;\u00e2ge adulte. C&rsquo;est une \u00e9tape initiatique, mais pourrait tout aussi bien \u00eatre une \u00e9preuve difficile.<\/p>\n<p>C&rsquo;est \u00e7a, avoir 16 ans !<\/p>\n","protected":false},"excerpt":{"rendered":"<p>Esther, lyc\u00e9enne, questionne les normes, fait des choix, explore l&rsquo;\u00e2ge adulte et la soci\u00e9t\u00e9.<\/p>\n","protected":false},"featured_media":18775,"comment_status":"open","ping_status":"closed","template":"","meta":{"inline_featured_image":false},"product_cat":[3935,206],"product_tag":[],"class_list":{"0":"post-18774","1":"product","2":"type-product","3":"status-publish","4":"has-post-thumbnail","6":"product_cat-les-cahiers-desther","7":"product_cat-enfant-adolescente-francais-enfant-adolescente","8":"pa_auteurs-riad-sattouf","10":"first","11":"instock","12":"shipping-taxable","13":"purchasable","14":"product-type-simple"},"_links":{"self":[{"href":"https:\/\/baralivres.ma\/index.php?rest_route=\/wp\/v2\/product\/18774","targetHints":{"allow":["GET"]}}],"collection":[{"href":"https:\/\/baralivres.ma\/index.php?rest_route=\/wp\/v2\/product"}],"about":[{"href":"https:\/\/baralivres.ma\/index.php?rest_route=\/wp\/v2\/types\/product"}],"replies":[{"embeddable":true,"href":"https:\/\/baralivres.ma\/index.php?rest_route=%2Fwp%2Fv2%2Fcomments&post=18774"}],"version-history":[{"count":1,"href":"https:\/\/baralivres.ma\/index.php?rest_route=\/wp\/v2\/product\/18774\/revisions"}],"predecessor-version":[{"id":18776,"href":"https:\/\/baralivres.ma\/index.php?rest_route=\/wp\/v2\/product\/18774\/revisions\/18776"}],"wp:featuredmedia":[{"embeddable":true,"href":"https:\/\/baralivres.ma\/index.php?rest_route=\/wp\/v2\/media\/18775"}],"wp:attachment":[{"href":"https:\/\/baralivres.ma\/index.php?rest_route=%2Fwp%2Fv2%2Fmedia&parent=18774"}],"wp:term":[{"taxonomy":"product_cat","embeddable":true,"href":"https:\/\/baralivres.ma\/index.php?rest_route=%2Fwp%2Fv2%2Fproduct_cat&post=18774"},{"taxonomy":"product_tag","embeddable":true,"href":"https:\/\/baralivres.ma\/index.php?rest_route=%2Fwp%2Fv2%2Fproduct_tag&post=18774"}],"curies":[{"name":"wp","href":"https:\/\/api.w.org\/{rel}","templated":true}]}}