{"id":18773,"date":"2023-11-08T17:14:41","date_gmt":"2023-11-08T16:14:41","guid":{"rendered":"https:\/\/baralivres.ma\/?post_type=product&#038;p=18773"},"modified":"2024-11-22T11:56:56","modified_gmt":"2024-11-22T10:56:56","slug":"la-5e-vague-tome-01","status":"publish","type":"product","link":"https:\/\/baralivres.ma\/?product=la-5e-vague-tome-01","title":{"rendered":"La 5e vague &#8211; tome 01"},"content":{"rendered":"<p>1re PHASE : Extermination des feux<\/p>\n<p>2e PHASE : Tsunami<\/p>\n<p>3e PHASE : \u00c9pid\u00e9mie<\/p>\n<p>4e PHASE : Quietude<\/p>\n<p>A L&rsquo;AUBE DE LA 5e PHASE, Cassie essaie de fuir ces \u00eatres implacables qui \u00e9liminent quiconque croise leur chemin. Ils ont \u00e9radiqu\u00e9 les derniers foyers de r\u00e9sistance et dispers\u00e9 les rares survivants. Pour Cassie, survivre signifie rester seule, jusqu&rsquo;\u00e0 sa rencontre avec Evan Walker. \u00c9nigmatique et captivant, il pourrait \u00eatre sa derni\u00e8re lueur d&rsquo;espoir pour sauver son petit fr\u00e8re&#8230;<\/p>\n","protected":false},"excerpt":{"rendered":"<p>Lutte de Cassie pour la survie face \u00e0 des envahisseurs myst\u00e9rieux, avec l&rsquo;aide d&rsquo;Evan pour sauver son fr\u00e8re.<\/p>\n","protected":false},"featured_media":18781,"comment_status":"open","ping_status":"closed","template":"","meta":{"inline_featured_image":false},"product_cat":[203,204],"product_tag":[],"class_list":{"0":"post-18773","1":"product","2":"type-product","3":"status-publish","4":"has-post-thumbnail","6":"product_cat-adolescente","7":"product_cat-francais","8":"pa_auteurs-rick-yancey","10":"first","11":"instock","12":"shipping-taxable","13":"purchasable","14":"product-type-simple"},"_links":{"self":[{"href":"https:\/\/baralivres.ma\/index.php?rest_route=\/wp\/v2\/product\/18773","targetHints":{"allow":["GET"]}}],"collection":[{"href":"https:\/\/baralivres.ma\/index.php?rest_route=\/wp\/v2\/product"}],"about":[{"href":"https:\/\/baralivres.ma\/index.php?rest_route=\/wp\/v2\/types\/product"}],"replies":[{"embeddable":true,"href":"https:\/\/baralivres.ma\/index.php?rest_route=%2Fwp%2Fv2%2Fcomments&post=18773"}],"version-history":[{"count":1,"href":"https:\/\/baralivres.ma\/index.php?rest_route=\/wp\/v2\/product\/18773\/revisions"}],"predecessor-version":[{"id":18782,"href":"https:\/\/baralivres.ma\/index.php?rest_route=\/wp\/v2\/product\/18773\/revisions\/18782"}],"wp:featuredmedia":[{"embeddable":true,"href":"https:\/\/baralivres.ma\/index.php?rest_route=\/wp\/v2\/media\/18781"}],"wp:attachment":[{"href":"https:\/\/baralivres.ma\/index.php?rest_route=%2Fwp%2Fv2%2Fmedia&parent=18773"}],"wp:term":[{"taxonomy":"product_cat","embeddable":true,"href":"https:\/\/baralivres.ma\/index.php?rest_route=%2Fwp%2Fv2%2Fproduct_cat&post=18773"},{"taxonomy":"product_tag","embeddable":true,"href":"https:\/\/baralivres.ma\/index.php?rest_route=%2Fwp%2Fv2%2Fproduct_tag&post=18773"}],"curies":[{"name":"wp","href":"https:\/\/api.w.org\/{rel}","templated":true}]}}