{"id":18772,"date":"2023-11-08T17:18:22","date_gmt":"2023-11-08T16:18:22","guid":{"rendered":"https:\/\/baralivres.ma\/?post_type=product&#038;p=18772"},"modified":"2023-11-08T17:18:23","modified_gmt":"2023-11-08T16:18:23","slug":"le-detachement-secure","status":"publish","type":"product","link":"https:\/\/baralivres.ma\/?product=le-detachement-secure","title":{"rendered":"Le D\u00e9tachement s\u00e9cure"},"content":{"rendered":"<p>Pour comprendre et soutenir efficacement leur adolescent dans son parcours vers l&rsquo;\u00e2ge adulte, les parents doivent r\u00e9pondre \u00e0 deux besoins fondamentaux. Tout d&rsquo;abord, il est essentiel d&rsquo;\u00e9tablir un lien s\u00e9curisant et solide avec leur enfant, car c&rsquo;est cette relation de confiance qui lui permettra d&rsquo;explorer en toute s\u00e9curit\u00e9 ses \u00e9motions et le monde qui l&rsquo;entoure, tout en se d\u00e9couvrant lui-m\u00eame. En parall\u00e8le, il est tout aussi crucial de donner \u00e0 l&rsquo;adolescent l&rsquo;opportunit\u00e9 de gagner en autonomie en le encourageant \u00e0 s&rsquo;\u00e9loigner du rivage de la vie familiale pour d\u00e9couvrir ses \u00e9motions, ses pens\u00e9es et le vaste monde qui l&rsquo;entoure. Marie-Jeanne Trouchaud, avec sa compr\u00e9hension approfondie des neurosciences, offre des perspectives pr\u00e9cieuses sur la mani\u00e8re de concilier ces deux besoins, afin d&rsquo;offrir \u00e0 son enfant le pr\u00e9cieux cadeau de l&rsquo;autonomie et de la libert\u00e9. Son livre se r\u00e9v\u00e8le \u00eatre un guide inestimable pour accompagner au mieux son adolescent dans cette p\u00e9riode de transition.<\/p>\n","protected":false},"excerpt":{"rendered":"<p>L&rsquo;ado a besoin de lien parental s\u00e9curisant et d&rsquo;autonomie; Trouchaud explique comment les concilier pour favoriser l&rsquo;\u00e9panouissement.<\/p>\n","protected":false},"featured_media":18787,"comment_status":"open","ping_status":"closed","template":"","meta":{"inline_featured_image":false},"product_cat":[204,91],"product_tag":[],"class_list":{"0":"post-18772","1":"product","2":"type-product","3":"status-publish","4":"has-post-thumbnail","6":"product_cat-francais","7":"product_cat-developpement","8":"pa_auteurs-marie-jeanne-trouchaud","10":"first","11":"instock","12":"shipping-taxable","13":"purchasable","14":"product-type-simple"},"_links":{"self":[{"href":"https:\/\/baralivres.ma\/index.php?rest_route=\/wp\/v2\/product\/18772","targetHints":{"allow":["GET"]}}],"collection":[{"href":"https:\/\/baralivres.ma\/index.php?rest_route=\/wp\/v2\/product"}],"about":[{"href":"https:\/\/baralivres.ma\/index.php?rest_route=\/wp\/v2\/types\/product"}],"replies":[{"embeddable":true,"href":"https:\/\/baralivres.ma\/index.php?rest_route=%2Fwp%2Fv2%2Fcomments&post=18772"}],"version-history":[{"count":1,"href":"https:\/\/baralivres.ma\/index.php?rest_route=\/wp\/v2\/product\/18772\/revisions"}],"predecessor-version":[{"id":18789,"href":"https:\/\/baralivres.ma\/index.php?rest_route=\/wp\/v2\/product\/18772\/revisions\/18789"}],"wp:featuredmedia":[{"embeddable":true,"href":"https:\/\/baralivres.ma\/index.php?rest_route=\/wp\/v2\/media\/18787"}],"wp:attachment":[{"href":"https:\/\/baralivres.ma\/index.php?rest_route=%2Fwp%2Fv2%2Fmedia&parent=18772"}],"wp:term":[{"taxonomy":"product_cat","embeddable":true,"href":"https:\/\/baralivres.ma\/index.php?rest_route=%2Fwp%2Fv2%2Fproduct_cat&post=18772"},{"taxonomy":"product_tag","embeddable":true,"href":"https:\/\/baralivres.ma\/index.php?rest_route=%2Fwp%2Fv2%2Fproduct_tag&post=18772"}],"curies":[{"name":"wp","href":"https:\/\/api.w.org\/{rel}","templated":true}]}}