{"id":18767,"date":"2023-11-08T17:03:03","date_gmt":"2023-11-08T16:03:03","guid":{"rendered":"https:\/\/baralivres.ma\/?post_type=product&#038;p=18767"},"modified":"2023-11-08T17:03:04","modified_gmt":"2023-11-08T16:03:04","slug":"le-feu-interieur","status":"publish","type":"product","link":"https:\/\/baralivres.ma\/?product=le-feu-interieur","title":{"rendered":"Le Feu int\u00e9rieur"},"content":{"rendered":"<p>La vitalit\u00e9 d&rsquo;une soci\u00e9t\u00e9, sa capacit\u00e9 de r\u00e9tablissement et d&rsquo;ajustement, repose sur la vitalit\u00e9 de chacun de ses membres. Le moment est venu d&rsquo;agir tant au niveau individuel qu&rsquo;en tant que collectif.<\/p>\n<p>Apprenez \u00e0 appr\u00e9cier vos exp\u00e9riences pass\u00e9es, y compris les difficult\u00e9s.<\/p>\n<p>Abordez les probl\u00e8mes sous un angle diff\u00e9rent, en cherchant des solutions innovantes.<\/p>\n<p>Permettez-vous de l\u00e2cher prise et de laisser les choses suivre leur cours naturel.<\/p>\n<p>Soyez audacieux dans vos initiatives et vos actions.<\/p>\n<p>Pour \u00eatre pleinement en phase avec notre \u00eatre int\u00e9rieur, pour surmonter les obstacles et les blocages, il est essentiel de savoir comment entretenir notre \u00e9nergie vitale.<\/p>\n<p>Mais comment peut-on cultiver cette \u00e9nergie ? Comment peut-on nourrir notre feu int\u00e9rieur ? Comment peut-on d\u00e9couvrir des ressources insoup\u00e7onn\u00e9es en soi-m\u00eame ?<\/p>\n<p>Il vous suffit de suivre la m\u00e9thode extraordinaire de Marie-Pierre Dillenseger, qui int\u00e8gre des aspects li\u00e9s au corps, aux \u00e9motions, ainsi qu&rsquo;\u00e0 des \u00e9nergies plus subtiles. S&rsquo;inspirant des principes des grands arts chinois, Marie-Pierre Dillenseger d\u00e9mystifie les concepts les plus profonds et les rend accessibles \u00e0 tous.<\/p>\n","protected":false},"excerpt":{"rendered":"<p>Soci\u00e9t\u00e9 dynamique d\u00e9pend de membres vigoureux, m\u00e9thode de Marie-Pierre Dillenseger pour cultiver vitalit\u00e9 personnelle profonde.<\/p>\n","protected":false},"featured_media":18770,"comment_status":"open","ping_status":"closed","template":"","meta":{"inline_featured_image":false},"product_cat":[204,91],"product_tag":[],"class_list":{"0":"post-18767","1":"product","2":"type-product","3":"status-publish","4":"has-post-thumbnail","6":"product_cat-francais","7":"product_cat-developpement","8":"pa_auteurs-marie-pierre-dillenseger","10":"first","11":"instock","12":"shipping-taxable","13":"purchasable","14":"product-type-simple"},"_links":{"self":[{"href":"https:\/\/baralivres.ma\/index.php?rest_route=\/wp\/v2\/product\/18767","targetHints":{"allow":["GET"]}}],"collection":[{"href":"https:\/\/baralivres.ma\/index.php?rest_route=\/wp\/v2\/product"}],"about":[{"href":"https:\/\/baralivres.ma\/index.php?rest_route=\/wp\/v2\/types\/product"}],"replies":[{"embeddable":true,"href":"https:\/\/baralivres.ma\/index.php?rest_route=%2Fwp%2Fv2%2Fcomments&post=18767"}],"version-history":[{"count":1,"href":"https:\/\/baralivres.ma\/index.php?rest_route=\/wp\/v2\/product\/18767\/revisions"}],"predecessor-version":[{"id":18771,"href":"https:\/\/baralivres.ma\/index.php?rest_route=\/wp\/v2\/product\/18767\/revisions\/18771"}],"wp:featuredmedia":[{"embeddable":true,"href":"https:\/\/baralivres.ma\/index.php?rest_route=\/wp\/v2\/media\/18770"}],"wp:attachment":[{"href":"https:\/\/baralivres.ma\/index.php?rest_route=%2Fwp%2Fv2%2Fmedia&parent=18767"}],"wp:term":[{"taxonomy":"product_cat","embeddable":true,"href":"https:\/\/baralivres.ma\/index.php?rest_route=%2Fwp%2Fv2%2Fproduct_cat&post=18767"},{"taxonomy":"product_tag","embeddable":true,"href":"https:\/\/baralivres.ma\/index.php?rest_route=%2Fwp%2Fv2%2Fproduct_tag&post=18767"}],"curies":[{"name":"wp","href":"https:\/\/api.w.org\/{rel}","templated":true}]}}