{"id":18763,"date":"2023-11-08T16:54:58","date_gmt":"2023-11-08T15:54:58","guid":{"rendered":"https:\/\/baralivres.ma\/?post_type=product&#038;p=18763"},"modified":"2024-05-05T15:47:48","modified_gmt":"2024-05-05T14:47:48","slug":"changez-dalimentation","status":"publish","type":"product","link":"https:\/\/baralivres.ma\/?product=changez-dalimentation","title":{"rendered":"Changez d&rsquo;alimentation"},"content":{"rendered":"<p>Notre organisme fonctionne de mani\u00e8re coh\u00e9rente et harmonieuse. Lorsque nous lui fournissons les nutriments appropri\u00e9s, nous augmentons consid\u00e9rablement nos chances de maintenir une excellente sant\u00e9. Alors, quels aliments devrions-nous \u00e9viter ? En revanche, lesquels peuvent nous aider \u00e0 pr\u00e9server, voire \u00e0 am\u00e9liorer notre bien-\u00eatre ? Comment une alimentation ad\u00e9quate peut-elle att\u00e9nuer ou m\u00eame stopper les sympt\u00f4mes de diverses maladies ? Pouvons-nous nous prot\u00e9ger contre le cancer ? Et que dire du gluten, des produits laitiers et de la viande ? Dans ce livre, le professeur Joyeux aborde toutes ces questions et bien d&rsquo;autres, donnant \u00e0 chaque individu les connaissances n\u00e9cessaires pour prendre des d\u00e9cisions alimentaires \u00e9clair\u00e9es. Ce livre essentiel a le potentiel de transformer votre vie.<\/p>\n","protected":false},"excerpt":{"rendered":"<p>Le professeur Joyeux explore les aliments \u00e0 \u00e9viter et \u00e0 privil\u00e9gier pour une sant\u00e9 optimale.<\/p>\n","protected":false},"featured_media":18764,"comment_status":"open","ping_status":"closed","template":"","meta":{"inline_featured_image":false},"product_cat":[204,3675,91],"product_tag":[],"class_list":{"0":"post-18763","1":"product","2":"type-product","3":"status-publish","4":"has-post-thumbnail","6":"product_cat-francais","7":"product_cat-humains-et-productivite","8":"product_cat-developpement","9":"pa_auteurs-henri-joyeux","11":"first","12":"instock","13":"shipping-taxable","14":"purchasable","15":"product-type-simple"},"_links":{"self":[{"href":"https:\/\/baralivres.ma\/index.php?rest_route=\/wp\/v2\/product\/18763","targetHints":{"allow":["GET"]}}],"collection":[{"href":"https:\/\/baralivres.ma\/index.php?rest_route=\/wp\/v2\/product"}],"about":[{"href":"https:\/\/baralivres.ma\/index.php?rest_route=\/wp\/v2\/types\/product"}],"replies":[{"embeddable":true,"href":"https:\/\/baralivres.ma\/index.php?rest_route=%2Fwp%2Fv2%2Fcomments&post=18763"}],"version-history":[{"count":1,"href":"https:\/\/baralivres.ma\/index.php?rest_route=\/wp\/v2\/product\/18763\/revisions"}],"predecessor-version":[{"id":18765,"href":"https:\/\/baralivres.ma\/index.php?rest_route=\/wp\/v2\/product\/18763\/revisions\/18765"}],"wp:featuredmedia":[{"embeddable":true,"href":"https:\/\/baralivres.ma\/index.php?rest_route=\/wp\/v2\/media\/18764"}],"wp:attachment":[{"href":"https:\/\/baralivres.ma\/index.php?rest_route=%2Fwp%2Fv2%2Fmedia&parent=18763"}],"wp:term":[{"taxonomy":"product_cat","embeddable":true,"href":"https:\/\/baralivres.ma\/index.php?rest_route=%2Fwp%2Fv2%2Fproduct_cat&post=18763"},{"taxonomy":"product_tag","embeddable":true,"href":"https:\/\/baralivres.ma\/index.php?rest_route=%2Fwp%2Fv2%2Fproduct_tag&post=18763"}],"curies":[{"name":"wp","href":"https:\/\/api.w.org\/{rel}","templated":true}]}}