{"id":18757,"date":"2023-11-08T16:45:35","date_gmt":"2023-11-08T15:45:35","guid":{"rendered":"https:\/\/baralivres.ma\/?post_type=product&#038;p=18757"},"modified":"2025-04-17T15:30:23","modified_gmt":"2025-04-17T14:30:23","slug":"les-hirondelles-de-kaboul-2","status":"publish","type":"product","link":"https:\/\/baralivres.ma\/?product=les-hirondelles-de-kaboul-2","title":{"rendered":"Les hirondelles de Kaboul"},"content":{"rendered":"<p>Au c\u0153ur des d\u00e9combres calcin\u00e9s de Kaboul, la mort r\u00e8gne en ma\u00eetre, incarn\u00e9e par les Talibans au turban noir. Les ex\u00e9cutions publiques et les lapidations se multiplient, laissant peu de place \u00e0 la joie et au rire. Atiq, un moudjahid courageux devenu ge\u00f4lier, porte le poids de sa culpabilit\u00e9. Mohsen, autrefois assoiff\u00e9 de modernit\u00e9, a aussi perdu tout d\u00e9sir de vivre. Son \u00e9pouse, Zunaira, une avocate d&rsquo;une beaut\u00e9 incomparable, est d\u00e9sormais clo\u00eetr\u00e9e dans l&rsquo;obscurit\u00e9 de son tchadri grillag\u00e9. \u00c0 Kaboul, o\u00f9 la folie guette \u00e0 chaque coin de rue, les histoires se r\u00e9sument d\u00e9sormais \u00e0 des trag\u00e9dies. Le printemps des hirondelles semble s&rsquo;\u00eatre \u00e9loign\u00e9 pour de bon.<\/p>\n","protected":false},"excerpt":{"rendered":"<p>Kaboul, sous le joug des Talibans, une trag\u00e9die quotidienne, des vies bris\u00e9es, le printemps lointain.<\/p>\n","protected":false},"featured_media":18759,"comment_status":"open","ping_status":"closed","template":"","meta":{"inline_featured_image":false},"product_cat":[3873,143],"product_tag":[],"class_list":{"0":"post-18757","1":"product","2":"type-product","3":"status-publish","4":"has-post-thumbnail","6":"product_cat-roman-en-francais","7":"product_cat-roman","8":"pa_auteurs-yasmina-khadra","10":"first","11":"instock","12":"shipping-taxable","13":"purchasable","14":"product-type-simple"},"_links":{"self":[{"href":"https:\/\/baralivres.ma\/index.php?rest_route=\/wp\/v2\/product\/18757","targetHints":{"allow":["GET"]}}],"collection":[{"href":"https:\/\/baralivres.ma\/index.php?rest_route=\/wp\/v2\/product"}],"about":[{"href":"https:\/\/baralivres.ma\/index.php?rest_route=\/wp\/v2\/types\/product"}],"replies":[{"embeddable":true,"href":"https:\/\/baralivres.ma\/index.php?rest_route=%2Fwp%2Fv2%2Fcomments&post=18757"}],"version-history":[{"count":1,"href":"https:\/\/baralivres.ma\/index.php?rest_route=\/wp\/v2\/product\/18757\/revisions"}],"predecessor-version":[{"id":18760,"href":"https:\/\/baralivres.ma\/index.php?rest_route=\/wp\/v2\/product\/18757\/revisions\/18760"}],"wp:featuredmedia":[{"embeddable":true,"href":"https:\/\/baralivres.ma\/index.php?rest_route=\/wp\/v2\/media\/18759"}],"wp:attachment":[{"href":"https:\/\/baralivres.ma\/index.php?rest_route=%2Fwp%2Fv2%2Fmedia&parent=18757"}],"wp:term":[{"taxonomy":"product_cat","embeddable":true,"href":"https:\/\/baralivres.ma\/index.php?rest_route=%2Fwp%2Fv2%2Fproduct_cat&post=18757"},{"taxonomy":"product_tag","embeddable":true,"href":"https:\/\/baralivres.ma\/index.php?rest_route=%2Fwp%2Fv2%2Fproduct_tag&post=18757"}],"curies":[{"name":"wp","href":"https:\/\/api.w.org\/{rel}","templated":true}]}}