{"id":18754,"date":"2023-11-08T16:37:06","date_gmt":"2023-11-08T15:37:06","guid":{"rendered":"https:\/\/baralivres.ma\/?post_type=product&#038;p=18754"},"modified":"2025-04-17T15:30:38","modified_gmt":"2025-04-17T14:30:38","slug":"ce-que-le-jour-doit-a-la-nuit","status":"publish","type":"product","link":"https:\/\/baralivres.ma\/?product=ce-que-le-jour-doit-a-la-nuit","title":{"rendered":"Ce que le jour doit \u00e0 la nuit"},"content":{"rendered":"<p>Lorsque j&rsquo;\u00e9tais enfant, mon oncle me murmurait des paroles sages : \u00ab\u00a0Si une femme t&rsquo;aimait, et si tu \u00e9tais assez conscient de la valeur de ce privil\u00e8ge, aucun dieu ne serait comparable.\u00a0\u00bb C&rsquo;\u00e9tait au printemps de 1962 \u00e0 Oran, une ville retenant son souffle. Les derniers soubresauts de la guerre agitaient le pays. Moi, Younes, \u00e2g\u00e9 de seulement neuf ans, j&rsquo;ai \u00e9t\u00e9 confi\u00e9 \u00e0 mon oncle, un pharmacien bien int\u00e9gr\u00e9 dans la communaut\u00e9 pied-noir de l&rsquo;Oranais, par mon p\u00e8re, un paysan endett\u00e9.<\/p>\n<p>Sous le nom de Jonas, j&rsquo;ai grandi parmi de jeunes colons, devenant leur ami ins\u00e9parable, et j&rsquo;ai \u00e9t\u00e9 \u00e9pris d&rsquo;Emilie, une passion ardente. La r\u00e9volte alg\u00e9rienne a surgi, plongeant Younes-Jonas dans un tourbillon sanglant et fratricide.<\/p>\n","protected":false},"excerpt":{"rendered":"<p>En Alg\u00e9rie, Younes est confi\u00e9 \u00e0 son oncle pied-noir, devient Jonas, tombe amoureux d&rsquo;Emilie, et la guerre les divise.<\/p>\n","protected":false},"featured_media":18755,"comment_status":"open","ping_status":"closed","template":"","meta":{"inline_featured_image":false},"product_cat":[3873,143],"product_tag":[],"class_list":{"0":"post-18754","1":"product","2":"type-product","3":"status-publish","4":"has-post-thumbnail","6":"product_cat-roman-en-francais","7":"product_cat-roman","8":"pa_auteurs-yasmina-khadra","10":"first","11":"instock","12":"shipping-taxable","13":"purchasable","14":"product-type-simple"},"_links":{"self":[{"href":"https:\/\/baralivres.ma\/index.php?rest_route=\/wp\/v2\/product\/18754","targetHints":{"allow":["GET"]}}],"collection":[{"href":"https:\/\/baralivres.ma\/index.php?rest_route=\/wp\/v2\/product"}],"about":[{"href":"https:\/\/baralivres.ma\/index.php?rest_route=\/wp\/v2\/types\/product"}],"replies":[{"embeddable":true,"href":"https:\/\/baralivres.ma\/index.php?rest_route=%2Fwp%2Fv2%2Fcomments&post=18754"}],"version-history":[{"count":1,"href":"https:\/\/baralivres.ma\/index.php?rest_route=\/wp\/v2\/product\/18754\/revisions"}],"predecessor-version":[{"id":18756,"href":"https:\/\/baralivres.ma\/index.php?rest_route=\/wp\/v2\/product\/18754\/revisions\/18756"}],"wp:featuredmedia":[{"embeddable":true,"href":"https:\/\/baralivres.ma\/index.php?rest_route=\/wp\/v2\/media\/18755"}],"wp:attachment":[{"href":"https:\/\/baralivres.ma\/index.php?rest_route=%2Fwp%2Fv2%2Fmedia&parent=18754"}],"wp:term":[{"taxonomy":"product_cat","embeddable":true,"href":"https:\/\/baralivres.ma\/index.php?rest_route=%2Fwp%2Fv2%2Fproduct_cat&post=18754"},{"taxonomy":"product_tag","embeddable":true,"href":"https:\/\/baralivres.ma\/index.php?rest_route=%2Fwp%2Fv2%2Fproduct_tag&post=18754"}],"curies":[{"name":"wp","href":"https:\/\/api.w.org\/{rel}","templated":true}]}}