{"id":18751,"date":"2023-11-08T16:27:37","date_gmt":"2023-11-08T15:27:37","guid":{"rendered":"https:\/\/baralivres.ma\/?post_type=product&#038;p=18751"},"modified":"2025-04-17T15:30:53","modified_gmt":"2025-04-17T14:30:53","slug":"les-vertueux","status":"publish","type":"product","link":"https:\/\/baralivres.ma\/?product=les-vertueux","title":{"rendered":"Les Vertueux"},"content":{"rendered":"<p>Partir \u00e0 la guerre en remplacement d&rsquo;un autre, rentrer en h\u00e9ros, puis se retrouver banni&#8230;<\/p>\n<p>\u00ab\u00a0C&rsquo;est \u00e9tonnant de voir comment des \u00e9v\u00e9nements extraordinaires peuvent s&rsquo;abattre sur vous, bouleversant radicalement le cours de votre vie. En 1914, en Alg\u00e9rie, un jeune berger nomm\u00e9 Yacine, qui n&rsquo;avait jamais quitt\u00e9 son douar, a \u00e9t\u00e9 emport\u00e9 par des circonstances inattendues. Il a \u00e9t\u00e9 plong\u00e9 dans le monde moderne, avec ses machines, ses intrigues, ses soldats loyaux et ses trahisons. Il a connu les horreurs des tranch\u00e9es, les promesses trahies et a d\u00e9couvert un amour simple et puissant qui l&rsquo;a aid\u00e9 \u00e0 survivre face \u00e0 l&rsquo;adversit\u00e9.\u00a0\u00bb<\/p>\n<p>Cet ouvrage a \u00e9t\u00e9 s\u00e9lectionn\u00e9 pour le Prix du Roman Fnac et le Grand Prix du Roman de l&rsquo;Acad\u00e9mie fran\u00e7aise.<\/p>\n","protected":false},"excerpt":{"rendered":"<p>Un berger alg\u00e9rien part \u00e0 la guerre pour un autre, devient h\u00e9ros, mais finit proscrit. Survie et amour.<\/p>\n","protected":false},"featured_media":18752,"comment_status":"open","ping_status":"closed","template":"","meta":{"inline_featured_image":false},"product_cat":[3873,143],"product_tag":[],"class_list":{"0":"post-18751","1":"product","2":"type-product","3":"status-publish","4":"has-post-thumbnail","6":"product_cat-roman-en-francais","7":"product_cat-roman","8":"pa_auteurs-yasmina-khadra","10":"first","11":"instock","12":"shipping-taxable","13":"purchasable","14":"product-type-simple"},"_links":{"self":[{"href":"https:\/\/baralivres.ma\/index.php?rest_route=\/wp\/v2\/product\/18751","targetHints":{"allow":["GET"]}}],"collection":[{"href":"https:\/\/baralivres.ma\/index.php?rest_route=\/wp\/v2\/product"}],"about":[{"href":"https:\/\/baralivres.ma\/index.php?rest_route=\/wp\/v2\/types\/product"}],"replies":[{"embeddable":true,"href":"https:\/\/baralivres.ma\/index.php?rest_route=%2Fwp%2Fv2%2Fcomments&post=18751"}],"version-history":[{"count":1,"href":"https:\/\/baralivres.ma\/index.php?rest_route=\/wp\/v2\/product\/18751\/revisions"}],"predecessor-version":[{"id":18753,"href":"https:\/\/baralivres.ma\/index.php?rest_route=\/wp\/v2\/product\/18751\/revisions\/18753"}],"wp:featuredmedia":[{"embeddable":true,"href":"https:\/\/baralivres.ma\/index.php?rest_route=\/wp\/v2\/media\/18752"}],"wp:attachment":[{"href":"https:\/\/baralivres.ma\/index.php?rest_route=%2Fwp%2Fv2%2Fmedia&parent=18751"}],"wp:term":[{"taxonomy":"product_cat","embeddable":true,"href":"https:\/\/baralivres.ma\/index.php?rest_route=%2Fwp%2Fv2%2Fproduct_cat&post=18751"},{"taxonomy":"product_tag","embeddable":true,"href":"https:\/\/baralivres.ma\/index.php?rest_route=%2Fwp%2Fv2%2Fproduct_tag&post=18751"}],"curies":[{"name":"wp","href":"https:\/\/api.w.org\/{rel}","templated":true}]}}