{"id":18714,"date":"2023-11-07T12:02:53","date_gmt":"2023-11-07T11:02:53","guid":{"rendered":"https:\/\/baralivres.ma\/?post_type=product&#038;p=18714"},"modified":"2023-11-07T12:37:06","modified_gmt":"2023-11-07T11:37:06","slug":"lart-des-medias-sociaux","status":"publish","type":"product","link":"https:\/\/baralivres.ma\/?product=lart-des-medias-sociaux","title":{"rendered":"L&rsquo;ART DES MEDIAS SOCIAUX"},"content":{"rendered":"<p>L&rsquo;objectif de cet ouvrage est de vous aider \u00e0 exploiter au mieux les m\u00e9dias sociaux dans un contexte professionnel. Nous partons du principe que vous avez d\u00e9j\u00e0 acquis les bases et que vous cherchez \u00e0 optimiser votre utilisation des m\u00e9dias sociaux, que ce soit pour votre propre compte ou pour le compte d&rsquo;une entreprise.<\/p>\n<p>Il est important de noter que nous ne sommes pas des observateurs ext\u00e9rieurs, mais des acteurs actifs sur la sc\u00e8ne des m\u00e9dias sociaux. Notre expertise a \u00e9t\u00e9 forg\u00e9e par l&rsquo;exp\u00e9rimentation, l&rsquo;engagement continu et le dur labeur, plut\u00f4t que par des discours pontifiants ou des participations \u00e0 des conf\u00e9rences. Ce guide regorge de plus d&rsquo;une centaine de conseils et astuces concrets. Nous adoptons une approche pragmatique et ne proposons que des conseils strat\u00e9giques et pratiques pour vous aider \u00e0 atteindre vos objectifs professionnels sur les m\u00e9dias sociaux.<\/p>\n","protected":false},"excerpt":{"rendered":"<p>Ce livre vise \u00e0 am\u00e9liorer votre utilisation professionnelle des m\u00e9dias sociaux en partageant nos connaissances pratiques, acquises gr\u00e2ce \u00e0 l&rsquo;exp\u00e9rience et \u00e0 l&rsquo;effort, pas \u00e0 pas. Il offre plus de 100 conseils pragmatiques pour ceux qui souhaitent tirer le meilleur parti des m\u00e9dias sociaux.<\/p>\n","protected":false},"featured_media":18716,"comment_status":"open","ping_status":"closed","template":"","meta":{"inline_featured_image":false},"product_cat":[204,91],"product_tag":[],"class_list":{"0":"post-18714","1":"product","2":"type-product","3":"status-publish","4":"has-post-thumbnail","6":"product_cat-francais","7":"product_cat-developpement","8":"pa_auteurs-guy-kawasaki","10":"first","11":"instock","12":"shipping-taxable","13":"purchasable","14":"product-type-simple"},"_links":{"self":[{"href":"https:\/\/baralivres.ma\/index.php?rest_route=\/wp\/v2\/product\/18714","targetHints":{"allow":["GET"]}}],"collection":[{"href":"https:\/\/baralivres.ma\/index.php?rest_route=\/wp\/v2\/product"}],"about":[{"href":"https:\/\/baralivres.ma\/index.php?rest_route=\/wp\/v2\/types\/product"}],"replies":[{"embeddable":true,"href":"https:\/\/baralivres.ma\/index.php?rest_route=%2Fwp%2Fv2%2Fcomments&post=18714"}],"version-history":[{"count":1,"href":"https:\/\/baralivres.ma\/index.php?rest_route=\/wp\/v2\/product\/18714\/revisions"}],"predecessor-version":[{"id":18717,"href":"https:\/\/baralivres.ma\/index.php?rest_route=\/wp\/v2\/product\/18714\/revisions\/18717"}],"wp:featuredmedia":[{"embeddable":true,"href":"https:\/\/baralivres.ma\/index.php?rest_route=\/wp\/v2\/media\/18716"}],"wp:attachment":[{"href":"https:\/\/baralivres.ma\/index.php?rest_route=%2Fwp%2Fv2%2Fmedia&parent=18714"}],"wp:term":[{"taxonomy":"product_cat","embeddable":true,"href":"https:\/\/baralivres.ma\/index.php?rest_route=%2Fwp%2Fv2%2Fproduct_cat&post=18714"},{"taxonomy":"product_tag","embeddable":true,"href":"https:\/\/baralivres.ma\/index.php?rest_route=%2Fwp%2Fv2%2Fproduct_tag&post=18714"}],"curies":[{"name":"wp","href":"https:\/\/api.w.org\/{rel}","templated":true}]}}