{"id":18704,"date":"2023-11-07T11:51:12","date_gmt":"2023-11-07T10:51:12","guid":{"rendered":"https:\/\/baralivres.ma\/?post_type=product&#038;p=18704"},"modified":"2023-11-07T11:52:13","modified_gmt":"2023-11-07T10:52:13","slug":"finance-dentreprise-5e-ed","status":"publish","type":"product","link":"https:\/\/baralivres.ma\/?product=finance-dentreprise-5e-ed","title":{"rendered":"FINANCE D&rsquo;ENTREPRISE (5E. ED.)"},"content":{"rendered":"<div class=\"group w-full text-token-text-primary border-b border-black\/10 gizmo:border-0 dark:border-gray-900\/50 gizmo:dark:border-0 bg-gray-50 gizmo:bg-transparent dark:bg-[#444654] gizmo:dark:bg-transparent\" data-testid=\"conversation-turn-27\">\n<div class=\"p-4 gizmo:py-2 justify-center text-base md:gap-6 md:py-6 m-auto\">\n<div class=\"flex flex-1 gap-4 text-base mx-auto md:gap-6 gizmo:gap-3 gizmo:md:px-5 gizmo:lg:px-1 gizmo:xl:px-5 md:max-w-2xl lg:max-w-[38rem] gizmo:md:max-w-3xl gizmo:lg:max-w-[40rem] gizmo:xl:max-w-[48rem] xl:max-w-3xl }\">\n<div class=\"relative flex w-[calc(100%-50px)] flex-col gizmo:w-full lg:w-[calc(100%-115px)] agent-turn\">\n<div class=\"flex-col gap-1 md:gap-3\">\n<div class=\"flex flex-grow flex-col max-w-full gap-3 gizmo:gap-0\">\n<div class=\"min-h-[20px] flex flex-col items-start gap-3 whitespace-pre-wrap break-words overflow-x-auto\" data-message-author-role=\"assistant\" data-message-id=\"dc68de05-53dd-41c8-920f-4d4d4e8c11a3\">\n<div class=\"markdown prose w-full break-words dark:prose-invert light\">\n<p>Ce manuel international de r\u00e9f\u00e9rence offre une approche \u00e9quilibr\u00e9e entre la th\u00e9orie et la pratique. Il contient plus de 800 exercices con\u00e7us pour permettre aux \u00e9tudiants de s&rsquo;entra\u00eener et de mettre en application leurs connaissances en finance d&rsquo;entreprise. Adopt\u00e9 par de nombreuses institutions \u00e9ducatives prestigieuses, ce manuel propose une approche didactique de la finance d&rsquo;entreprise en utilisant la Loi du prix unique comme fil conducteur, ce qui en fait un outil p\u00e9dagogique de choix pour les \u00e9tudiants et les professionnels cherchant \u00e0 approfondir leurs comp\u00e9tences en finance.<\/p>\n<\/div>\n<\/div>\n<\/div>\n<div class=\"flex justify-between empty:hidden gizmo:justify-start gizmo:gap-3 lg:block gizmo:lg:flex\">\n<div class=\"text-gray-400 flex self-end lg:self-center justify-center gizmo:lg:justify-start mt-2 gizmo:mt-0 visible lg:gap-1 lg:absolute lg:top-0 lg:translate-x-full lg:right-0 lg:mt-0 lg:pl-2 gap-2 md:gap-3\">\n<p>&nbsp;<\/p>\n<div class=\"flex gap-1\"><\/div>\n<\/div>\n<\/div>\n<\/div>\n<\/div>\n<\/div>\n<\/div>\n<\/div>\n","protected":false},"excerpt":{"rendered":"<p>Un manuel complet avec 800 exercices pour comprendre la finance d&rsquo;entreprise, bas\u00e9 sur la Loi du prix unique. Adopt\u00e9 par des \u00e9tablissements de renom.<\/p>\n","protected":false},"featured_media":18708,"comment_status":"open","ping_status":"closed","template":"","meta":{"inline_featured_image":false},"product_cat":[204,91],"product_tag":[],"class_list":{"0":"post-18704","1":"product","2":"type-product","3":"status-publish","4":"has-post-thumbnail","6":"product_cat-francais","7":"product_cat-developpement","8":"pa_auteurs-jonathan-berk","10":"first","11":"instock","12":"shipping-taxable","13":"purchasable","14":"product-type-simple"},"_links":{"self":[{"href":"https:\/\/baralivres.ma\/index.php?rest_route=\/wp\/v2\/product\/18704","targetHints":{"allow":["GET"]}}],"collection":[{"href":"https:\/\/baralivres.ma\/index.php?rest_route=\/wp\/v2\/product"}],"about":[{"href":"https:\/\/baralivres.ma\/index.php?rest_route=\/wp\/v2\/types\/product"}],"replies":[{"embeddable":true,"href":"https:\/\/baralivres.ma\/index.php?rest_route=%2Fwp%2Fv2%2Fcomments&post=18704"}],"version-history":[{"count":3,"href":"https:\/\/baralivres.ma\/index.php?rest_route=\/wp\/v2\/product\/18704\/revisions"}],"predecessor-version":[{"id":18713,"href":"https:\/\/baralivres.ma\/index.php?rest_route=\/wp\/v2\/product\/18704\/revisions\/18713"}],"wp:featuredmedia":[{"embeddable":true,"href":"https:\/\/baralivres.ma\/index.php?rest_route=\/wp\/v2\/media\/18708"}],"wp:attachment":[{"href":"https:\/\/baralivres.ma\/index.php?rest_route=%2Fwp%2Fv2%2Fmedia&parent=18704"}],"wp:term":[{"taxonomy":"product_cat","embeddable":true,"href":"https:\/\/baralivres.ma\/index.php?rest_route=%2Fwp%2Fv2%2Fproduct_cat&post=18704"},{"taxonomy":"product_tag","embeddable":true,"href":"https:\/\/baralivres.ma\/index.php?rest_route=%2Fwp%2Fv2%2Fproduct_tag&post=18704"}],"curies":[{"name":"wp","href":"https:\/\/api.w.org\/{rel}","templated":true}]}}