{"id":18651,"date":"2023-11-07T10:15:44","date_gmt":"2023-11-07T09:15:44","guid":{"rendered":"https:\/\/baralivres.ma\/?post_type=product&#038;p=18651"},"modified":"2023-11-07T10:31:23","modified_gmt":"2023-11-07T09:31:23","slug":"quit","status":"publish","type":"product","link":"https:\/\/baralivres.ma\/?product=quit","title":{"rendered":"QUIT"},"content":{"rendered":"<p>Les chefs d&rsquo;entreprise, les gouvernements et les individus ont du mal \u00e0 abandonner des projets inefficaces. Annie Duke explique pourquoi et comment arr\u00eater au bon moment est essentiel pour r\u00e9ussir, en s&rsquo;appuyant sur des exemples d&rsquo;athl\u00e8tes et de leaders. Elle r\u00e9v\u00e8le les forces qui entravent la prise de d\u00e9cision, propose des strat\u00e9gies pour am\u00e9liorer la r\u00e9flexion sur la valeur attendue et promeut des pratiques telles que la flexibilit\u00e9 des objectifs. Ma\u00eetriser l&rsquo;art d&rsquo;abandonner aide \u00e0 prendre des d\u00e9cisions judicieuses dans la vie professionnelle et personnelle.<\/p>\n","protected":false},"excerpt":{"rendered":"<p>Annie Duke explore l&rsquo;importance de savoir abandonner des projets inefficaces pour r\u00e9ussir dans divers domaines.<\/p>\n","protected":false},"featured_media":18656,"comment_status":"open","ping_status":"closed","template":"","meta":{"inline_featured_image":false},"product_cat":[204,91],"product_tag":[],"class_list":{"0":"post-18651","1":"product","2":"type-product","3":"status-publish","4":"has-post-thumbnail","6":"product_cat-francais","7":"product_cat-developpement","8":"pa_auteurs-annie-duke","10":"first","11":"instock","12":"shipping-taxable","13":"purchasable","14":"product-type-simple"},"_links":{"self":[{"href":"https:\/\/baralivres.ma\/index.php?rest_route=\/wp\/v2\/product\/18651","targetHints":{"allow":["GET"]}}],"collection":[{"href":"https:\/\/baralivres.ma\/index.php?rest_route=\/wp\/v2\/product"}],"about":[{"href":"https:\/\/baralivres.ma\/index.php?rest_route=\/wp\/v2\/types\/product"}],"replies":[{"embeddable":true,"href":"https:\/\/baralivres.ma\/index.php?rest_route=%2Fwp%2Fv2%2Fcomments&post=18651"}],"version-history":[{"count":2,"href":"https:\/\/baralivres.ma\/index.php?rest_route=\/wp\/v2\/product\/18651\/revisions"}],"predecessor-version":[{"id":18657,"href":"https:\/\/baralivres.ma\/index.php?rest_route=\/wp\/v2\/product\/18651\/revisions\/18657"}],"wp:featuredmedia":[{"embeddable":true,"href":"https:\/\/baralivres.ma\/index.php?rest_route=\/wp\/v2\/media\/18656"}],"wp:attachment":[{"href":"https:\/\/baralivres.ma\/index.php?rest_route=%2Fwp%2Fv2%2Fmedia&parent=18651"}],"wp:term":[{"taxonomy":"product_cat","embeddable":true,"href":"https:\/\/baralivres.ma\/index.php?rest_route=%2Fwp%2Fv2%2Fproduct_cat&post=18651"},{"taxonomy":"product_tag","embeddable":true,"href":"https:\/\/baralivres.ma\/index.php?rest_route=%2Fwp%2Fv2%2Fproduct_tag&post=18651"}],"curies":[{"name":"wp","href":"https:\/\/api.w.org\/{rel}","templated":true}]}}