{"id":18630,"date":"2023-11-07T09:44:44","date_gmt":"2023-11-07T08:44:44","guid":{"rendered":"https:\/\/baralivres.ma\/?post_type=product&#038;p=18630"},"modified":"2023-11-07T10:05:20","modified_gmt":"2023-11-07T09:05:20","slug":"la-revolution-des-solutions","status":"publish","type":"product","link":"https:\/\/baralivres.ma\/?product=la-revolution-des-solutions","title":{"rendered":"LA REVOLUTION DES SOLUTIONS"},"content":{"rendered":"<p>Les soins m\u00e9dicaux abordables, la lutte contre la pauvret\u00e9 et les \u00e9nergies renouvelables sont d&rsquo;importants d\u00e9fis pour notre soci\u00e9t\u00e9 mondialis\u00e9e. Le gouvernement ne peut pas les relever seul. Il nous faut un mod\u00e8le \u00e9conomique flexible, favorisant la collaboration entre diff\u00e9rents acteurs, pour cr\u00e9er de la valeur tout en am\u00e9liorant la vie des citoyens. \u00ab\u00a0La R\u00e9volution des solutions\u00a0\u00bb met en avant une nouvelle \u00e9conomie o\u00f9 des acteurs des affaires, du gouvernement, des associations et des entreprises sociales travaillent ensemble pour r\u00e9soudre ces probl\u00e8mes en \u00e9changeant des solutions plut\u00f4t que des fonds, que ce soit pour \u00e9radiquer le paludisme en Afrique ou r\u00e9duire les embouteillages en Californie.<\/p>\n","protected":false},"excerpt":{"rendered":"<p>Un mod\u00e8le \u00e9conomique collaboratif pour r\u00e9soudre des probl\u00e8mes sociaux majeurs, unissant divers acteurs pour des solutions innovantes.<\/p>\n","protected":false},"featured_media":18632,"comment_status":"open","ping_status":"closed","template":"","meta":{"inline_featured_image":false},"product_cat":[204,91],"product_tag":[],"class_list":{"0":"post-18630","1":"product","2":"type-product","3":"status-publish","4":"has-post-thumbnail","6":"product_cat-francais","7":"product_cat-developpement","8":"pa_auteurs-william-d-eggers-et-paul-macmillan","10":"first","11":"instock","12":"shipping-taxable","13":"purchasable","14":"product-type-simple"},"_links":{"self":[{"href":"https:\/\/baralivres.ma\/index.php?rest_route=\/wp\/v2\/product\/18630","targetHints":{"allow":["GET"]}}],"collection":[{"href":"https:\/\/baralivres.ma\/index.php?rest_route=\/wp\/v2\/product"}],"about":[{"href":"https:\/\/baralivres.ma\/index.php?rest_route=\/wp\/v2\/types\/product"}],"replies":[{"embeddable":true,"href":"https:\/\/baralivres.ma\/index.php?rest_route=%2Fwp%2Fv2%2Fcomments&post=18630"}],"version-history":[{"count":2,"href":"https:\/\/baralivres.ma\/index.php?rest_route=\/wp\/v2\/product\/18630\/revisions"}],"predecessor-version":[{"id":18635,"href":"https:\/\/baralivres.ma\/index.php?rest_route=\/wp\/v2\/product\/18630\/revisions\/18635"}],"wp:featuredmedia":[{"embeddable":true,"href":"https:\/\/baralivres.ma\/index.php?rest_route=\/wp\/v2\/media\/18632"}],"wp:attachment":[{"href":"https:\/\/baralivres.ma\/index.php?rest_route=%2Fwp%2Fv2%2Fmedia&parent=18630"}],"wp:term":[{"taxonomy":"product_cat","embeddable":true,"href":"https:\/\/baralivres.ma\/index.php?rest_route=%2Fwp%2Fv2%2Fproduct_cat&post=18630"},{"taxonomy":"product_tag","embeddable":true,"href":"https:\/\/baralivres.ma\/index.php?rest_route=%2Fwp%2Fv2%2Fproduct_tag&post=18630"}],"curies":[{"name":"wp","href":"https:\/\/api.w.org\/{rel}","templated":true}]}}