{"id":18518,"date":"2023-11-03T12:44:12","date_gmt":"2023-11-03T11:44:12","guid":{"rendered":"https:\/\/baralivres.ma\/?post_type=product&#038;p=18518"},"modified":"2023-11-03T12:44:13","modified_gmt":"2023-11-03T11:44:13","slug":"you-and-me-on-vacation","status":"publish","type":"product","link":"https:\/\/baralivres.ma\/?product=you-and-me-on-vacation","title":{"rendered":"You and Me on Vacation"},"content":{"rendered":"<p>Il y a douze ans, Poppy et Alex se sont rencontr\u00e9s lors de leur premi\u00e8re ann\u00e9e \u00e0 l&rsquo;universit\u00e9. Leur premi\u00e8re rencontre n&rsquo;a pas \u00e9t\u00e9 des plus chaleureuses, mais au fil du temps, ils ont appris \u00e0 se conna\u00eetre et \u00e0 devenir amis. Ils ont m\u00eame conclu un pacte : chaque ann\u00e9e, ils partiront en vacances ensemble.<\/p>\n<p>Onze ans plus tard, lors de leur premier \u00e9t\u00e9 apr\u00e8s l&rsquo;universit\u00e9, ils se retrouvent \u00e0 partager un voyage en voiture de New York \u00e0 la Californie. Leur amiti\u00e9 se renforce, et il devient \u00e9vident qu&rsquo;il y a plus que de l&rsquo;amiti\u00e9 entre eux. Cependant, des circonstances impr\u00e9vues les \u00e9loignent.<\/p>\n<p>Au fil des ann\u00e9es, ils ont continu\u00e9 \u00e0 se voir en vacances, mais quelque chose a chang\u00e9. Poppy travaille comme journaliste de voyage, tandis qu&rsquo;Alex poursuit une carri\u00e8re dans la finance. Leur amiti\u00e9 est plus compliqu\u00e9e que jamais.<\/p>\n","protected":false},"excerpt":{"rendered":"<p>Il y a 12 ans, Poppy et Alex se sont rencontr\u00e9s, initialement en d\u00e9saccord. Puis, une amiti\u00e9 se d\u00e9veloppe, suivie d&rsquo;un pacte annuel de vacances. Cette ann\u00e9e, ils partent pour un dernier voyage, qui d\u00e9terminera leur avenir.<\/p>\n","protected":false},"featured_media":18519,"comment_status":"open","ping_status":"closed","template":"","meta":{"inline_featured_image":false},"product_cat":[209,91],"product_tag":[],"class_list":{"0":"post-18518","1":"product","2":"type-product","3":"status-publish","4":"has-post-thumbnail","6":"product_cat-enfant-adolescente-enfant-adolescente","7":"product_cat-developpement","8":"pa_auteurs-emily-henry","10":"first","11":"instock","12":"shipping-taxable","13":"purchasable","14":"product-type-simple"},"_links":{"self":[{"href":"https:\/\/baralivres.ma\/index.php?rest_route=\/wp\/v2\/product\/18518","targetHints":{"allow":["GET"]}}],"collection":[{"href":"https:\/\/baralivres.ma\/index.php?rest_route=\/wp\/v2\/product"}],"about":[{"href":"https:\/\/baralivres.ma\/index.php?rest_route=\/wp\/v2\/types\/product"}],"replies":[{"embeddable":true,"href":"https:\/\/baralivres.ma\/index.php?rest_route=%2Fwp%2Fv2%2Fcomments&post=18518"}],"version-history":[{"count":1,"href":"https:\/\/baralivres.ma\/index.php?rest_route=\/wp\/v2\/product\/18518\/revisions"}],"predecessor-version":[{"id":18520,"href":"https:\/\/baralivres.ma\/index.php?rest_route=\/wp\/v2\/product\/18518\/revisions\/18520"}],"wp:featuredmedia":[{"embeddable":true,"href":"https:\/\/baralivres.ma\/index.php?rest_route=\/wp\/v2\/media\/18519"}],"wp:attachment":[{"href":"https:\/\/baralivres.ma\/index.php?rest_route=%2Fwp%2Fv2%2Fmedia&parent=18518"}],"wp:term":[{"taxonomy":"product_cat","embeddable":true,"href":"https:\/\/baralivres.ma\/index.php?rest_route=%2Fwp%2Fv2%2Fproduct_cat&post=18518"},{"taxonomy":"product_tag","embeddable":true,"href":"https:\/\/baralivres.ma\/index.php?rest_route=%2Fwp%2Fv2%2Fproduct_tag&post=18518"}],"curies":[{"name":"wp","href":"https:\/\/api.w.org\/{rel}","templated":true}]}}