{"id":18440,"date":"2023-11-03T11:43:45","date_gmt":"2023-11-03T10:43:45","guid":{"rendered":"https:\/\/baralivres.ma\/?post_type=product&#038;p=18440"},"modified":"2023-11-03T11:43:45","modified_gmt":"2023-11-03T10:43:45","slug":"the-communication-book-44-ideas-for-better-conversations-every-day","status":"publish","type":"product","link":"https:\/\/baralivres.ma\/?product=the-communication-book-44-ideas-for-better-conversations-every-day","title":{"rendered":"The Communication Book: 44 Ideas for Better Conversations Every Day"},"content":{"rendered":"<p>Dans \u00ab\u00a0The Communication Book\u00a0\u00bb, Mikael Krogerus et Roman Tsch\u00e4ppeler passent en revue 44 th\u00e9ories de la communication, offrant des conseils pratiques pour des conversations plus efficaces, des r\u00e9unions productives, et des n\u00e9gociations fructueuses. Le livre couvre divers aspects de la communication, allant du travail aux relations personnelles, en passant par l&rsquo;art de la conversation et la ma\u00eetrise de l&rsquo;art de l&rsquo;introspection. Que vous souhaitiez am\u00e9liorer vos comp\u00e9tences en communication, mieux pr\u00e9senter vos id\u00e9es ou simplement interagir plus efficacement avec les autres, ce livre compact offre une mine d&rsquo;informations pratiques pour vous aider \u00e0 atteindre vos objectifs en mati\u00e8re de communication.<\/p>\n","protected":false},"excerpt":{"rendered":"<p>Am\u00e9liorez vos conversations en posant des questions ouvertes, vos r\u00e9unions en interdisant les smartphones, vos affaires en vous concentrant sur l&rsquo;essentiel.<\/p>\n","protected":false},"featured_media":18446,"comment_status":"open","ping_status":"closed","template":"","meta":{"inline_featured_image":false},"product_cat":[209,91],"product_tag":[],"class_list":{"0":"post-18440","1":"product","2":"type-product","3":"status-publish","4":"has-post-thumbnail","6":"product_cat-enfant-adolescente-enfant-adolescente","7":"product_cat-developpement","8":"pa_auteurs-mikael-krogerus","10":"first","11":"instock","12":"shipping-taxable","13":"purchasable","14":"product-type-simple"},"_links":{"self":[{"href":"https:\/\/baralivres.ma\/index.php?rest_route=\/wp\/v2\/product\/18440","targetHints":{"allow":["GET"]}}],"collection":[{"href":"https:\/\/baralivres.ma\/index.php?rest_route=\/wp\/v2\/product"}],"about":[{"href":"https:\/\/baralivres.ma\/index.php?rest_route=\/wp\/v2\/types\/product"}],"replies":[{"embeddable":true,"href":"https:\/\/baralivres.ma\/index.php?rest_route=%2Fwp%2Fv2%2Fcomments&post=18440"}],"version-history":[{"count":1,"href":"https:\/\/baralivres.ma\/index.php?rest_route=\/wp\/v2\/product\/18440\/revisions"}],"predecessor-version":[{"id":18447,"href":"https:\/\/baralivres.ma\/index.php?rest_route=\/wp\/v2\/product\/18440\/revisions\/18447"}],"wp:featuredmedia":[{"embeddable":true,"href":"https:\/\/baralivres.ma\/index.php?rest_route=\/wp\/v2\/media\/18446"}],"wp:attachment":[{"href":"https:\/\/baralivres.ma\/index.php?rest_route=%2Fwp%2Fv2%2Fmedia&parent=18440"}],"wp:term":[{"taxonomy":"product_cat","embeddable":true,"href":"https:\/\/baralivres.ma\/index.php?rest_route=%2Fwp%2Fv2%2Fproduct_cat&post=18440"},{"taxonomy":"product_tag","embeddable":true,"href":"https:\/\/baralivres.ma\/index.php?rest_route=%2Fwp%2Fv2%2Fproduct_tag&post=18440"}],"curies":[{"name":"wp","href":"https:\/\/api.w.org\/{rel}","templated":true}]}}