{"id":18432,"date":"2023-11-03T11:41:12","date_gmt":"2023-11-03T10:41:12","guid":{"rendered":"https:\/\/baralivres.ma\/?post_type=product&#038;p=18432"},"modified":"2023-11-03T11:41:12","modified_gmt":"2023-11-03T10:41:12","slug":"what-women-want","status":"publish","type":"product","link":"https:\/\/baralivres.ma\/?product=what-women-want","title":{"rendered":"What Women Want"},"content":{"rendered":"<div class=\"group w-full text-token-text-primary border-b border-black\/10 gizmo:border-0 dark:border-gray-900\/50 gizmo:dark:border-0 bg-gray-50 gizmo:bg-transparent dark:bg-[#444654] gizmo:dark:bg-transparent\" data-testid=\"conversation-turn-116\">\n<div class=\"p-4 gizmo:py-2 justify-center text-base md:gap-6 md:py-6 m-auto\">\n<div class=\"flex flex-1 gap-4 text-base mx-auto md:gap-6 gizmo:gap-3 gizmo:md:px-5 gizmo:lg:px-1 gizmo:xl:px-5 md:max-w-2xl lg:max-w-[38rem] gizmo:md:max-w-3xl gizmo:lg:max-w-[40rem] gizmo:xl:max-w-[48rem] xl:max-w-3xl }\">\n<div class=\"relative flex w-[calc(100%-50px)] flex-col gizmo:w-full lg:w-[calc(100%-115px)] agent-turn\">\n<div class=\"flex-col gap-1 md:gap-3\">\n<div class=\"flex flex-grow flex-col gap-3 max-w-full\">\n<div class=\"min-h-[20px] flex flex-col items-start gap-3 whitespace-pre-wrap break-words overflow-x-auto\" data-message-author-role=\"assistant\" data-message-id=\"a9b3cdf2-a7b9-4cbc-93c0-c1d444986078\">\n<div class=\"markdown prose w-full break-words dark:prose-invert light\">\n<p>\u00c0 travers les histoires profondes et \u00e9mouvantes de sept femmes tr\u00e8s diff\u00e9rentes, Maxine Mei-Fung Chung \u00e9claire nos besoins et d\u00e9sirs les plus fondamentaux. De la jeune mari\u00e9e en devenir qui peine \u00e0 accepter sa sexualit\u00e9 \u00e0 la m\u00e8re confront\u00e9e \u00e0 des questions d&rsquo;identit\u00e9 et d&rsquo;appartenance, en passant par une femme apprenant \u00e0 gu\u00e9rir apr\u00e8s des ann\u00e9es de traumatisme, What Women Want est une exploration \u00e9lectrisante et profond\u00e9ment intime de la vie int\u00e9rieure des femmes.<\/p>\n<p>Bas\u00e9 sur des heures de conversations entre Maxine et ses patientes, ce livre d\u00e9voile nos peurs, espoirs, secrets et capacit\u00e9s de gu\u00e9rison. Avec une grande empathie et pr\u00e9cision, What Women Want offre un regard audacieux sur les profondeurs de notre \u00eatre, afin que nous puissions mieux nous comprendre mutuellement et nous-m\u00eames.<\/p>\n<p>D\u00e9sirer est une action. Ce livre extraordinaire nous lib\u00e8re et nous donne le pouvoir de revendiquer ce que nous voulons vraiment.<\/p>\n<\/div>\n<\/div>\n<\/div>\n<div class=\"flex justify-between empty:hidden gizmo:justify-start gizmo:gap-3 lg:block gizmo:lg:flex\">\n<div class=\"text-gray-400 flex self-end lg:self-center justify-center gizmo:lg:justify-start mt-2 gizmo:mt-0 visible lg:gap-1 lg:absolute lg:top-0 lg:translate-x-full lg:right-0 lg:mt-0 lg:pl-2 gap-2 md:gap-3\"><button class=\"flex ml-auto gizmo:ml-0 gap-2 items-center rounded-md p-1 text-xs gizmo:gap-1.5 gizmo:pl-0 dark:text-gray-400 dark:hover:text-gray-200 disabled:dark:hover:text-gray-400 hover:text-gray-700\"><\/button><\/p>\n<div class=\"flex gap-1\"><\/div>\n<\/div>\n<\/div>\n<\/div>\n<\/div>\n<\/div>\n<\/div>\n<\/div>\n","protected":false},"excerpt":{"rendered":"<p>\u00ab\u00a0Challenges\u00a0\u00bb explore les comportements et comp\u00e9tences des vendeurs performants, mettant en avant les \u00ab\u00a0challengers\u00a0\u00bb efficaces.<\/p>\n","protected":false},"featured_media":18437,"comment_status":"open","ping_status":"closed","template":"","meta":{"inline_featured_image":false},"product_cat":[209,91],"product_tag":[],"class_list":{"0":"post-18432","1":"product","2":"type-product","3":"status-publish","4":"has-post-thumbnail","6":"product_cat-enfant-adolescente-enfant-adolescente","7":"product_cat-developpement","8":"pa_auteurs-maxine-mei-fung-chung","10":"first","11":"instock","12":"shipping-taxable","13":"purchasable","14":"product-type-simple"},"_links":{"self":[{"href":"https:\/\/baralivres.ma\/index.php?rest_route=\/wp\/v2\/product\/18432","targetHints":{"allow":["GET"]}}],"collection":[{"href":"https:\/\/baralivres.ma\/index.php?rest_route=\/wp\/v2\/product"}],"about":[{"href":"https:\/\/baralivres.ma\/index.php?rest_route=\/wp\/v2\/types\/product"}],"replies":[{"embeddable":true,"href":"https:\/\/baralivres.ma\/index.php?rest_route=%2Fwp%2Fv2%2Fcomments&post=18432"}],"version-history":[{"count":1,"href":"https:\/\/baralivres.ma\/index.php?rest_route=\/wp\/v2\/product\/18432\/revisions"}],"predecessor-version":[{"id":18439,"href":"https:\/\/baralivres.ma\/index.php?rest_route=\/wp\/v2\/product\/18432\/revisions\/18439"}],"wp:featuredmedia":[{"embeddable":true,"href":"https:\/\/baralivres.ma\/index.php?rest_route=\/wp\/v2\/media\/18437"}],"wp:attachment":[{"href":"https:\/\/baralivres.ma\/index.php?rest_route=%2Fwp%2Fv2%2Fmedia&parent=18432"}],"wp:term":[{"taxonomy":"product_cat","embeddable":true,"href":"https:\/\/baralivres.ma\/index.php?rest_route=%2Fwp%2Fv2%2Fproduct_cat&post=18432"},{"taxonomy":"product_tag","embeddable":true,"href":"https:\/\/baralivres.ma\/index.php?rest_route=%2Fwp%2Fv2%2Fproduct_tag&post=18432"}],"curies":[{"name":"wp","href":"https:\/\/api.w.org\/{rel}","templated":true}]}}