{"id":18020,"date":"2023-11-02T16:30:56","date_gmt":"2023-11-02T15:30:56","guid":{"rendered":"https:\/\/baralivres.ma\/?post_type=product&#038;p=18020"},"modified":"2023-11-07T11:22:38","modified_gmt":"2023-11-07T10:22:38","slug":"power-hour","status":"publish","type":"product","link":"https:\/\/baralivres.ma\/?product=power-hour","title":{"rendered":"Power Hour"},"content":{"rendered":"<p>Das Konzept der Power Hour ist einfach, aber genial: Widme eine Stunde t\u00e4glich und du wirst ein gl\u00fccklicheres Leben f\u00fchren. Adrienne Herbert zeigt anhand vieler Beispiele, wie man diese Kraftstunde in den Alltag integrieren kann, um klare Ziele zu setzen und sie schrittweise zu erreichen. Die Einf\u00fchrung der Power Hour als neue Gewohnheit st\u00e4rkt zudem das Selbstvertrauen, verbessert das Immunsystem, f\u00f6rdert effektives Zeitmanagement und f\u00f6rt zu einer positiven Lebenshaltung.<\/p>\n","protected":false},"excerpt":{"rendered":"<p>\u00ab\u00a0Power Hour: Investiere eine Stunde t\u00e4glich f\u00fcr Gl\u00fcck, Ziele, Selbstbewusstsein, Gesundheit und positives Denken.\u00a0\u00bb<\/p>\n","protected":false},"featured_media":18023,"comment_status":"open","ping_status":"closed","template":"","meta":{"inline_featured_image":false},"product_cat":[209,91],"product_tag":[],"class_list":{"0":"post-18020","1":"product","2":"type-product","3":"status-publish","4":"has-post-thumbnail","6":"product_cat-enfant-adolescente-enfant-adolescente","7":"product_cat-developpement","8":"pa_auteurs-adrienne-herbert","10":"first","11":"instock","12":"shipping-taxable","13":"purchasable","14":"product-type-simple"},"_links":{"self":[{"href":"https:\/\/baralivres.ma\/index.php?rest_route=\/wp\/v2\/product\/18020","targetHints":{"allow":["GET"]}}],"collection":[{"href":"https:\/\/baralivres.ma\/index.php?rest_route=\/wp\/v2\/product"}],"about":[{"href":"https:\/\/baralivres.ma\/index.php?rest_route=\/wp\/v2\/types\/product"}],"replies":[{"embeddable":true,"href":"https:\/\/baralivres.ma\/index.php?rest_route=%2Fwp%2Fv2%2Fcomments&post=18020"}],"version-history":[{"count":1,"href":"https:\/\/baralivres.ma\/index.php?rest_route=\/wp\/v2\/product\/18020\/revisions"}],"predecessor-version":[{"id":18024,"href":"https:\/\/baralivres.ma\/index.php?rest_route=\/wp\/v2\/product\/18020\/revisions\/18024"}],"wp:featuredmedia":[{"embeddable":true,"href":"https:\/\/baralivres.ma\/index.php?rest_route=\/wp\/v2\/media\/18023"}],"wp:attachment":[{"href":"https:\/\/baralivres.ma\/index.php?rest_route=%2Fwp%2Fv2%2Fmedia&parent=18020"}],"wp:term":[{"taxonomy":"product_cat","embeddable":true,"href":"https:\/\/baralivres.ma\/index.php?rest_route=%2Fwp%2Fv2%2Fproduct_cat&post=18020"},{"taxonomy":"product_tag","embeddable":true,"href":"https:\/\/baralivres.ma\/index.php?rest_route=%2Fwp%2Fv2%2Fproduct_tag&post=18020"}],"curies":[{"name":"wp","href":"https:\/\/api.w.org\/{rel}","templated":true}]}}