{"id":17862,"date":"2023-11-02T14:30:13","date_gmt":"2023-11-02T13:30:13","guid":{"rendered":"https:\/\/baralivres.ma\/?post_type=product&#038;p=17862"},"modified":"2023-11-03T16:35:04","modified_gmt":"2023-11-03T15:35:04","slug":"the-little-prince","status":"publish","type":"product","link":"https:\/\/baralivres.ma\/?product=the-little-prince","title":{"rendered":"The Little Prince"},"content":{"rendered":"<p>Cuando un aviador se ve obligado a realizar un aterrizaje forzoso en el desierto del Sahara, se encuentra con un peque\u00f1o pr\u00edncipe proveniente de otro planeta. Este viajero interplanetario est\u00e1 explorando el universo y descubriendo las extra\u00f1as percepciones de los adultos sobre la vida.<\/p>\n<p>El peque\u00f1o pr\u00edncipe comparte relatos de su propio mundo, con sus tres volcanes y una flor altiva, mientras va aprendiendo sobre el valor del amor y la amistad.<\/p>\n<p>Esta f\u00e1bula atemporal, apta para todas las edades, est\u00e1 acompa\u00f1ada de hermosas ilustraciones creadas por el autor.<\/p>\n","protected":false},"excerpt":{"rendered":"<p>Aviator meets interplanetary prince, learns about love, friendship, and adult perceptions. Timeless tale with illustrations.<\/p>\n","protected":false},"featured_media":17863,"comment_status":"open","ping_status":"closed","template":"","meta":{"inline_featured_image":false},"product_cat":[203,209],"product_tag":[],"class_list":{"0":"post-17862","1":"product","2":"type-product","3":"status-publish","4":"has-post-thumbnail","6":"product_cat-adolescente","7":"product_cat-enfant-adolescente-enfant-adolescente","8":"pa_auteurs-antoine-de-saint-exupery","10":"first","11":"instock","12":"shipping-taxable","13":"purchasable","14":"product-type-simple"},"_links":{"self":[{"href":"https:\/\/baralivres.ma\/index.php?rest_route=\/wp\/v2\/product\/17862","targetHints":{"allow":["GET"]}}],"collection":[{"href":"https:\/\/baralivres.ma\/index.php?rest_route=\/wp\/v2\/product"}],"about":[{"href":"https:\/\/baralivres.ma\/index.php?rest_route=\/wp\/v2\/types\/product"}],"replies":[{"embeddable":true,"href":"https:\/\/baralivres.ma\/index.php?rest_route=%2Fwp%2Fv2%2Fcomments&post=17862"}],"version-history":[{"count":1,"href":"https:\/\/baralivres.ma\/index.php?rest_route=\/wp\/v2\/product\/17862\/revisions"}],"predecessor-version":[{"id":17864,"href":"https:\/\/baralivres.ma\/index.php?rest_route=\/wp\/v2\/product\/17862\/revisions\/17864"}],"wp:featuredmedia":[{"embeddable":true,"href":"https:\/\/baralivres.ma\/index.php?rest_route=\/wp\/v2\/media\/17863"}],"wp:attachment":[{"href":"https:\/\/baralivres.ma\/index.php?rest_route=%2Fwp%2Fv2%2Fmedia&parent=17862"}],"wp:term":[{"taxonomy":"product_cat","embeddable":true,"href":"https:\/\/baralivres.ma\/index.php?rest_route=%2Fwp%2Fv2%2Fproduct_cat&post=17862"},{"taxonomy":"product_tag","embeddable":true,"href":"https:\/\/baralivres.ma\/index.php?rest_route=%2Fwp%2Fv2%2Fproduct_tag&post=17862"}],"curies":[{"name":"wp","href":"https:\/\/api.w.org\/{rel}","templated":true}]}}