{"id":17778,"date":"2023-11-02T12:39:17","date_gmt":"2023-11-02T11:39:17","guid":{"rendered":"https:\/\/baralivres.ma\/?post_type=product&#038;p=17778"},"modified":"2025-04-17T15:35:51","modified_gmt":"2025-04-17T14:35:51","slug":"dont-let-go","status":"publish","type":"product","link":"https:\/\/baralivres.ma\/?product=dont-let-go","title":{"rendered":"Don&rsquo;t Let Go"},"content":{"rendered":"<p>Le d\u00e9tective Nap Dumas de la banlieue du New Jersey a \u00e9t\u00e9 hant\u00e9 par la mort de son fr\u00e8re jumeau Leo et de sa petite amie Diana depuis leur adolescence. Il a \u00e9galement cherch\u00e9 Maura, l&rsquo;amour de sa vie, disparue sans explication. Apr\u00e8s quinze ans de recherche, les empreintes digitales de Maura apparaissent dans la voiture de location d&rsquo;un meurtrier pr\u00e9sum\u00e9. Nap se lance dans une qu\u00eate pour d\u00e9couvrir la v\u00e9rit\u00e9 sur la disparition de Maura, mais plus il creuse, plus il d\u00e9couvre de questions sans r\u00e9ponses. Les secrets sombres de son pass\u00e9, les amis d&rsquo;enfance qu&rsquo;il pensait conna\u00eetre, la base militaire abandonn\u00e9e pr\u00e8s de sa ville natale, tout semble li\u00e9 \u00e0 une histoire encore plus sinistre que tout ce qu&rsquo;il avait imagin\u00e9.<\/p>\n","protected":false},"excerpt":{"rendered":"<p>Le d\u00e9tective Nap Dumas recherche sa petite amie disparue et d\u00e9couvre des secrets sombres de son pass\u00e9.<\/p>\n","protected":false},"featured_media":17793,"comment_status":"open","ping_status":"closed","template":"","meta":{"inline_featured_image":false},"product_cat":[3874,143],"product_tag":[],"class_list":{"0":"post-17778","1":"product","2":"type-product","3":"status-publish","4":"has-post-thumbnail","6":"product_cat-roman-en-anglais","7":"product_cat-roman","8":"pa_auteurs-harlan-coben","10":"first","11":"instock","12":"shipping-taxable","13":"purchasable","14":"product-type-simple"},"_links":{"self":[{"href":"https:\/\/baralivres.ma\/index.php?rest_route=\/wp\/v2\/product\/17778","targetHints":{"allow":["GET"]}}],"collection":[{"href":"https:\/\/baralivres.ma\/index.php?rest_route=\/wp\/v2\/product"}],"about":[{"href":"https:\/\/baralivres.ma\/index.php?rest_route=\/wp\/v2\/types\/product"}],"replies":[{"embeddable":true,"href":"https:\/\/baralivres.ma\/index.php?rest_route=%2Fwp%2Fv2%2Fcomments&post=17778"}],"version-history":[{"count":1,"href":"https:\/\/baralivres.ma\/index.php?rest_route=\/wp\/v2\/product\/17778\/revisions"}],"predecessor-version":[{"id":17794,"href":"https:\/\/baralivres.ma\/index.php?rest_route=\/wp\/v2\/product\/17778\/revisions\/17794"}],"wp:featuredmedia":[{"embeddable":true,"href":"https:\/\/baralivres.ma\/index.php?rest_route=\/wp\/v2\/media\/17793"}],"wp:attachment":[{"href":"https:\/\/baralivres.ma\/index.php?rest_route=%2Fwp%2Fv2%2Fmedia&parent=17778"}],"wp:term":[{"taxonomy":"product_cat","embeddable":true,"href":"https:\/\/baralivres.ma\/index.php?rest_route=%2Fwp%2Fv2%2Fproduct_cat&post=17778"},{"taxonomy":"product_tag","embeddable":true,"href":"https:\/\/baralivres.ma\/index.php?rest_route=%2Fwp%2Fv2%2Fproduct_tag&post=17778"}],"curies":[{"name":"wp","href":"https:\/\/api.w.org\/{rel}","templated":true}]}}