{"id":17628,"date":"2023-11-02T11:14:53","date_gmt":"2023-11-02T10:14:53","guid":{"rendered":"https:\/\/baralivres.ma\/?post_type=product&#038;p=17628"},"modified":"2023-11-02T11:14:56","modified_gmt":"2023-11-02T10:14:56","slug":"timeriders-the-doomsday-code","status":"publish","type":"product","link":"https:\/\/baralivres.ma\/?product=timeriders-the-doomsday-code","title":{"rendered":"TimeRiders: The Doomsday Code"},"content":{"rendered":"<p>Liam O&rsquo;Connor was meant to meet his fate at sea in 1912. Maddy Carter&rsquo;s destiny was entwined with a plane crash in 2010, and Sal Vikram was supposed to perish in a fire in 2026. However, all three have been granted a second lease on life through a clandestine agency shrouded in secrecy, tasked with safeguarding history from the perils of time travel.<\/p>\n<p>In 1993, a British computer hacker named Adam Lewis stumbles upon an enigmatic manuscript dating back nearly a millennium, wherein his own name is mysteriously encoded. How did Adam&rsquo;s name find its way into this ancient document, and what could be the underlying reason?<\/p>\n<p>Challenged by Adam in 2001, the TimeRiders embark on a journey to Sherwood Forest in 1193 to uncover the origins of this ancient message. Yet, as they delve deeper into the past, a mysterious cloaked figure emerges, showing a keen interest in the same enigma, prompting them to ponder the ominous threat that this cryptic connection from the past may pose to the future.<\/p>\n","protected":false},"excerpt":{"rendered":"<p>Trois destin\u00e9es contrari\u00e9es, sauv\u00e9es par une agence secr\u00e8te : pr\u00e9venir les ravages du voyage temporel dans l&rsquo;histoire.<\/p>\n","protected":false},"featured_media":17629,"comment_status":"open","ping_status":"closed","template":"","meta":{"inline_featured_image":false},"product_cat":[203,209],"product_tag":[],"class_list":{"0":"post-17628","1":"product","2":"type-product","3":"status-publish","4":"has-post-thumbnail","6":"product_cat-adolescente","7":"product_cat-enfant-adolescente-enfant-adolescente","8":"pa_auteurs-alex-scarrow","10":"first","11":"instock","12":"shipping-taxable","13":"purchasable","14":"product-type-simple"},"_links":{"self":[{"href":"https:\/\/baralivres.ma\/index.php?rest_route=\/wp\/v2\/product\/17628","targetHints":{"allow":["GET"]}}],"collection":[{"href":"https:\/\/baralivres.ma\/index.php?rest_route=\/wp\/v2\/product"}],"about":[{"href":"https:\/\/baralivres.ma\/index.php?rest_route=\/wp\/v2\/types\/product"}],"replies":[{"embeddable":true,"href":"https:\/\/baralivres.ma\/index.php?rest_route=%2Fwp%2Fv2%2Fcomments&post=17628"}],"version-history":[{"count":1,"href":"https:\/\/baralivres.ma\/index.php?rest_route=\/wp\/v2\/product\/17628\/revisions"}],"predecessor-version":[{"id":17635,"href":"https:\/\/baralivres.ma\/index.php?rest_route=\/wp\/v2\/product\/17628\/revisions\/17635"}],"wp:featuredmedia":[{"embeddable":true,"href":"https:\/\/baralivres.ma\/index.php?rest_route=\/wp\/v2\/media\/17629"}],"wp:attachment":[{"href":"https:\/\/baralivres.ma\/index.php?rest_route=%2Fwp%2Fv2%2Fmedia&parent=17628"}],"wp:term":[{"taxonomy":"product_cat","embeddable":true,"href":"https:\/\/baralivres.ma\/index.php?rest_route=%2Fwp%2Fv2%2Fproduct_cat&post=17628"},{"taxonomy":"product_tag","embeddable":true,"href":"https:\/\/baralivres.ma\/index.php?rest_route=%2Fwp%2Fv2%2Fproduct_tag&post=17628"}],"curies":[{"name":"wp","href":"https:\/\/api.w.org\/{rel}","templated":true}]}}