{"id":17616,"date":"2023-11-02T11:11:16","date_gmt":"2023-11-02T10:11:16","guid":{"rendered":"https:\/\/baralivres.ma\/?post_type=product&#038;p=17616"},"modified":"2023-11-02T11:11:17","modified_gmt":"2023-11-02T10:11:17","slug":"timeriders-gates-of-rome","status":"publish","type":"product","link":"https:\/\/baralivres.ma\/?product=timeriders-gates-of-rome","title":{"rendered":"TimeRiders: Gates of Rome"},"content":{"rendered":"<p>Liam O&rsquo;Connor was meant to meet his fate at sea in 1912.<\/p>\n<p>Maddy Carter was destined for an airplane crash in 2010.<\/p>\n<p>Sal Vikram should have perished in a fire in 2026.<\/p>\n<p>Yet, destiny had other plans for them, granting them a second lease on life, an opportunity to serve a covert agency concealed from the world&rsquo;s knowledge.<\/p>\n<p>Their mission: to safeguard history from the perils of time travel.<\/p>\n","protected":false},"excerpt":{"rendered":"<p>Trois individuals devraient \u00eatre morts \u00e0 diff\u00e9rents moments, mais sont recrut\u00e9s pour pr\u00e9server l&rsquo;histoire du voyage temporel.<\/p>\n","protected":false},"featured_media":17617,"comment_status":"open","ping_status":"closed","template":"","meta":{"inline_featured_image":false},"product_cat":[203,209],"product_tag":[],"class_list":{"0":"post-17616","1":"product","2":"type-product","3":"status-publish","4":"has-post-thumbnail","6":"product_cat-adolescente","7":"product_cat-enfant-adolescente-enfant-adolescente","8":"pa_auteurs-alex-scarrow","10":"first","11":"instock","12":"shipping-taxable","13":"purchasable","14":"product-type-simple"},"_links":{"self":[{"href":"https:\/\/baralivres.ma\/index.php?rest_route=\/wp\/v2\/product\/17616","targetHints":{"allow":["GET"]}}],"collection":[{"href":"https:\/\/baralivres.ma\/index.php?rest_route=\/wp\/v2\/product"}],"about":[{"href":"https:\/\/baralivres.ma\/index.php?rest_route=\/wp\/v2\/types\/product"}],"replies":[{"embeddable":true,"href":"https:\/\/baralivres.ma\/index.php?rest_route=%2Fwp%2Fv2%2Fcomments&post=17616"}],"version-history":[{"count":1,"href":"https:\/\/baralivres.ma\/index.php?rest_route=\/wp\/v2\/product\/17616\/revisions"}],"predecessor-version":[{"id":17624,"href":"https:\/\/baralivres.ma\/index.php?rest_route=\/wp\/v2\/product\/17616\/revisions\/17624"}],"wp:featuredmedia":[{"embeddable":true,"href":"https:\/\/baralivres.ma\/index.php?rest_route=\/wp\/v2\/media\/17617"}],"wp:attachment":[{"href":"https:\/\/baralivres.ma\/index.php?rest_route=%2Fwp%2Fv2%2Fmedia&parent=17616"}],"wp:term":[{"taxonomy":"product_cat","embeddable":true,"href":"https:\/\/baralivres.ma\/index.php?rest_route=%2Fwp%2Fv2%2Fproduct_cat&post=17616"},{"taxonomy":"product_tag","embeddable":true,"href":"https:\/\/baralivres.ma\/index.php?rest_route=%2Fwp%2Fv2%2Fproduct_tag&post=17616"}],"curies":[{"name":"wp","href":"https:\/\/api.w.org\/{rel}","templated":true}]}}