{"id":17575,"date":"2023-11-02T10:56:42","date_gmt":"2023-11-02T09:56:42","guid":{"rendered":"https:\/\/baralivres.ma\/?post_type=product&#038;p=17575"},"modified":"2023-11-02T10:56:42","modified_gmt":"2023-11-02T09:56:42","slug":"timeriders-city-of-shadows","status":"publish","type":"product","link":"https:\/\/baralivres.ma\/?product=timeriders-city-of-shadows","title":{"rendered":"TimeRiders: City of Shadows"},"content":{"rendered":"<p>Liam O&rsquo;Connor&rsquo;s fate should have been sealed at sea in 1912. Maddy Carter&rsquo;s destiny was meant to end on a plane in 2010. Sal Vikram should have perished in a fiery blaze in 2026.<\/p>\n<p>Yet, against all odds, these three individuals have been granted a second lease on life, recruited into an enigmatic organization that operates in secrecy. Their mission: to safeguard the integrity of history by preventing the havoc caused by time travel.<\/p>\n<p>Pursued relentlessly by cyborg assassins from the distant future, the TimeRiders are compelled to flee New York, seeking refuge in the bustling streets of Victorian London, where Jack the Ripper&rsquo;s shadow still lingers. However, as they endeavor to establish their new sanctuary, they stumble upon a revelation so profound that it will redefine everything they know.<\/p>\n","protected":false},"excerpt":{"rendered":"<p>Trois destin\u00e9es sauv\u00e9es, agents secrets du temps, fuite \u00e0 l&rsquo;\u00e9poque victorienne, r\u00e9v\u00e9lation bouleversante, myst\u00e9rieuse organisation.<\/p>\n","protected":false},"featured_media":17587,"comment_status":"open","ping_status":"closed","template":"","meta":{"inline_featured_image":false},"product_cat":[203,209],"product_tag":[],"class_list":{"0":"post-17575","1":"product","2":"type-product","3":"status-publish","4":"has-post-thumbnail","6":"product_cat-adolescente","7":"product_cat-enfant-adolescente-enfant-adolescente","8":"pa_auteurs-alex-scarrow","10":"first","11":"instock","12":"shipping-taxable","13":"purchasable","14":"product-type-simple"},"_links":{"self":[{"href":"https:\/\/baralivres.ma\/index.php?rest_route=\/wp\/v2\/product\/17575","targetHints":{"allow":["GET"]}}],"collection":[{"href":"https:\/\/baralivres.ma\/index.php?rest_route=\/wp\/v2\/product"}],"about":[{"href":"https:\/\/baralivres.ma\/index.php?rest_route=\/wp\/v2\/types\/product"}],"replies":[{"embeddable":true,"href":"https:\/\/baralivres.ma\/index.php?rest_route=%2Fwp%2Fv2%2Fcomments&post=17575"}],"version-history":[{"count":1,"href":"https:\/\/baralivres.ma\/index.php?rest_route=\/wp\/v2\/product\/17575\/revisions"}],"predecessor-version":[{"id":17588,"href":"https:\/\/baralivres.ma\/index.php?rest_route=\/wp\/v2\/product\/17575\/revisions\/17588"}],"wp:featuredmedia":[{"embeddable":true,"href":"https:\/\/baralivres.ma\/index.php?rest_route=\/wp\/v2\/media\/17587"}],"wp:attachment":[{"href":"https:\/\/baralivres.ma\/index.php?rest_route=%2Fwp%2Fv2%2Fmedia&parent=17575"}],"wp:term":[{"taxonomy":"product_cat","embeddable":true,"href":"https:\/\/baralivres.ma\/index.php?rest_route=%2Fwp%2Fv2%2Fproduct_cat&post=17575"},{"taxonomy":"product_tag","embeddable":true,"href":"https:\/\/baralivres.ma\/index.php?rest_route=%2Fwp%2Fv2%2Fproduct_tag&post=17575"}],"curies":[{"name":"wp","href":"https:\/\/api.w.org\/{rel}","templated":true}]}}