{"id":17503,"date":"2023-11-01T18:04:13","date_gmt":"2023-11-01T17:04:13","guid":{"rendered":"https:\/\/baralivres.ma\/?post_type=product&#038;p=17503"},"modified":"2023-11-01T18:04:14","modified_gmt":"2023-11-01T17:04:14","slug":"eloge-de-loptimisme","status":"publish","type":"product","link":"https:\/\/baralivres.ma\/?product=eloge-de-loptimisme","title":{"rendered":"\u00c9loge de l&rsquo;optimisme"},"content":{"rendered":"<p>Dans une \u00e9poque marqu\u00e9e par le pessimisme ambiant, il est essentiel de red\u00e9couvrir l&rsquo;optimisme, un trait de caract\u00e8re qui a un impact significatif sur notre vitalit\u00e9, notre qualit\u00e9 de vie, notre relation avec autrui, notre sant\u00e9 et notre long\u00e9vit\u00e9. Les recherches en psychologie et en m\u00e9decine ont clairement \u00e9tabli l&rsquo;importance de l&rsquo;optimisme. Cet ouvrage invite \u00e0 adopter l&rsquo;optimisme non seulement comme une mani\u00e8re de penser, mais aussi comme un mode de ressenti, de communication et de prise de d\u00e9cision. Il d\u00e9montre que l&rsquo;optimisme est l&rsquo;art de vivre par excellence pour le XXIe si\u00e8cle.<\/p>\n","protected":false},"excerpt":{"rendered":"<p>L&rsquo;optimisme, cl\u00e9 du bien-\u00eatre, de la sant\u00e9 et du succ\u00e8s, m\u00e9rite une place centrale dans notre vie.<\/p>\n","protected":false},"featured_media":17510,"comment_status":"open","ping_status":"closed","template":"","meta":{"inline_featured_image":false},"product_cat":[204,91],"product_tag":[],"class_list":{"0":"post-17503","1":"product","2":"type-product","3":"status-publish","4":"has-post-thumbnail","6":"product_cat-francais","7":"product_cat-developpement","8":"pa_auteurs-philippe-gabilliet","10":"first","11":"instock","12":"shipping-taxable","13":"purchasable","14":"product-type-simple"},"_links":{"self":[{"href":"https:\/\/baralivres.ma\/index.php?rest_route=\/wp\/v2\/product\/17503","targetHints":{"allow":["GET"]}}],"collection":[{"href":"https:\/\/baralivres.ma\/index.php?rest_route=\/wp\/v2\/product"}],"about":[{"href":"https:\/\/baralivres.ma\/index.php?rest_route=\/wp\/v2\/types\/product"}],"replies":[{"embeddable":true,"href":"https:\/\/baralivres.ma\/index.php?rest_route=%2Fwp%2Fv2%2Fcomments&post=17503"}],"version-history":[{"count":1,"href":"https:\/\/baralivres.ma\/index.php?rest_route=\/wp\/v2\/product\/17503\/revisions"}],"predecessor-version":[{"id":17512,"href":"https:\/\/baralivres.ma\/index.php?rest_route=\/wp\/v2\/product\/17503\/revisions\/17512"}],"wp:featuredmedia":[{"embeddable":true,"href":"https:\/\/baralivres.ma\/index.php?rest_route=\/wp\/v2\/media\/17510"}],"wp:attachment":[{"href":"https:\/\/baralivres.ma\/index.php?rest_route=%2Fwp%2Fv2%2Fmedia&parent=17503"}],"wp:term":[{"taxonomy":"product_cat","embeddable":true,"href":"https:\/\/baralivres.ma\/index.php?rest_route=%2Fwp%2Fv2%2Fproduct_cat&post=17503"},{"taxonomy":"product_tag","embeddable":true,"href":"https:\/\/baralivres.ma\/index.php?rest_route=%2Fwp%2Fv2%2Fproduct_tag&post=17503"}],"curies":[{"name":"wp","href":"https:\/\/api.w.org\/{rel}","templated":true}]}}